{"id":312,"date":"2017-05-04T16:23:26","date_gmt":"2017-05-04T14:23:26","guid":{"rendered":"http:\/\/casa-amendoeira.com\/?page_id=312"},"modified":"2026-01-05T15:25:38","modified_gmt":"2026-01-05T13:25:38","slug":"rekreacni-domy-portugalsko","status":"publish","type":"page","link":"https:\/\/casa-amendoeira.com\/cs\/","title":{"rendered":"Rekrea\u010dn\u00ed domy Lagos, Portugalsko"},"content":{"rendered":"<div class=\"et_pb_section_0 et_pb_section et_pb_fullwidth_section et_section_regular et_block_section\"><section class=\"et_pb_fullwidth_header_0 et_pb_fullwidth_header et_pb_fullscreen et_pb_bg_layout_dark et_pb_text_align_center et_pb_section_parallax et_pb_module et_flex_module\"><span class=\"et-pb-parallax-wrapper\"><span class=\"et-pb-parallax-background et-pb-parallax-background-module--divi-fullwidth-header-0\" style=\"background-image:url(https:\/\/casa-amendoeira.com\/wp-content\/uploads\/2019\/04\/Bedroom2000_50.jpg)\"><\/span><\/span><div class=\"et_pb_fullwidth_header_container center\"><div class=\"header-content-container center\"><div class=\"header-content et_flex_module\"><h1 class=\"et_pb_module_header\">Objevte luxusn\u00ed rekrea\u010dn\u00ed domy v Lagosu pro rok 2026<\/h1><div class=\"et_pb_header_content_wrapper\"><p>Hled\u00e1te dokonal\u00e9 rekrea\u010dn\u00ed domy v Lagosu v srdci Algarve? Prozkoumejte na\u0161e dva kr\u00e1sn\u011b zrekonstruovan\u00e9 m\u011bstsk\u00e9 domy, kter\u00e9 se nach\u00e1zej\u00ed v historick\u00fdch hradb\u00e1ch m\u011bsta Lagos.<\/p>\n<\/div><div class=\"et_pb_header_button_wrapper\"><\/div><\/div><\/div><\/div><div class=\"et_pb_fullwidth_header_overlay\"><\/div><div class=\"et_pb_fullwidth_header_scroll\"><a class=\"scroll-down-container\" href=\"#\"><span class=\"scroll-down et-pb-icon\">;<\/span><\/a><\/div><\/section><\/div><div class=\"et_pb_section_1 et_pb_section et_section_regular et_block_section\"><div class=\"et_pb_row_0 et_pb_row et_block_row\"><div class=\"et_pb_column_0 et_pb_column et_pb_column_4_4 et-last-child et_block_column et_pb_css_mix_blend_mode_passthrough\"><div class=\"et_pb_code_0 et_pb_code et_pb_module\"><div class=\"et_pb_code_inner\"><h2>Pl\u00e1nov\u00e1n\u00ed dovolen\u00e9 v Lagosu v Portugalsku v roce 2026<\/h2><\/div><\/div><\/div><\/div><div class=\"et_pb_row_1 et_pb_row et_block_row\"><div class=\"et_pb_column_1 et_pb_column et_pb_column_3_5 et_block_column et_pb_css_mix_blend_mode_passthrough\"><div class=\"et_pb_code_1 et_pb_code et_pb_module\"><div class=\"et_pb_code_inner\"><p>Pronaj\u00edm\u00e1me dva kr\u00e1sn\u00e9 individu\u00e1ln\u00ed rekrea\u010dn\u00ed domy v portugalsk\u00e9m Lagosu. Oba se nach\u00e1zej\u00ed v kr\u00e1sn\u00e9m historick\u00e9m centru m\u011bsta, ale p\u0159esto na klidn\u00e9m m\u00edst\u011b.\nZ obou dom\u016f je to jen kousek na chr\u00e1n\u011bnou pl\u00e1\u017e Praia da Batata. Nedaleko je tak\u00e9 prostorn\u00e1 pl\u00e1\u017e Meia Praia.<br>\n<br>\nPortugalsk\u00e9 Algarve je pova\u017eov\u00e1no za nejl\u00e1kav\u011bj\u0161\u00ed a nejv\u0161estrann\u011bj\u0161\u00ed dovolenkovou destinaci v Evrop\u011b. A nen\u00ed to daleko ani do N\u011bmecka. Sta\u010d\u00ed dv\u011b a\u017e t\u0159i hodiny letu a stoj\u00edte na leti\u0161ti Faro.<\/p><\/div><\/div><\/div><div class=\"et_pb_column_2 et_pb_column et_pb_column_2_5 et-last-child et_block_column et_pb_css_mix_blend_mode_passthrough\"><div class=\"et_pb_image_0 et_pb_image et_pb_module et_block_module\"><a href=\"https:\/\/casa-amendoeira.com\/wp-content\/uploads\/2019\/09\/Praia_Da_Batata.jpg\" class=\"et_pb_lightbox_image\" alt=\"Holiday homes in Lagos\"><span class=\"et_pb_image_wrap\"><img decoding=\"async\" src=\"https:\/\/casa-amendoeira.com\/wp-content\/uploads\/2019\/09\/Praia_Da_Batata.jpg\" width=\"1200\" height=\"802\" class=\"wp-image-1496\" title=\"Rekrea\u010dn\u00ed domy v Lagos\" alt=\"Rekrea\u010dn\u00ed domy v Lagos\" \/><\/span><\/a><\/div><\/div><\/div><div class=\"et_pb_row_2 et_pb_row et_block_row\"><div class=\"et_pb_column_3 et_pb_column et_pb_column_4_4 et-last-child et_block_column et_pb_css_mix_blend_mode_passthrough\"><div class=\"et_pb_code_2 et_pb_code et_pb_module\"><div class=\"et_pb_code_inner\"><h2>Prozkoumejte n\u00e1\u0161 v\u00fdb\u011br rekrea\u010dn\u00edch objekt\u016f v Lagosu<\/h2><\/div><\/div><\/div><\/div><div class=\"et_pb_row_3 et_pb_row et_pb_gutters2 et_block_row\"><div class=\"et_pb_column_4 et_pb_column et_pb_column_1_2 et_block_column et_pb_css_mix_blend_mode_passthrough\"><div class=\"et_pb_blurb_0 et_pb_blurb et_pb_bg_layout_light et_pb_blurb_position_top et_clickable et_pb_module et_block_module\"><div class=\"et_pb_blurb_content\"><div class=\"et_pb_main_blurb_image\"><a href=\"https:\/\/casa-amendoeira.com\/en\/holiday-home-lagos\/\"><span class=\"et_pb_image_wrap et_pb_only_image_mode_wrap\"><img decoding=\"async\" src=\"https:\/\/casa-amendoeira.com\/wp-content\/uploads\/2018\/11\/CasaMasterBedroom.jpg\" width=\"1200\" height=\"802\" class=\"et-waypoint et_pb_animation_top et_pb_animation_top_tablet et_pb_animation_top_phone wp-image-335\" alt=\"Casa Amendoeira je kr\u00e1sn\u00fd rekrea\u010dn\u00ed d\u016fm v portugalsk\u00e9m Lagosu.\" title=\"\"><\/span><\/a><\/div><div class=\"et_pb_blurb_container\"><h3 class=\"et_pb_module_header\"><a href=\"https:\/\/casa-amendoeira.com\/en\/holiday-home-lagos\/\">Casa Amendoeira: V\u00e1\u0161 ide\u00e1ln\u00ed pr\u00e1zdninov\u00fd d\u016fm v Lagosu<\/a><\/h3><div class=\"et_pb_blurb_description\"><p>Poznejte kouzlo na\u0161eho rozs\u00e1hle zrekonstruovan\u00e9ho rekrea\u010dn\u00edho domu, kter\u00fd se nach\u00e1z\u00ed v srdci historick\u00e9ho centra portugalsk\u00e9ho Lagosu. Tento prostorn\u00fd d\u016fm o rozloze 100 m\u00b2 m\u00e1 dv\u011b lo\u017enice a pohodln\u011b se v n\u011bm mohou ubytovat a\u017e \u010dty\u0159i host\u00e9. T\u011b\u0161te se na rozlehlou panoramatickou st\u0159e\u0161n\u00ed terasu s \u00fachvatn\u00fdm v\u00fdhledem na mo\u0159e. Kr\u00e1sn\u00e1 pl\u00e1\u017e je vzd\u00e1len\u00e1 jen 10-15 minut ch\u016fze.<\/p>\n<\/div><\/div><\/div><\/div><div class=\"et_pb_module et_pb_button_module_wrapper et_pb_button_0_wrapper\"><a class=\"et_pb_button_0 et_pb_button et_pb_bg_layout_light et_pb_module et_block_module\" href=\"https:\/\/casa-amendoeira.com\/cs\/rekreacni-dum-lagos\/\">Zobrazit podrobnosti o Casa Amendoeira<\/a><\/div><\/div><div class=\"et_pb_column_5 et_pb_column et_pb_column_1_2 et-last-child et_block_column et_pb_css_mix_blend_mode_passthrough\"><div class=\"et_pb_blurb_1 et_pb_blurb et_pb_bg_layout_light et_pb_blurb_position_top et_clickable et_pb_module et_block_module\"><div class=\"et_pb_blurb_content\"><div class=\"et_pb_main_blurb_image\"><a href=\"https:\/\/casa-amendoeira.com\/en\/holiday-home-algarve\/\"><span class=\"et_pb_image_wrap et_pb_only_image_mode_wrap\"><img decoding=\"async\" src=\"https:\/\/casa-amendoeira.com\/wp-content\/uploads\/2018\/12\/L1002040.jpg\" width=\"3000\" height=\"2000\" class=\"et-waypoint et_pb_animation_top et_pb_animation_top_tablet et_pb_animation_top_phone wp-image-380\" alt=\"Dokonal\u00fd domov pro va\u0161i dovolenou v Algarve.\" title=\"\"><\/span><\/a><\/div><div class=\"et_pb_blurb_container\"><h3 class=\"et_pb_module_header\"><a href=\"https:\/\/casa-amendoeira.com\/en\/holiday-home-algarve\/\">Casinha Canal: Okouzluj\u00edc\u00ed rekrea\u010dn\u00ed d\u016fm v Lagosu<\/a><\/h3><div class=\"et_pb_blurb_description\"><p>Pono\u0159te se do na\u0161eho pr\u00e1zdninov\u00e9ho domu inspirovan\u00e9ho marock\u00fdmi prvky, kter\u00fd se nach\u00e1z\u00ed v historick\u00e9m centru Lagosu. Toto \u00fato\u010di\u0161t\u011b o rozloze 80 m\u00b2 nab\u00edz\u00ed jednu lo\u017enici, ve kter\u00e9 se pohodln\u011b ubytuj\u00ed a\u017e t\u0159i host\u00e9. K n\u00e1dhern\u00e9 pl\u00e1\u017ei je to odtud jen 10-15 minut klidn\u00e9 ch\u016fze.<\/p>\n<\/div><\/div><\/div><\/div><div class=\"et_pb_module et_pb_button_module_wrapper et_pb_button_1_wrapper\"><a class=\"et_pb_button_1 et_pb_button et_pb_bg_layout_light et_pb_module et_block_module\" href=\"https:\/\/casa-amendoeira.com\/cs\/rekreacni-dum-algarve\/\">Zobrazit podrobnosti o Casinha Canal<\/a><\/div><\/div><\/div><div class=\"et_pb_row_4 et_pb_row et_block_row\"><div class=\"et_pb_column_6 et_pb_column et_pb_column_2_5 et_block_column et_pb_css_mix_blend_mode_passthrough\"><div class=\"et_pb_image_1 et_pb_image et_pb_module et_block_module\"><a href=\"https:\/\/casa-amendoeira.com\/wp-content\/uploads\/2019\/09\/Lagos_Historical_Center.jpg\" class=\"et_pb_lightbox_image\" alt=\"A good place for your Lagos holidays\"><span class=\"et_pb_image_wrap\"><img decoding=\"async\" src=\"https:\/\/casa-amendoeira.com\/wp-content\/uploads\/2019\/09\/Lagos_Historical_Center.jpg\" width=\"1200\" height=\"800\" class=\"wp-image-1497\" title=\"Dobr\u00e9 m\u00edsto pro dovolenou v Lagosu\" alt=\"Dobr\u00e9 m\u00edsto pro dovolenou v Lagosu\" \/><\/span><\/a><\/div><\/div><div class=\"et_pb_column_7 et_pb_column et_pb_column_3_5 et-last-child et_block_column et_pb_css_mix_blend_mode_passthrough\"><div class=\"et_pb_code_3 et_pb_code et_pb_module\"><div class=\"et_pb_code_inner\"><h3>V\u00fdhody rekrea\u010dn\u00edch pron\u00e1jm\u016f v Lagosu<\/h3>\n<p>\nLagos, pravd\u011bpodobn\u011b nejmalebn\u011bj\u0161\u00ed m\u011bsto v z\u00e1padn\u00ed \u010d\u00e1sti Algarve.\nje vzd\u00e1leno pouh\u00fdch 45 minut j\u00edzdy od leti\u0161t\u011b. Pro ty, kte\u0159\u00ed si rad\u011bji nep\u016fj\u010duj\u00ed auto,\nje k dispozici kyvadlov\u00e1 autobusov\u00e1 doprava. Na\u0161e rekrea\u010dn\u00ed domy v Lagosu nab\u00edzej\u00ed\nklidn\u00e9 \u00fato\u010di\u0161t\u011b, bezpe\u010dn\u011b vzd\u00e1len\u00e9 od ruchu a shonu masov\u00e9ho m\u011bsta.\nturistiky a daleko od typick\u00fdch betonov\u00fdch rekrea\u010dn\u00edch dom\u016f.<br>\n<br>\nNa\u0161e nemovitosti nab\u00edzej\u00ed jedine\u010dn\u00fd z\u00e1\u017eitek, kter\u00fd se li\u0161\u00ed od standardn\u00edch\nproto\u017ee jsou to m\u00edsta, kter\u00e1 si osobn\u011b u\u017e\u00edv\u00e1me.\ntr\u00e1v\u00edme dovolenou - a zaji\u0161\u0165ujeme tak pohodln\u00e9 a neru\u0161en\u00e9 bydlen\u00ed.\npobyt.<br>\n<br>\nRezervace p\u0159es na\u0161e webov\u00e9 str\u00e1nky zaru\u010duje osobn\u00ed a cenov\u011b v\u00fdhodnou rezervaci.\nproto\u017ee rezervujete p\u0159\u00edmo u majitel\u016f. Na rozd\u00edl od platforem\n FeWo-direkt, Booking.com nebo Airbnb, ne\u00fa\u010dtujeme poplatky za zprost\u0159edkov\u00e1n\u00ed.\nN\u00e1\u0161 z\u00e1vazek zajistit p\u0159\u00edjemn\u00fd pobyt se odr\u00e1\u017e\u00ed v na\u0161ich\ntrvale pozitivn\u00edch hodnocen\u00edch.<\/p><\/div><\/div><\/div><\/div><div class=\"et_pb_row_5 et_pb_row et_block_row\"><div class=\"et_pb_column_8 et_pb_column et_pb_column_4_4 et-last-child et_block_column et_pb_css_mix_blend_mode_passthrough\"><div class=\"et_pb_code_4 et_pb_code et_pb_module\"><div class=\"et_pb_code_inner\"><h2>Jak si pronajmout vysn\u011bn\u00fd rekrea\u010dn\u00ed d\u016fm v Lagosu?<\/h2><\/div><\/div><\/div><\/div><div class=\"et_pb_row_6 et_pb_row et_block_row\"><div class=\"et_pb_column_9 et_pb_column et_pb_column_3_5 et_block_column et_pb_css_mix_blend_mode_passthrough\"><div class=\"et_pb_code_5 et_pb_code et_pb_module\"><div class=\"et_pb_code_inner\"><p>Rozhodli jste se spr\u00e1vn\u011b, kdy\u017e jste p\u0159i\u0161li sem. Zat\u00edmco na\u0161e dovolen\u00e1\ndomy v Lagosu jsou uvedeny na VRBO a Airbnb, rezervace p\u0159\u00edmo prost\u0159ednictv\u00edm\nna na\u0161\u00ed domovsk\u00e9 str\u00e1nce v\u00e1m umo\u017en\u00ed pronajmout si byt od majitele, co\u017e v\u00e1s u\u0161et\u0159\u00ed od\ndodate\u010dn\u00fdch poplatk\u016f nebo proviz\u00ed, kter\u00e9 jsou obvykle spojeny s agenturou\npron\u00e1jmy v Algarve.<br>\nSta\u010d\u00ed si vybrat jeden z v\u00fd\u0161e uveden\u00fdch dom\u016f a na str\u00e1nce s podrobnostmi najdete\nmo\u017enost zvolit si term\u00edn dovolen\u00e9 a vypo\u010d\u00edtat si cenu\ncenu.<\/p>\n<p>Pokud v\u00e1m vyhovuje rezervace p\u0159es zn\u00e1mou platformu,\n m\u016f\u017eete na\u0161e nemovitosti naj\u00edt na VRBO a Airbnb prost\u0159ednictv\u00edm uveden\u00fdch odkaz\u016f.\nUv\u011bdomte si v\u0161ak, \u017ee tyto platformy mohou \u00fa\u010dtovat poplatky za provizi.\n za sv\u00e9 slu\u017eby.<\/p>\n  <a href=\"https:\/\/airbnb.com\/h\/amendoeira\" target=\"_blank\" rel=\"noopener\">Casa Amendoeira na Airbnb<\/a><br>\n    <a href=\"https:\/\/www.booking.com\/hotel\/pt\/fabulous-restored-townhouse-in-lagos-old-town-with-panoramic-roof-terrace.de.html\" target=\"_blank\" rel=\"noopener\">Casa Amendoeira na Booking.com<\/a>\n  <\/p>\n<p>\n  <a href=\"https:\/\/airbnb.com\/h\/casinhacanal\" target=\"_blank\" rel=\"noopener\">Casinha Canal na Airbnb<\/a><br>\n  <a href=\"https:\/\/www.booking.com\/hotel\/pt\/casinha-canal.de.html\" target=\"_blank\" rel=\"noopener\">Casinha Canal na Booking.com<\/a><\/p>\n  <\/p><\/div><\/div><\/div><div class=\"et_pb_column_10 et_pb_column et_pb_column_2_5 et-last-child et_block_column et_pb_css_mix_blend_mode_passthrough\"><div class=\"et_pb_image_2 et_pb_image et_pb_module et_block_module\"><a href=\"https:\/\/casa-amendoeira.com\/wp-content\/uploads\/2019\/06\/Surfers.jpg\" class=\"et_pb_lightbox_image\" alt=\"Airbnb in Lagos\"><span class=\"et_pb_image_wrap\"><img decoding=\"async\" src=\"https:\/\/casa-amendoeira.com\/wp-content\/uploads\/2019\/06\/Surfers.jpg\" width=\"1200\" height=\"800\" class=\"wp-image-805\" title=\"Airbnb v Lagosu\" alt=\"Airbnb v Lagosu\" \/><\/span><\/a><\/div><\/div><\/div><div class=\"et_pb_row_7 et_pb_row et_block_row\"><div class=\"et_pb_column_11 et_pb_column et_pb_column_4_4 et-last-child et_block_column et_pb_css_mix_blend_mode_passthrough\"><div class=\"et_pb_code_6 et_pb_code et_pb_module\"><div class=\"et_pb_code_inner\"><h2>Co d\u011bl\u00e1 Lagos ide\u00e1ln\u00ed dovolenkovou destinac\u00ed?<\/h2><\/div><\/div><\/div><\/div><div class=\"et_pb_row_8 et_pb_row et_block_row\"><div class=\"et_pb_column_12 et_pb_column et_pb_column_2_5 et_block_column et_pb_css_mix_blend_mode_passthrough\"><div class=\"et_pb_image_3 et_pb_image et_pb_module et_block_module\"><a href=\"https:\/\/casa-amendoeira.com\/wp-content\/uploads\/2014\/11\/Coastline.jpg\" class=\"et_pb_lightbox_image\" alt=\"Praia Da Batata, Lagos\"><span class=\"et_pb_image_wrap\"><img decoding=\"async\" src=\"https:\/\/casa-amendoeira.com\/wp-content\/uploads\/2014\/11\/Coastline.jpg\" width=\"2048\" height=\"1152\" class=\"wp-image-153\" title=\"Pob\u0159e\u017e\u00ed Algarve dovolen\u00e1\" alt=\"Praia Da Batata, Lagos\" \/><\/span><\/a><\/div><\/div><div class=\"et_pb_column_13 et_pb_column et_pb_column_3_5 et-last-child et_block_column et_pb_css_mix_blend_mode_passthrough\"><div class=\"et_pb_code_7 et_pb_code et_pb_module\"><div class=\"et_pb_code_inner\">Poznejte p\u016fvab Algarve, obl\u00edben\u00e9ho ji\u017en\u00edho pob\u0159e\u017e\u00ed Portugalska. D\u00edky n\u00e1dhern\u00fdm p\u00edse\u010dn\u00fdm pl\u00e1\u017e\u00edm, p\u016fvabn\u00fdm ryb\u00e1\u0159sk\u00fdm vesnic\u00edm a n\u00e1dhern\u00e9mu podneb\u00ed je ide\u00e1ln\u00edm m\u00edstem pro nezapomenutelnou dovolenou.<br>\nAlgarve se m\u016f\u017ee pochlubit bohatou nab\u00eddkou atrakc\u00ed. Od nedot\u010den\u00fdch pl\u00e1\u017e\u00ed vhodn\u00fdch pro rodiny s d\u011btmi a vzru\u0161uj\u00edc\u00edch vodn\u00edch park\u016f pro dobrodruhy a\u017e po ru\u0161n\u00fd no\u010dn\u00ed \u017eivot pro milovn\u00edky ve\u010d\u00edrk\u016f a historick\u00e1 m\u011bsta pro milovn\u00edky kultury. Krom\u011b ru\u0161n\u00fdch m\u011bst m\u016f\u017eete prozkoumat v\u00edce ne\u017e 200 kilometr\u016f \u00fachvatn\u00e9ho pob\u0159e\u017e\u00ed, majest\u00e1tn\u00ed horsk\u00e9 vnitrozem\u00ed a klidn\u00e9 p\u0159\u00edrodn\u00ed rezervace.<\/div><\/div><\/div><\/div><div class=\"et_pb_row_9 et_pb_row et_block_row\"><div class=\"et_pb_column_14 et_pb_column et_pb_column_3_5 et_block_column et_pb_css_mix_blend_mode_passthrough\"><div class=\"et_pb_text_0 et_pb_text et_pb_bg_layout_light et_pb_module et_block_module\"><div class=\"et_pb_text_inner\"><p>Dovolen\u00e1 v Algarve je bezprobl\u00e9mov\u00e1, oblast je velmi bezpe\u010dn\u00e1, mluv\u00ed se zde anglicky, hotely jsou na velmi vysok\u00e9 \u00farovni a Portugalci jsou velmi vst\u0159\u00edcn\u00ed. Algarve je nejen skv\u011blou dovolenkovou destinac\u00ed, ale tak\u00e9 jednou z nejlevn\u011bj\u0161\u00edch destinac\u00ed v Evrop\u011b, mnohem levn\u011bj\u0161\u00ed ne\u017e \u0160pan\u011blsko, \u0158ecko nebo Francie.<br \/>Algarve m\u00e1 mnoho d\u016fvod\u016f k zamilov\u00e1n\u00ed, a proto v\u00e1m pom\u016f\u017eeme napl\u00e1novat v\u00e1\u0161 v\u00fdlet do t\u00e9to \u00fa\u017easn\u00e9 oblasti.<\/p>\n<p>\u010cty\u0159i nejv\u011bt\u0161\u00ed m\u011bsta v regionu jsou Albufeira, Lagos, Praia da Rocha a Vilamoura, kter\u00e1 nab\u00edzej\u00ed kr\u00e1sn\u00e9 pl\u00e1\u017ee, bohat\u00fd no\u010dn\u00ed \u017eivot a nekone\u010dn\u00e9 mno\u017estv\u00ed pr\u00e1zdninov\u00fdch aktivit.<br \/>Lagos je na\u0161\u00edm osobn\u00edm favoritem, proto\u017ee je to \u017eiv\u011bj\u0161\u00ed m\u011bsto ne\u017e ostatn\u00ed. Lagos m\u00e1 z nich nejv\u00edce portugalskou atmosf\u00e9ru a kombinuje historick\u00e9 m\u011bsto s kr\u00e1sn\u00fdmi pl\u00e1\u017eemi. A samoz\u0159ejm\u011b m\u00e1me v Lagosu na\u0161e dva rekrea\u010dn\u00ed domy!<\/p>\n<p>Z\u00e1padn\u00ed pob\u0159e\u017e\u00ed Algarve (severn\u00ed a ji\u017en\u00ed pob\u0159e\u017e\u00ed mezi Sagres a Odeceixe, asi 30 minut j\u00edzdy od Lagosu) je vystaveno s\u00edle Atlantsk\u00e9ho oce\u00e1nu. Jedn\u00e1 se o \u00fachvatn\u011b kr\u00e1snou oblast s vysok\u00fdmi \u00fatesy, v\u011btrem o\u0161lehan\u00fdmi pl\u00e1\u017eemi a rozlehl\u00fdm mo\u0159em. Turistick\u00fd ruch se zde t\u00e9m\u011b\u0159 nerozv\u00edj\u00ed.<\/p>\n<p>&nbsp;<\/p>\n<\/div><\/div><\/div><div class=\"et_pb_column_15 et_pb_column et_pb_column_2_5 et-last-child et_block_column et_pb_css_mix_blend_mode_passthrough\"><div class=\"et_pb_image_4 et_pb_image et_pb_module et_block_module\"><a href=\"https:\/\/casa-amendoeira.com\/wp-content\/uploads\/2019\/06\/RuaDaAmendoeira.jpg\" class=\"et_pb_lightbox_image\" alt=\"Holiday homes in Lagos\"><span class=\"et_pb_image_wrap\"><img decoding=\"async\" src=\"https:\/\/casa-amendoeira.com\/wp-content\/uploads\/2019\/06\/RuaDaAmendoeira.jpg\" width=\"2250\" height=\"3000\" class=\"wp-image-908\" title=\"Casa Amendoeira (na obr\u00e1zku vlevo) na vrcholu Rua da Amendoeira\" alt=\"Rekrea\u010dn\u00ed domy v Lagos\" \/><\/span><\/a><\/div><\/div><\/div><div class=\"et_pb_row_10 et_pb_row et_block_row\"><div class=\"et_pb_column_16 et_pb_column et_pb_column_4_4 et-last-child et_block_column et_pb_css_mix_blend_mode_passthrough\"><div class=\"et_pb_code_8 et_pb_code et_pb_module\"><div class=\"et_pb_code_inner\"><h2>Za\u017eijte kouzlo pron\u00e1jmu rekrea\u010dn\u00edho domu v Lagosu?<\/h2><\/div><\/div><\/div><\/div><div class=\"et_pb_row_11 et_pb_row et_pb_gutters2 et_block_row\"><div class=\"et_pb_column_17 et_pb_column et_pb_column_1_2 et_block_column et_pb_css_mix_blend_mode_passthrough\"><div class=\"et_pb_blurb_2 et_pb_blurb et_pb_bg_layout_light et_pb_blurb_position_top et_clickable et_pb_module et_block_module\"><div class=\"et_pb_blurb_content\"><div class=\"et_pb_main_blurb_image\"><a href=\"https:\/\/casa-amendoeira.com\/en\/holiday-home-lagos\/\"><span class=\"et_pb_image_wrap et_pb_only_image_mode_wrap\"><img decoding=\"async\" src=\"https:\/\/casa-amendoeira.com\/wp-content\/uploads\/2019\/12\/CasaSofas-scaled.jpg\" width=\"2560\" height=\"1920\" class=\"et-waypoint et_pb_animation_top et_pb_animation_top_tablet et_pb_animation_top_phone wp-image-1549\" alt=\"Nov\u00e9, pohodln\u00e9 sezen\u00ed v ob\u00fdvac\u00edm pokoji Casa Amendoeira\" title=\"\"><\/span><\/a><\/div><div class=\"et_pb_blurb_container\"><h3 class=\"et_pb_module_header\"><a href=\"https:\/\/casa-amendoeira.com\/en\/holiday-home-lagos\/\">Za\u017eijte luxus v Casa Amendoeira v Lagosu<\/a><\/h3><div class=\"et_pb_blurb_description\"><p>Casa je rozs\u00e1hle zrekonstruovan\u00fd d\u016fm v historick\u00e9m centru portugalsk\u00e9ho m\u011bsta Lagos. Obytn\u00e1 plocha 100 m\u00b2 ve dvou podla\u017e\u00edch se dv\u011bma lo\u017enicemi a prostorem a\u017e pro \u010dty\u0159i osoby. Na pl\u00e1\u017e dojdete za 10-15 minut.<\/p>\n<\/div><\/div><\/div><\/div><div class=\"et_pb_module et_pb_button_module_wrapper et_pb_button_2_wrapper\"><a class=\"et_pb_button_2 et_pb_button et_pb_bg_layout_light et_pb_module et_block_module\" href=\"https:\/\/casa-amendoeira.com\/cs\/rekreacni-dum-lagos\/\">Podrobnosti o Casa Amendoeira<\/a><\/div><\/div><div class=\"et_pb_column_18 et_pb_column et_pb_column_1_2 et-last-child et_block_column et_pb_css_mix_blend_mode_passthrough\"><div class=\"et_pb_blurb_3 et_pb_blurb et_pb_bg_layout_light et_pb_blurb_position_top et_clickable et_pb_module et_block_module\"><div class=\"et_pb_blurb_content\"><div class=\"et_pb_main_blurb_image\"><a href=\"https:\/\/casa-amendoeira.com\/en\/holiday-home-algarve\/\"><span class=\"et_pb_image_wrap et_pb_only_image_mode_wrap\"><img decoding=\"async\" src=\"https:\/\/casa-amendoeira.com\/wp-content\/uploads\/2019\/06\/DSF6766.jpg\" width=\"1200\" height=\"853\" class=\"et-waypoint et_pb_animation_top et_pb_animation_top_tablet et_pb_animation_top_phone wp-image-1124\" alt=\"Dokonal\u00fd domov pro va\u0161i dovolenou v Algarve.\" title=\"\"><\/span><\/a><\/div><div class=\"et_pb_blurb_container\"><h3 class=\"et_pb_module_header\"><a href=\"https:\/\/casa-amendoeira.com\/en\/holiday-home-algarve\/\">Objevte kouzlo Casinha Canal v Lagosu<\/a><\/h3><div class=\"et_pb_blurb_description\"><p>Rekrea\u010dn\u00ed d\u016fm inspirovan\u00fd marock\u00fdmi prvky v historick\u00e9m centru Lagosu. Obytn\u00e1 plocha 80 m\u00b2 s jednou lo\u017enic\u00ed a prostorem a\u017e pro t\u0159i osoby. Casinha Canal je okouzluj\u00edc\u00ed, romantick\u00fd star\u00fd m\u011bstsk\u00fd d\u016fm , s pl\u00e1\u017eemi, restauracemi, bary a obchody v p\u011b\u0161\u00ed vzd\u00e1lenosti.<\/p>\n<\/div><\/div><\/div><\/div><div class=\"et_pb_module et_pb_button_module_wrapper et_pb_button_3_wrapper\"><a class=\"et_pb_button_3 et_pb_button et_pb_bg_layout_light et_pb_module et_block_module\" href=\"https:\/\/casa-amendoeira.com\/cs\/rekreacni-dum-algarve\/\">Podrobnosti o Casinha Canal<\/a><\/div><\/div><\/div><\/div><div class=\"et_pb_section_2 et_pb_section et_section_regular et_block_section\"><div class=\"et_pb_row_12 et_pb_row et_block_row\"><div class=\"et_pb_column_19 et_pb_column et_pb_column_4_4 et-last-child et_block_column et_pb_css_mix_blend_mode_passthrough\"><div class=\"et_pb_text_1 et_pb_text et_pb_bg_layout_light et_pb_module et_block_module\"><div class=\"et_pb_text_inner\"><p style=\"text-align: center;\">V Lagosu si ka\u017ed\u00fd najde n\u011bco pro sebe. Star\u00e9 m\u011bsto je vhodn\u00e9 pro v\u0161echny v\u011bkov\u00e9 kategorie, najdete zde spoustu mal\u00fdch obch\u016fdk\u016f, skv\u011bl\u00fdch bar\u016f pro mlad\u00e9 lidi a elegantn\u00edch restaurac\u00ed pro ty, kte\u0159\u00ed hledaj\u00ed klidn\u011bj\u0161\u00ed ve\u010der. Je to obl\u00edben\u00e1 turistick\u00e1 destinace, kter\u00e1 sv\u00fdm pob\u0159e\u017e\u00edm lemovan\u00fdm \u00fatesy, kr\u00e1snou krajinou a \u017eivou kulturou l\u00e1k\u00e1 n\u00e1v\u0161t\u011bvn\u00edky z cel\u00e9ho sv\u011bta. Mezi nejobl\u00edben\u011bj\u0161\u00ed atrakce Lagosu pat\u0159\u00ed pl\u00e1\u017e Praia do Camilo, pl\u00e1\u017e Meia Praia a p\u0159\u00edstav Lagos Marina. M\u011bsto je tak\u00e9 zn\u00e1m\u00e9 sv\u00fdm ru\u0161n\u00fdm no\u010dn\u00edm \u017eivotem s mnoha bary, kluby a restauracemi, kter\u00e9 maj\u00ed otev\u0159eno dlouho do noci.<\/p>\n<p style=\"text-align: center;\">Na\u0161e dva pr\u00e1zdninov\u00e9 domy v Lagosu p\u0159edstavuj\u00ed nejlep\u0161\u00ed z\u00e1zem\u00ed pro va\u0161i dovolenou v nejkosmopolitn\u011bj\u0161\u00edm letovisku Algarve.<\/p>\n<p>&nbsp;<\/p>\n<h3 style=\"text-align: center;\">R\u00e1di v\u00e1s brzy p\u0159iv\u00edt\u00e1me jako na\u0161e hosty v na\u0161ich rekrea\u010dn\u00edch domech v Lagosu.<\/h3>\n<\/div><\/div><\/div><\/div><\/div>","protected":false},"excerpt":{"rendered":"","protected":false},"author":1,"featured_media":0,"parent":0,"menu_order":0,"comment_status":"closed","ping_status":"closed","template":"","meta":{"footnotes":""},"simple-restrict-permission":[],"class_list":["post-312","page","type-page","status-publish","hentry"],"_links":{"self":[{"href":"https:\/\/casa-amendoeira.com\/cs\/wp-json\/wp\/v2\/pages\/312","targetHints":{"allow":["GET"]}}],"collection":[{"href":"https:\/\/casa-amendoeira.com\/cs\/wp-json\/wp\/v2\/pages"}],"about":[{"href":"https:\/\/casa-amendoeira.com\/cs\/wp-json\/wp\/v2\/types\/page"}],"author":[{"embeddable":true,"href":"https:\/\/casa-amendoeira.com\/cs\/wp-json\/wp\/v2\/users\/1"}],"replies":[{"embeddable":true,"href":"https:\/\/casa-amendoeira.com\/cs\/wp-json\/wp\/v2\/comments?post=312"}],"version-history":[{"count":5,"href":"https:\/\/casa-amendoeira.com\/cs\/wp-json\/wp\/v2\/pages\/312\/revisions"}],"predecessor-version":[{"id":4184,"href":"https:\/\/casa-amendoeira.com\/cs\/wp-json\/wp\/v2\/pages\/312\/revisions\/4184"}],"wp:attachment":[{"href":"https:\/\/casa-amendoeira.com\/cs\/wp-json\/wp\/v2\/media?parent=312"}],"wp:term":[{"taxonomy":"simple-restrict-permission","embeddable":true,"href":"https:\/\/casa-amendoeira.com\/cs\/wp-json\/wp\/v2\/simple-restrict-permission?post=312"}],"curies":[{"name":"wp","href":"https:\/\/api.w.org\/{rel}","templated":true}]}}