{"id":312,"date":"2017-05-04T16:23:26","date_gmt":"2017-05-04T14:23:26","guid":{"rendered":"http:\/\/casa-amendoeira.com\/?page_id=312"},"modified":"2026-01-05T15:25:38","modified_gmt":"2026-01-05T13:25:38","slug":"feriehuse-portugal","status":"publish","type":"page","link":"https:\/\/casa-amendoeira.com\/da\/","title":{"rendered":"Ferieboliger i Lagos, Portugal"},"content":{"rendered":"<div class=\"et_pb_section_0 et_pb_section et_pb_fullwidth_section et_section_regular et_block_section\"><section class=\"et_pb_fullwidth_header_0 et_pb_fullwidth_header et_pb_fullscreen et_pb_bg_layout_dark et_pb_text_align_center et_pb_section_parallax et_pb_module et_flex_module\"><span class=\"et-pb-parallax-wrapper\"><span class=\"et-pb-parallax-background et-pb-parallax-background-module--divi-fullwidth-header-0\" style=\"background-image:url(https:\/\/casa-amendoeira.com\/wp-content\/uploads\/2019\/04\/Bedroom2000_50.jpg)\"><\/span><\/span><div class=\"et_pb_fullwidth_header_container center\"><div class=\"header-content-container center\"><div class=\"header-content et_flex_module\"><h1 class=\"et_pb_module_header\">Oplev luksuri\u00f8se ferieboliger i Lagos i 2026<\/h1><div class=\"et_pb_header_content_wrapper\"><p>Leder du efter de perfekte ferieboliger i Lagos, beliggende i hjertet af Algarve? Udforsk vores to smukt renoverede byhuse, som ligger inden for de historiske bymure i Lagos.<\/p>\n<\/div><div class=\"et_pb_header_button_wrapper\"><\/div><\/div><\/div><\/div><div class=\"et_pb_fullwidth_header_overlay\"><\/div><div class=\"et_pb_fullwidth_header_scroll\"><a class=\"scroll-down-container\" href=\"#\"><span class=\"scroll-down et-pb-icon\">;<\/span><\/a><\/div><\/section><\/div><div class=\"et_pb_section_1 et_pb_section et_section_regular et_block_section\"><div class=\"et_pb_row_0 et_pb_row et_block_row\"><div class=\"et_pb_column_0 et_pb_column et_pb_column_4_4 et-last-child et_block_column et_pb_css_mix_blend_mode_passthrough\"><div class=\"et_pb_code_0 et_pb_code et_pb_module\"><div class=\"et_pb_code_inner\"><h2>Planl\u00e6g din ferie i 2026 i Lagos, Portugal<\/h2><\/div><\/div><\/div><\/div><div class=\"et_pb_row_1 et_pb_row et_block_row\"><div class=\"et_pb_column_1 et_pb_column et_pb_column_3_5 et_block_column et_pb_css_mix_blend_mode_passthrough\"><div class=\"et_pb_code_1 et_pb_code et_pb_module\"><div class=\"et_pb_code_inner\"><p>Vi udlejer to smukke individuelle ferieboliger i Lagos, Portugal. Begge ligger i den smukke historiske bymidte, men stadig med en rolig beliggenhed.\nFra begge huse er der kun en kort g\u00e5tur til den klippebeskyttede strand Praia da Batata. Den rummelige Meia Praia ligger heller ikke langt v\u00e6k.<br>\n<br>\nAlgarve i Portugal anses for at v\u00e6re den mest lokkende og alsidige feriedestination i Europa. Og det er ikke engang langt fra Tyskland. To til tre timers flyvetur, og du st\u00e5r p\u00e5 flyvepladsen i Faro.<\/p><\/div><\/div><\/div><div class=\"et_pb_column_2 et_pb_column et_pb_column_2_5 et-last-child et_block_column et_pb_css_mix_blend_mode_passthrough\"><div class=\"et_pb_image_0 et_pb_image et_pb_module et_block_module\"><a href=\"https:\/\/casa-amendoeira.com\/wp-content\/uploads\/2019\/09\/Praia_Da_Batata.jpg\" class=\"et_pb_lightbox_image\" alt=\"Holiday homes in Lagos\"><span class=\"et_pb_image_wrap\"><img decoding=\"async\" src=\"https:\/\/casa-amendoeira.com\/wp-content\/uploads\/2019\/09\/Praia_Da_Batata.jpg\" width=\"1200\" height=\"802\" class=\"wp-image-1496\" title=\"Ferieboliger i Lagos\" alt=\"Ferieboliger i Lagos\" \/><\/span><\/a><\/div><\/div><\/div><div class=\"et_pb_row_2 et_pb_row et_block_row\"><div class=\"et_pb_column_3 et_pb_column et_pb_column_4_4 et-last-child et_block_column et_pb_css_mix_blend_mode_passthrough\"><div class=\"et_pb_code_2 et_pb_code et_pb_module\"><div class=\"et_pb_code_inner\"><h2>Udforsk vores udvalg af ferieboliger i Lagos<\/h2><\/div><\/div><\/div><\/div><div class=\"et_pb_row_3 et_pb_row et_pb_gutters2 et_block_row\"><div class=\"et_pb_column_4 et_pb_column et_pb_column_1_2 et_block_column et_pb_css_mix_blend_mode_passthrough\"><div class=\"et_pb_blurb_0 et_pb_blurb et_pb_bg_layout_light et_pb_blurb_position_top et_clickable et_pb_module et_block_module\"><div class=\"et_pb_blurb_content\"><div class=\"et_pb_main_blurb_image\"><a href=\"https:\/\/casa-amendoeira.com\/en\/holiday-home-lagos\/\"><span class=\"et_pb_image_wrap et_pb_only_image_mode_wrap\"><img decoding=\"async\" src=\"https:\/\/casa-amendoeira.com\/wp-content\/uploads\/2018\/11\/CasaMasterBedroom.jpg\" width=\"1200\" height=\"802\" class=\"et-waypoint et_pb_animation_top et_pb_animation_top_tablet et_pb_animation_top_phone wp-image-335\" alt=\"Casa Amendoeira er et smukt feriehus i Lagos, Portugal.\" title=\"\"><\/span><\/a><\/div><div class=\"et_pb_blurb_container\"><h3 class=\"et_pb_module_header\"><a href=\"https:\/\/casa-amendoeira.com\/en\/holiday-home-lagos\/\">Casa Amendoeira: Din ideelle feriebolig i Lagos<\/a><\/h3><div class=\"et_pb_blurb_description\"><p>Oplev charmen ved vores gennemrestaurerede feriehus, som ligger i hjertet af Lagos, Portugals historiske centrum. Denne rummelige ejendom p\u00e5 100 m\u00b2 har to sovev\u00e6relser med plads til op til fire g\u00e6ster. Nyd den store tagterrasse med panoramaudsigt, der byder p\u00e5 en betagende havudsigt. Den smukke strand ligger kun 10-15 minutters gang v\u00e6k.<\/p>\n<\/div><\/div><\/div><\/div><div class=\"et_pb_module et_pb_button_module_wrapper et_pb_button_0_wrapper\"><a class=\"et_pb_button_0 et_pb_button et_pb_bg_layout_light et_pb_module et_block_module\" href=\"https:\/\/casa-amendoeira.com\/da\/feriebolig-lagos\/\">Se detaljer om Casa Amendoeira<\/a><\/div><\/div><div class=\"et_pb_column_5 et_pb_column et_pb_column_1_2 et-last-child et_block_column et_pb_css_mix_blend_mode_passthrough\"><div class=\"et_pb_blurb_1 et_pb_blurb et_pb_bg_layout_light et_pb_blurb_position_top et_clickable et_pb_module et_block_module\"><div class=\"et_pb_blurb_content\"><div class=\"et_pb_main_blurb_image\"><a href=\"https:\/\/casa-amendoeira.com\/en\/holiday-home-algarve\/\"><span class=\"et_pb_image_wrap et_pb_only_image_mode_wrap\"><img decoding=\"async\" src=\"https:\/\/casa-amendoeira.com\/wp-content\/uploads\/2018\/12\/L1002040.jpg\" width=\"3000\" height=\"2000\" class=\"et-waypoint et_pb_animation_top et_pb_animation_top_tablet et_pb_animation_top_phone wp-image-380\" alt=\"Et perfekt hjem til din ferie i Algarve.\" title=\"\"><\/span><\/a><\/div><div class=\"et_pb_blurb_container\"><h3 class=\"et_pb_module_header\"><a href=\"https:\/\/casa-amendoeira.com\/en\/holiday-home-algarve\/\">Casinha Canal: Et charmerende feriehus i Lagos<\/a><\/h3><div class=\"et_pb_blurb_description\"><p>Fordyb dig i vores marokkansk inspirerede feriehus, der ligger i det historiske centrum af Lagos. Dette 80 m\u00b2 store fristed har et enkelt sovev\u00e6relse, hvor der er plads til op til tre g\u00e6ster. Den fantastiske strand ligger blot en afslappet 10-15 minutters spadseretur v\u00e6k.<\/p>\n<\/div><\/div><\/div><\/div><div class=\"et_pb_module et_pb_button_module_wrapper et_pb_button_1_wrapper\"><a class=\"et_pb_button_1 et_pb_button et_pb_bg_layout_light et_pb_module et_block_module\" href=\"https:\/\/casa-amendoeira.com\/da\/feriebolig-algarve\/\">Se detaljer om Casinha Canal<\/a><\/div><\/div><\/div><div class=\"et_pb_row_4 et_pb_row et_block_row\"><div class=\"et_pb_column_6 et_pb_column et_pb_column_2_5 et_block_column et_pb_css_mix_blend_mode_passthrough\"><div class=\"et_pb_image_1 et_pb_image et_pb_module et_block_module\"><a href=\"https:\/\/casa-amendoeira.com\/wp-content\/uploads\/2019\/09\/Lagos_Historical_Center.jpg\" class=\"et_pb_lightbox_image\" alt=\"A good place for your Lagos holidays\"><span class=\"et_pb_image_wrap\"><img decoding=\"async\" src=\"https:\/\/casa-amendoeira.com\/wp-content\/uploads\/2019\/09\/Lagos_Historical_Center.jpg\" width=\"1200\" height=\"800\" class=\"wp-image-1497\" title=\"Et godt sted til din ferie i Lagos\" alt=\"Et godt sted til din ferie i Lagos\" \/><\/span><\/a><\/div><\/div><div class=\"et_pb_column_7 et_pb_column et_pb_column_3_5 et-last-child et_block_column et_pb_css_mix_blend_mode_passthrough\"><div class=\"et_pb_code_3 et_pb_code et_pb_module\"><div class=\"et_pb_code_inner\"><h3>Fordele ved at leje ferieboliger i Lagos<\/h3>\n<p>\nLagos, som nok er den mest maleriske by i det vestlige Algarve, ligger kun\nblot 45 minutters k\u00f8rsel fra lufthavnen. For dem, der foretr\u00e6kker ikke at leje en bil,\ner der shuttlebusser til r\u00e5dighed. Vores feriehuse i Lagos tilbyder et\nroligt tilflugtssted, p\u00e5 sikker afstand af masseturismens stress og jag og langt\nturisme og langt fra de typiske betonferiehuse.<br>\n<br>\nVores ejendomme tilbyder en unik oplevelse, der adskiller sig fra standard\nferielejligheder eller lejligheder, da det er steder, som vi personligt nyder\ntilbringe vores ferie - hvilket sikrer en behagelig og uforstyrret\nophold.<br>\n<br>\nVed at booke via vores hjemmeside garanterer vi en personlig og omkostningseffektiv\noplevelse, da du booker direkte fra ejerne. I mods\u00e6tning til platforme\n som FeWo-direkt, Booking.com eller Airbnb, opkr\u00e6ver vi ikke formidlingsgebyrer.\nVores engagement i at give et behageligt ophold afspejles i vores\nkonsekvent positive anmeldelser.<\/p><\/div><\/div><\/div><\/div><div class=\"et_pb_row_5 et_pb_row et_block_row\"><div class=\"et_pb_column_8 et_pb_column et_pb_column_4_4 et-last-child et_block_column et_pb_css_mix_blend_mode_passthrough\"><div class=\"et_pb_code_4 et_pb_code et_pb_module\"><div class=\"et_pb_code_inner\"><h2>Hvordan lejer du dit dr\u00f8mmeferiehus i Lagos?<\/h2><\/div><\/div><\/div><\/div><div class=\"et_pb_row_6 et_pb_row et_block_row\"><div class=\"et_pb_column_9 et_pb_column et_pb_column_3_5 et_block_column et_pb_css_mix_blend_mode_passthrough\"><div class=\"et_pb_code_5 et_pb_code et_pb_module\"><div class=\"et_pb_code_inner\"><p>Du har truffet det rigtige valg ved at komme her. Mens vores ferie\nferieboliger i Lagos er opf\u00f8rt p\u00e5 VRBO og Airbnb, kan du booke direkte gennem\nvores hjemmeside giver dig mulighed for at leje fra ejeren, hvilket sparer dig for\nyderligere gebyrer eller provisioner, der typisk er forbundet med bureauer\nudlejning i Algarve.<br>\nDu skal blot v\u00e6lge et af husene ovenfor, og p\u00e5 detaljesiden vil du kunne se\nfinde en mulighed for at v\u00e6lge dine feriedatoer og beregne\npris.<\/p>\n<p>Hvis du er mere tryg ved at booke via en velkendt platform,\n kan du finde vores ejendomme p\u00e5 VRBO og Airbnb via de angivne links.\nDu skal dog v\u00e6re opm\u00e6rksom p\u00e5, at disse platforme kan tilf\u00f8je provisionsgebyrer\n for deres tjenester.<\/p>\n  <a href=\"https:\/\/airbnb.com\/h\/amendoeira\" target=\"_blank\" rel=\"noopener\">Casa Amendoeira p\u00e5 Airbnb<\/a><br>\n    <a href=\"https:\/\/www.booking.com\/hotel\/pt\/fabulous-restored-townhouse-in-lagos-old-town-with-panoramic-roof-terrace.de.html\" target=\"_blank\" rel=\"noopener\">Casa Amendoeira p\u00e5 Booking.com<\/a>\n  <\/p>\n<p>\n  <a href=\"https:\/\/airbnb.com\/h\/casinhacanal\" target=\"_blank\" rel=\"noopener\">Casinha Canal p\u00e5 Airbnb<\/a><br>\n  <a href=\"https:\/\/www.booking.com\/hotel\/pt\/casinha-canal.de.html\" target=\"_blank\" rel=\"noopener\">Casinha Canal p\u00e5 Booking.com<\/a><\/p>\n  <\/p><\/div><\/div><\/div><div class=\"et_pb_column_10 et_pb_column et_pb_column_2_5 et-last-child et_block_column et_pb_css_mix_blend_mode_passthrough\"><div class=\"et_pb_image_2 et_pb_image et_pb_module et_block_module\"><a href=\"https:\/\/casa-amendoeira.com\/wp-content\/uploads\/2019\/06\/Surfers.jpg\" class=\"et_pb_lightbox_image\" alt=\"Airbnb in Lagos\"><span class=\"et_pb_image_wrap\"><img decoding=\"async\" src=\"https:\/\/casa-amendoeira.com\/wp-content\/uploads\/2019\/06\/Surfers.jpg\" width=\"1200\" height=\"800\" class=\"wp-image-805\" title=\"Airbnb i Lagos\" alt=\"Airbnb i Lagos\" \/><\/span><\/a><\/div><\/div><\/div><div class=\"et_pb_row_7 et_pb_row et_block_row\"><div class=\"et_pb_column_11 et_pb_column et_pb_column_4_4 et-last-child et_block_column et_pb_css_mix_blend_mode_passthrough\"><div class=\"et_pb_code_6 et_pb_code et_pb_module\"><div class=\"et_pb_code_inner\"><h2>Hvad g\u00f8r Lagos til det perfekte feriem\u00e5l?<\/h2><\/div><\/div><\/div><\/div><div class=\"et_pb_row_8 et_pb_row et_block_row\"><div class=\"et_pb_column_12 et_pb_column et_pb_column_2_5 et_block_column et_pb_css_mix_blend_mode_passthrough\"><div class=\"et_pb_image_3 et_pb_image et_pb_module et_block_module\"><a href=\"https:\/\/casa-amendoeira.com\/wp-content\/uploads\/2014\/11\/Coastline.jpg\" class=\"et_pb_lightbox_image\" alt=\"Praia Da Batata, Lagos\"><span class=\"et_pb_image_wrap\"><img decoding=\"async\" src=\"https:\/\/casa-amendoeira.com\/wp-content\/uploads\/2014\/11\/Coastline.jpg\" width=\"2048\" height=\"1152\" class=\"wp-image-153\" title=\"Kysten i Algarve ferie\" alt=\"Praia Da Batata, Lagos\" \/><\/span><\/a><\/div><\/div><div class=\"et_pb_column_13 et_pb_column et_pb_column_3_5 et-last-child et_block_column et_pb_css_mix_blend_mode_passthrough\"><div class=\"et_pb_code_7 et_pb_code et_pb_module\"><div class=\"et_pb_code_inner\">Oplev Algarve, Portugals elskede sydlige kystlinje, og oplev alfarten ved Algarve. Med sine fantastiske sandstrande, charmerende fiskerbyer og dejlige klima er det den ideelle destination for en uforglemmelig ferie.<br>\nAlgarve byder p\u00e5 en rig mangfoldighed af attraktioner. Fra familievenlige, uber\u00f8rte strande og sp\u00e6ndende vandparker for eventyrere til et pulserende natteliv for festglade mennesker og historiske byer for kulturentusiaster. Ud over de travle byer kan du udforske over 200 kilometer betagende kystlinje, majest\u00e6tiske bjergrige bagland og fredfyldte naturreservater.<\/div><\/div><\/div><\/div><div class=\"et_pb_row_9 et_pb_row et_block_row\"><div class=\"et_pb_column_14 et_pb_column et_pb_column_3_5 et_block_column et_pb_css_mix_blend_mode_passthrough\"><div class=\"et_pb_text_0 et_pb_text et_pb_bg_layout_light et_pb_module et_block_module\"><div class=\"et_pb_text_inner\"><p>Algarve er et stressfrit rejsem\u00e5l; omr\u00e5det er meget sikkert, engelsk er almindeligt talt, hotellerne har en meget h\u00f8j standard, og portugiserne er meget im\u00f8dekommende. Algarve er ikke kun et fantastisk feriem\u00e5l, det er ogs\u00e5 et af de billigste rejsem\u00e5l i Europa, meget billigere end Spanien, Gr\u00e6kenland eller Frankrig.<br \/>Algarve har meget at elske, s\u00e5 lad os hj\u00e6lpe dig med at planl\u00e6gge din rejse til dette fantastiske omr\u00e5de.<\/p>\n<p>De fire st\u00f8rste byer i regionen er Albufeira, Lagos, Praia da Rocha og Vilamoura, som alle fire byder p\u00e5 smukke strande, et rigt natteliv og endel\u00f8se ferieaktiviteter.<br \/>Lagos er vores personlige favorit, da det er en mere livlig by end de andre. Lagos har den mest portugisiske stemning af dem og kombinerer en historisk by med smukke strande. Og s\u00e5 har vi selvf\u00f8lgelig vores to feriehuse i Lagos!<\/p>\n<p>Den vestlige kyst af Algarve (nord- og sydkysten mellem Sagres og Odeceixe, ca. 30 minutters k\u00f8rsel fra Lagos) er udsat for Atlanterhavets kraft. Det er et betagende smukt omr\u00e5de med t\u00e5rnh\u00f8je klipper, vindbl\u00e6ste strande og et enormt hav. Der er n\u00e6sten ingen turismeudvikling her.<\/p>\n<p>&nbsp;<\/p>\n<\/div><\/div><\/div><div class=\"et_pb_column_15 et_pb_column et_pb_column_2_5 et-last-child et_block_column et_pb_css_mix_blend_mode_passthrough\"><div class=\"et_pb_image_4 et_pb_image et_pb_module et_block_module\"><a href=\"https:\/\/casa-amendoeira.com\/wp-content\/uploads\/2019\/06\/RuaDaAmendoeira.jpg\" class=\"et_pb_lightbox_image\" alt=\"Holiday homes in Lagos\"><span class=\"et_pb_image_wrap\"><img decoding=\"async\" src=\"https:\/\/casa-amendoeira.com\/wp-content\/uploads\/2019\/06\/RuaDaAmendoeira.jpg\" width=\"2250\" height=\"3000\" class=\"wp-image-908\" title=\"Casa Amendoeira (til venstre p\u00e5 dette billede) p\u00e5 toppen af Rua da Amendoeira\" alt=\"Ferieboliger i Lagos\" \/><\/span><\/a><\/div><\/div><\/div><div class=\"et_pb_row_10 et_pb_row et_block_row\"><div class=\"et_pb_column_16 et_pb_column et_pb_column_4_4 et-last-child et_block_column et_pb_css_mix_blend_mode_passthrough\"><div class=\"et_pb_code_8 et_pb_code et_pb_module\"><div class=\"et_pb_code_inner\"><h2>Oplev charmen ved at leje en feriebolig i Lagos?<\/h2><\/div><\/div><\/div><\/div><div class=\"et_pb_row_11 et_pb_row et_pb_gutters2 et_block_row\"><div class=\"et_pb_column_17 et_pb_column et_pb_column_1_2 et_block_column et_pb_css_mix_blend_mode_passthrough\"><div class=\"et_pb_blurb_2 et_pb_blurb et_pb_bg_layout_light et_pb_blurb_position_top et_clickable et_pb_module et_block_module\"><div class=\"et_pb_blurb_content\"><div class=\"et_pb_main_blurb_image\"><a href=\"https:\/\/casa-amendoeira.com\/en\/holiday-home-lagos\/\"><span class=\"et_pb_image_wrap et_pb_only_image_mode_wrap\"><img decoding=\"async\" src=\"https:\/\/casa-amendoeira.com\/wp-content\/uploads\/2019\/12\/CasaSofas-scaled.jpg\" width=\"2560\" height=\"1920\" class=\"et-waypoint et_pb_animation_top et_pb_animation_top_tablet et_pb_animation_top_phone wp-image-1549\" alt=\"Nye, komfortable siddepladser i stuen i Casa Amendoeira\" title=\"\"><\/span><\/a><\/div><div class=\"et_pb_blurb_container\"><h3 class=\"et_pb_module_header\"><a href=\"https:\/\/casa-amendoeira.com\/en\/holiday-home-lagos\/\">Oplev luksus hos Casa Amendoeira i Lagos<\/a><\/h3><div class=\"et_pb_blurb_description\"><p>Casa er et gennemgribende restaureret hus i det historiske centrum af Lagos, Portugal. 100 m\u00b2 boligareal fordelt p\u00e5 to etager med to sovev\u00e6relser og plads til op til fire personer. G\u00e5 til stranden p\u00e5 10-15 minutter.<\/p>\n<\/div><\/div><\/div><\/div><div class=\"et_pb_module et_pb_button_module_wrapper et_pb_button_2_wrapper\"><a class=\"et_pb_button_2 et_pb_button et_pb_bg_layout_light et_pb_module et_block_module\" href=\"https:\/\/casa-amendoeira.com\/da\/feriebolig-lagos\/\">Detaljer om Casa Amendoeira<\/a><\/div><\/div><div class=\"et_pb_column_18 et_pb_column et_pb_column_1_2 et-last-child et_block_column et_pb_css_mix_blend_mode_passthrough\"><div class=\"et_pb_blurb_3 et_pb_blurb et_pb_bg_layout_light et_pb_blurb_position_top et_clickable et_pb_module et_block_module\"><div class=\"et_pb_blurb_content\"><div class=\"et_pb_main_blurb_image\"><a href=\"https:\/\/casa-amendoeira.com\/en\/holiday-home-algarve\/\"><span class=\"et_pb_image_wrap et_pb_only_image_mode_wrap\"><img decoding=\"async\" src=\"https:\/\/casa-amendoeira.com\/wp-content\/uploads\/2019\/06\/DSF6766.jpg\" width=\"1200\" height=\"853\" class=\"et-waypoint et_pb_animation_top et_pb_animation_top_tablet et_pb_animation_top_phone wp-image-1124\" alt=\"Et perfekt hjem til din ferie i Algarve.\" title=\"\"><\/span><\/a><\/div><div class=\"et_pb_blurb_container\"><h3 class=\"et_pb_module_header\"><a href=\"https:\/\/casa-amendoeira.com\/en\/holiday-home-algarve\/\">Oplev charmen ved Casinha Canal i Lagos<\/a><\/h3><div class=\"et_pb_blurb_description\"><p>Marokkansk inspireret feriebolig i det historiske centrum af Lagos. 80 m\u00b2 boligareal med et sovev\u00e6relse og plads til op til tre personer. Casinha Canal er et charmerende, romantisk gammelt byhus , med strande, restauranter, barer og butikker inden for g\u00e5afstand.<\/p>\n<\/div><\/div><\/div><\/div><div class=\"et_pb_module et_pb_button_module_wrapper et_pb_button_3_wrapper\"><a class=\"et_pb_button_3 et_pb_button et_pb_bg_layout_light et_pb_module et_block_module\" href=\"https:\/\/casa-amendoeira.com\/da\/feriebolig-algarve\/\">Detaljer om Casinha Canal<\/a><\/div><\/div><\/div><\/div><div class=\"et_pb_section_2 et_pb_section et_section_regular et_block_section\"><div class=\"et_pb_row_12 et_pb_row et_block_row\"><div class=\"et_pb_column_19 et_pb_column et_pb_column_4_4 et-last-child et_block_column et_pb_css_mix_blend_mode_passthrough\"><div class=\"et_pb_text_1 et_pb_text et_pb_bg_layout_light et_pb_module et_block_module\"><div class=\"et_pb_text_inner\"><p style=\"text-align: center;\">Lagos har noget for enhver smag. Den gamle bydel er velegnet til alle aldre med masser af sm\u00e5 butikker, seje barer for unge mennesker og elegante restauranter for dem, der \u00f8nsker en mere afslappet aften. Det er et popul\u00e6rt turistm\u00e5l, der tiltr\u00e6kker bes\u00f8gende fra hele verden med sin klippekyst, smukke landskaber og levende kultur. Nogle af de mest popul\u00e6re attraktioner i Lagos omfatter Praia do Camilo-stranden, Meia Praia-stranden og Lagos Marina. Byen er ogs\u00e5 kendt for sit pulserende natteliv med mange barer, klubber og restauranter, der holder \u00e5bent til langt ud p\u00e5 natten.<\/p>\n<p style=\"text-align: center;\">Vores to ferieboliger i Lagos er det bedste udgangspunkt for din ferie i Algarves mest kosmopolitiske feriested.<\/p>\n<p>&nbsp;<\/p>\n<h3 style=\"text-align: center;\">Vi vil gl\u00e6de os til at byde dig velkommen som g\u00e6st i vores ferieboliger i Lagos.<\/h3>\n<\/div><\/div><\/div><\/div><\/div>","protected":false},"excerpt":{"rendered":"","protected":false},"author":1,"featured_media":0,"parent":0,"menu_order":0,"comment_status":"closed","ping_status":"closed","template":"","meta":{"footnotes":""},"simple-restrict-permission":[],"class_list":["post-312","page","type-page","status-publish","hentry"],"_links":{"self":[{"href":"https:\/\/casa-amendoeira.com\/da\/wp-json\/wp\/v2\/pages\/312","targetHints":{"allow":["GET"]}}],"collection":[{"href":"https:\/\/casa-amendoeira.com\/da\/wp-json\/wp\/v2\/pages"}],"about":[{"href":"https:\/\/casa-amendoeira.com\/da\/wp-json\/wp\/v2\/types\/page"}],"author":[{"embeddable":true,"href":"https:\/\/casa-amendoeira.com\/da\/wp-json\/wp\/v2\/users\/1"}],"replies":[{"embeddable":true,"href":"https:\/\/casa-amendoeira.com\/da\/wp-json\/wp\/v2\/comments?post=312"}],"version-history":[{"count":5,"href":"https:\/\/casa-amendoeira.com\/da\/wp-json\/wp\/v2\/pages\/312\/revisions"}],"predecessor-version":[{"id":4184,"href":"https:\/\/casa-amendoeira.com\/da\/wp-json\/wp\/v2\/pages\/312\/revisions\/4184"}],"wp:attachment":[{"href":"https:\/\/casa-amendoeira.com\/da\/wp-json\/wp\/v2\/media?parent=312"}],"wp:term":[{"taxonomy":"simple-restrict-permission","embeddable":true,"href":"https:\/\/casa-amendoeira.com\/da\/wp-json\/wp\/v2\/simple-restrict-permission?post=312"}],"curies":[{"name":"wp","href":"https:\/\/api.w.org\/{rel}","templated":true}]}}