{"id":746,"date":"2019-06-19T17:16:10","date_gmt":"2019-06-19T15:16:10","guid":{"rendered":"https:\/\/casa-amendoeira.com\/?page_id=746"},"modified":"2026-01-05T15:25:45","modified_gmt":"2026-01-05T13:25:45","slug":"aftryk","status":"publish","type":"page","link":"https:\/\/casa-amendoeira.com\/da\/imprint\/","title":{"rendered":"Imprint \/ ansvarsfraskrivelse"},"content":{"rendered":"<div class=\"et_pb_section_0 et_pb_section et_pb_fullwidth_section et_section_regular et_block_section\"><section class=\"et_pb_fullwidth_header_0 et_pb_fullwidth_header et_pb_bg_layout_dark et_pb_text_align_left et_pb_module et_flex_module\"><div class=\"et_pb_fullwidth_header_container left\"><div class=\"header-content-container center\"><div class=\"header-content et_flex_module\"><h1 class=\"et_pb_module_header\">Imprint \/ ansvarsfraskrivelse<\/h1><div class=\"et_pb_header_button_wrapper\"><\/div><\/div><\/div><\/div><div class=\"et_pb_fullwidth_header_overlay\"><\/div><div class=\"et_pb_fullwidth_header_scroll\"><\/div><\/section><\/div><div class=\"et_pb_section_1 et_pb_section et_section_regular et_block_section\"><div class=\"et_pb_row_0 et_pb_row et_block_row\"><div class=\"et_pb_column_0 et_pb_column et_pb_column_4_4 et-last-child et_block_column et_pb_css_mix_blend_mode_passthrough\"><div class=\"et_pb_text_0 et_pb_text et_pb_bg_layout_light et_pb_module et_block_module\"><div class=\"et_pb_text_inner\"><h2>Tryk<\/p>\n<p>Angaben gem\u00e4\u00df \u00a7 5 TMG<\/h2>\n<p>Marc Mennigmann<br \/>\nPedra Branca Caixa Postal 310-M<br \/>\n8600-253 Odiaxere<br \/>\nPortugal\n<\/p>\n<h2>Kontakt<\/h2>\n<p>Telefon: +351 911 919 817<br \/> E-mail: bookings@casa-amendoeira.com<\/p>\n<h2>Verantwortlich f\u00fcr den Inhalt nach \u00a7 55 Abs. 2 RStV<\/h2>\n<p>Marc Mennigmann, Adressdaten wie oben<\/p>\n<h3>Ansvar for indhold<\/h3>\n<p>Som tjenesteudbydere er vi ansvarlige for eget indhold p\u00e5 disse hjemmesider i henhold til \u00a7 7, stk. 1 i den tyske telemiddellov (TMG). I henhold til \u00a7 8-10 i den tyske telemiddellov (TMG) er tjenesteudbydere dog ikke forpligtet til at overv\u00e5ge indsendte eller lagrede oplysninger permanent eller til at s\u00f8ge efter beviser, der tyder p\u00e5 ulovlige aktiviteter.<br \/> De juridiske forpligtelser til at fjerne oplysninger eller til at blokere brugen af oplysninger er uanf\u00e6gtede. I dette tilf\u00e6lde er ansvar kun muligt p\u00e5 det tidspunkt, hvor man f\u00e5r kendskab til en specifik lovovertr\u00e6delse. Ulovligt indhold vil blive fjernet straks, n\u00e5r vi f\u00e5r kendskab til det.<\/p>\n<h3>Ansvar for links<\/h3>\n<p>Vores tilbud indeholder links til eksterne tredjepartswebsteder. Vi har ingen indflydelse p\u00e5 indholdet af disse websteder, og vi kan derfor ikke garantere for indholdet. Udbydere eller administratorer af linkede websteder er altid ansvarlige for deres eget indhold.<br \/> De linkede websteder var blevet kontrolleret for eventuelle lovovertr\u00e6delser p\u00e5 det tidspunkt, hvor linket blev oprettet. Der blev ikke konstateret ulovligt indhold p\u00e5 tidspunktet for oprettelsen af linket. Der kan ikke indf\u00f8res en permanent overv\u00e5gning af indholdet af linkede websteder uden rimelige indikationer p\u00e5, at der er sket en overtr\u00e6delse af loven. Ulovlige links vil blive fjernet straks, n\u00e5r vi f\u00e5r kendskab til dem.<\/p>\n<h3>Copyright<\/h3>\n<p>Indhold og kompilationer, der er offentliggjort p\u00e5 disse websteder af udbyderne, er underlagt tysk ophavsret. Reproduktion, redigering, distribution samt enhver form for brug uden for rammerne af ophavsretsloven kr\u00e6ver skriftlig tilladelse fra forfatteren eller ophavsmanden. Downloads og kopier af disse websteder er kun tilladt til privat brug.<br \/> Kommerciel brug af vores indhold uden tilladelse fra ophavsmanden er forbudt.<br \/> Tredjeparters ophavsretlige love respekteres, s\u00e5 l\u00e6nge indholdet p\u00e5 disse websteder ikke stammer fra udbyderen. Bidrag fra tredjeparter p\u00e5 dette websted er angivet som s\u00e5danne. Hvis du imidlertid bem\u00e6rker overtr\u00e6delser af ophavsretsloven, bedes du informere os herom. S\u00e5dant indhold vil straks blive fjernet.<\/p>\n<p>Quelle: <a href=\"https:\/\/www.e-recht24.de\/impressum-generator.html\" target=\"_blank\" rel=\"noopener\">https:\/\/www.e-recht24.de\/impressum-generator.html<\/a><\/p>\n<\/div><\/div><\/div><\/div><\/div>","protected":false},"excerpt":{"rendered":"","protected":false},"author":1,"featured_media":0,"parent":0,"menu_order":0,"comment_status":"closed","ping_status":"closed","template":"","meta":{"footnotes":""},"simple-restrict-permission":[],"class_list":["post-746","page","type-page","status-publish","hentry"],"_links":{"self":[{"href":"https:\/\/casa-amendoeira.com\/da\/wp-json\/wp\/v2\/pages\/746","targetHints":{"allow":["GET"]}}],"collection":[{"href":"https:\/\/casa-amendoeira.com\/da\/wp-json\/wp\/v2\/pages"}],"about":[{"href":"https:\/\/casa-amendoeira.com\/da\/wp-json\/wp\/v2\/types\/page"}],"author":[{"embeddable":true,"href":"https:\/\/casa-amendoeira.com\/da\/wp-json\/wp\/v2\/users\/1"}],"replies":[{"embeddable":true,"href":"https:\/\/casa-amendoeira.com\/da\/wp-json\/wp\/v2\/comments?post=746"}],"version-history":[{"count":1,"href":"https:\/\/casa-amendoeira.com\/da\/wp-json\/wp\/v2\/pages\/746\/revisions"}],"predecessor-version":[{"id":4188,"href":"https:\/\/casa-amendoeira.com\/da\/wp-json\/wp\/v2\/pages\/746\/revisions\/4188"}],"wp:attachment":[{"href":"https:\/\/casa-amendoeira.com\/da\/wp-json\/wp\/v2\/media?parent=746"}],"wp:term":[{"taxonomy":"simple-restrict-permission","embeddable":true,"href":"https:\/\/casa-amendoeira.com\/da\/wp-json\/wp\/v2\/simple-restrict-permission?post=746"}],"curies":[{"name":"wp","href":"https:\/\/api.w.org\/{rel}","templated":true}]}}