{"id":312,"date":"2017-05-04T16:23:26","date_gmt":"2017-05-04T14:23:26","guid":{"rendered":"http:\/\/casa-amendoeira.com\/?page_id=312"},"modified":"2026-01-05T15:25:38","modified_gmt":"2026-01-05T13:25:38","slug":"ferienhauser-portugal","status":"publish","type":"page","link":"https:\/\/casa-amendoeira.com\/de\/","title":{"rendered":"Ferienh\u00e4user in Lagos, Portugal"},"content":{"rendered":"<div class=\"et_pb_section_0 et_pb_section et_pb_fullwidth_section et_section_regular et_block_section\"><section class=\"et_pb_fullwidth_header_0 et_pb_fullwidth_header et_pb_fullscreen et_pb_bg_layout_dark et_pb_text_align_center et_pb_section_parallax et_pb_module et_flex_module\"><span class=\"et-pb-parallax-wrapper\"><span class=\"et-pb-parallax-background et-pb-parallax-background-module--divi-fullwidth-header-0\" style=\"background-image:url(https:\/\/casa-amendoeira.com\/wp-content\/uploads\/2019\/04\/Bedroom2000_50.jpg)\"><\/span><\/span><div class=\"et_pb_fullwidth_header_container center\"><div class=\"header-content-container center\"><div class=\"header-content et_flex_module\"><h1 class=\"et_pb_module_header\">Entdecken Sie luxuri\u00f6se Ferienh\u00e4user in Lagos f\u00fcr 2026<\/h1><div class=\"et_pb_header_content_wrapper\"><p>Sind Sie auf der Suche nach den perfekten Ferienh\u00e4usern in Lagos, im Herzen der Algarve? Entdecken Sie unsere zwei wundersch\u00f6n renovierten Stadth\u00e4user, die sich innerhalb der historischen Stadtmauern von Lagos befinden.<\/p>\n<\/div><div class=\"et_pb_header_button_wrapper\"><\/div><\/div><\/div><\/div><div class=\"et_pb_fullwidth_header_overlay\"><\/div><div class=\"et_pb_fullwidth_header_scroll\"><a class=\"scroll-down-container\" href=\"#\"><span class=\"scroll-down et-pb-icon\">;<\/span><\/a><\/div><\/section><\/div><div class=\"et_pb_section_1 et_pb_section et_section_regular et_block_section\"><div class=\"et_pb_row_0 et_pb_row et_block_row\"><div class=\"et_pb_column_0 et_pb_column et_pb_column_4_4 et-last-child et_block_column et_pb_css_mix_blend_mode_passthrough\"><div class=\"et_pb_code_0 et_pb_code et_pb_module\"><div class=\"et_pb_code_inner\"><h2>Planen Sie Ihren Urlaub 2026 in Lagos, Portugal<\/h2><\/div><\/div><\/div><\/div><div class=\"et_pb_row_1 et_pb_row et_block_row\"><div class=\"et_pb_column_1 et_pb_column et_pb_column_3_5 et_block_column et_pb_css_mix_blend_mode_passthrough\"><div class=\"et_pb_code_1 et_pb_code et_pb_module\"><div class=\"et_pb_code_inner\"><p>Wir vermieten zwei sch\u00f6ne individuelle Ferienh\u00e4user in Lagos, Portugal. Beide befinden sich im sch\u00f6nen historischen Stadtzentrum, aber dennoch in ruhiger Lage.\nVon beiden H\u00e4usern ist es nur ein kurzer Spaziergang zum klippengesch\u00fctzten Strand von Praia da Batata. Auch der weitl\u00e4ufige Meia Praia ist nicht weit entfernt.<br>\n<br>\nDie portugiesische Algarve gilt als das verlockendste und vielseitigste Urlaubsziel in Europa. Und sie ist nicht einmal weit von Deutschland entfernt. Zwei bis drei Stunden Flugzeit und man steht auf dem Flugplatz von Faro.<\/p><\/div><\/div><\/div><div class=\"et_pb_column_2 et_pb_column et_pb_column_2_5 et-last-child et_block_column et_pb_css_mix_blend_mode_passthrough\"><div class=\"et_pb_image_0 et_pb_image et_pb_module et_block_module\"><a href=\"https:\/\/casa-amendoeira.com\/wp-content\/uploads\/2019\/09\/Praia_Da_Batata.jpg\" class=\"et_pb_lightbox_image\" alt=\"Holiday homes in Lagos\"><span class=\"et_pb_image_wrap\"><img decoding=\"async\" src=\"https:\/\/casa-amendoeira.com\/wp-content\/uploads\/2019\/09\/Praia_Da_Batata.jpg\" width=\"1200\" height=\"802\" class=\"wp-image-1496\" title=\"Ferienh\u00e4user in Lagos\" alt=\"Ferienh\u00e4user in Lagos\" \/><\/span><\/a><\/div><\/div><\/div><div class=\"et_pb_row_2 et_pb_row et_block_row\"><div class=\"et_pb_column_3 et_pb_column et_pb_column_4_4 et-last-child et_block_column et_pb_css_mix_blend_mode_passthrough\"><div class=\"et_pb_code_2 et_pb_code et_pb_module\"><div class=\"et_pb_code_inner\"><h2>Entdecken Sie unsere Auswahl an Ferienunterk\u00fcnften in Lagos<\/h2><\/div><\/div><\/div><\/div><div class=\"et_pb_row_3 et_pb_row et_pb_gutters2 et_block_row\"><div class=\"et_pb_column_4 et_pb_column et_pb_column_1_2 et_block_column et_pb_css_mix_blend_mode_passthrough\"><div class=\"et_pb_blurb_0 et_pb_blurb et_pb_bg_layout_light et_pb_blurb_position_top et_clickable et_pb_module et_block_module\"><div class=\"et_pb_blurb_content\"><div class=\"et_pb_main_blurb_image\"><a href=\"https:\/\/casa-amendoeira.com\/en\/holiday-home-lagos\/\"><span class=\"et_pb_image_wrap et_pb_only_image_mode_wrap\"><img decoding=\"async\" src=\"https:\/\/casa-amendoeira.com\/wp-content\/uploads\/2018\/11\/CasaMasterBedroom.jpg\" width=\"1200\" height=\"802\" class=\"et-waypoint et_pb_animation_top et_pb_animation_top_tablet et_pb_animation_top_phone wp-image-335\" alt=\"Die Casa Amendoeira ist ein sch\u00f6nes Ferienhaus in Lagos, Portugal.\" title=\"\"><\/span><\/a><\/div><div class=\"et_pb_blurb_container\"><h3 class=\"et_pb_module_header\"><a href=\"https:\/\/casa-amendoeira.com\/en\/holiday-home-lagos\/\">Casa Amendoeira: Ihr ideales Ferienhaus in Lagos<\/a><\/h3><div class=\"et_pb_blurb_description\"><p>Erleben Sie den Charme unseres aufw\u00e4ndig restaurierten Ferienhauses im Herzen von Lagos, dem historischen Zentrum Portugals. Das ger\u00e4umige 100 m\u00b2 gro\u00dfe Haus verf\u00fcgt \u00fcber zwei Schlafzimmer und bietet bequem Platz f\u00fcr bis zu vier G\u00e4ste. Genie\u00dfen Sie die gro\u00dfe Panoramadachterrasse, die einen atemberaubenden Blick auf das Meer bietet. Der sch\u00f6ne Strand ist nur einen gem\u00fctlichen 10-15-min\u00fctigen Spaziergang entfernt.<\/p>\n<\/div><\/div><\/div><\/div><div class=\"et_pb_module et_pb_button_module_wrapper et_pb_button_0_wrapper\"><a class=\"et_pb_button_0 et_pb_button et_pb_bg_layout_light et_pb_module et_block_module\" href=\"https:\/\/casa-amendoeira.com\/de\/ferienhaus-lagos\/\">Details von Casa Amendoeira anzeigen<\/a><\/div><\/div><div class=\"et_pb_column_5 et_pb_column et_pb_column_1_2 et-last-child et_block_column et_pb_css_mix_blend_mode_passthrough\"><div class=\"et_pb_blurb_1 et_pb_blurb et_pb_bg_layout_light et_pb_blurb_position_top et_clickable et_pb_module et_block_module\"><div class=\"et_pb_blurb_content\"><div class=\"et_pb_main_blurb_image\"><a href=\"https:\/\/casa-amendoeira.com\/en\/holiday-home-algarve\/\"><span class=\"et_pb_image_wrap et_pb_only_image_mode_wrap\"><img decoding=\"async\" src=\"https:\/\/casa-amendoeira.com\/wp-content\/uploads\/2018\/12\/L1002040.jpg\" width=\"3000\" height=\"2000\" class=\"et-waypoint et_pb_animation_top et_pb_animation_top_tablet et_pb_animation_top_phone wp-image-380\" alt=\"Ein perfektes Haus f\u00fcr Ihren Urlaub an der Algarve.\" title=\"\"><\/span><\/a><\/div><div class=\"et_pb_blurb_container\"><h3 class=\"et_pb_module_header\"><a href=\"https:\/\/casa-amendoeira.com\/en\/holiday-home-algarve\/\">Casinha Canal: Ein charmantes Ferienhaus in Lagos<\/a><\/h3><div class=\"et_pb_blurb_description\"><p>Tauchen Sie ein in unser marokkanisch inspiriertes Ferienhaus, das im historischen Herzen von Lagos liegt. Dieses 80 m\u00b2 gro\u00dfe Refugium verf\u00fcgt \u00fcber ein Einzelzimmer und bietet bequem Platz f\u00fcr bis zu drei G\u00e4ste. Der atemberaubende Strand ist nur einen gem\u00fctlichen 10-15-min\u00fctigen Spaziergang entfernt.<\/p>\n<\/div><\/div><\/div><\/div><div class=\"et_pb_module et_pb_button_module_wrapper et_pb_button_1_wrapper\"><a class=\"et_pb_button_1 et_pb_button et_pb_bg_layout_light et_pb_module et_block_module\" href=\"https:\/\/casa-amendoeira.com\/de\/ferienhaus-algarve\/\">Details von Casinha Canal anzeigen<\/a><\/div><\/div><\/div><div class=\"et_pb_row_4 et_pb_row et_block_row\"><div class=\"et_pb_column_6 et_pb_column et_pb_column_2_5 et_block_column et_pb_css_mix_blend_mode_passthrough\"><div class=\"et_pb_image_1 et_pb_image et_pb_module et_block_module\"><a href=\"https:\/\/casa-amendoeira.com\/wp-content\/uploads\/2019\/09\/Lagos_Historical_Center.jpg\" class=\"et_pb_lightbox_image\" alt=\"A good place for your Lagos holidays\"><span class=\"et_pb_image_wrap\"><img decoding=\"async\" src=\"https:\/\/casa-amendoeira.com\/wp-content\/uploads\/2019\/09\/Lagos_Historical_Center.jpg\" width=\"1200\" height=\"800\" class=\"wp-image-1497\" title=\"Ein guter Ort f\u00fcr Ihren Urlaub in Lagos\" alt=\"Ein guter Ort f\u00fcr Ihren Urlaub in Lagos\" \/><\/span><\/a><\/div><\/div><div class=\"et_pb_column_7 et_pb_column et_pb_column_3_5 et-last-child et_block_column et_pb_css_mix_blend_mode_passthrough\"><div class=\"et_pb_code_3 et_pb_code et_pb_module\"><div class=\"et_pb_code_inner\"><h3>Vorteile von Ferienunterk\u00fcnften in Lagos<\/h3>\n<p>\nLagos, die wohl malerischste Stadt an der westlichen Algarve, ist\nnur 45 Autominuten vom Flughafen entfernt. F\u00fcr diejenigen, die kein Auto mieten m\u00f6chten,\ngibt es einen Shuttle-Bus-Service. Unsere Ferienh\u00e4user in Lagos bieten einen\neinen ruhigen R\u00fcckzugsort, weit weg vom Massentourismus und weit weg vom\nTourismus und weit weg von den typischen Beton-Ferienh\u00e4usern.<br>\n<br>\nUnsere Immobilien bieten ein einzigartiges Erlebnis, das sich von normalen\nFerienwohnungen oder -appartements, da sie Orte sind, an denen wir pers\u00f6nlich gerne\nunseren Urlaub verbringen - f\u00fcr einen komfortablen und ungest\u00f6rten\nAufenthalt.<br>\n<br>\nDie Buchung \u00fcber unsere Website garantiert Ihnen eine pers\u00f6nliche und kosteng\u00fcnstige\nErfahrung, da Sie direkt bei den Eigent\u00fcmern buchen. Im Gegensatz zu Plattformen\n wie FeWo-direkt, Booking.com oder Airbnb, erheben wir keine Vermittlungsgeb\u00fchren.\nUnser Engagement f\u00fcr einen angenehmen Aufenthalt spiegelt sich in unseren\ndurchweg positiven Bewertungen wider.<\/p><\/div><\/div><\/div><\/div><div class=\"et_pb_row_5 et_pb_row et_block_row\"><div class=\"et_pb_column_8 et_pb_column et_pb_column_4_4 et-last-child et_block_column et_pb_css_mix_blend_mode_passthrough\"><div class=\"et_pb_code_4 et_pb_code et_pb_module\"><div class=\"et_pb_code_inner\"><h2>Wie mieten Sie Ihr Traumferienhaus in Lagos?<\/h2><\/div><\/div><\/div><\/div><div class=\"et_pb_row_6 et_pb_row et_block_row\"><div class=\"et_pb_column_9 et_pb_column et_pb_column_3_5 et_block_column et_pb_css_mix_blend_mode_passthrough\"><div class=\"et_pb_code_5 et_pb_code et_pb_module\"><div class=\"et_pb_code_inner\"><p>Sie haben die richtige Wahl getroffen, hierher zu kommen. W\u00e4hrend unsere Ferien\nFerienh\u00e4user in Lagos auf VRBO und Airbnb gelistet sind, k\u00f6nnen Sie direkt \u00fcber\nunserer Homepage k\u00f6nnen Sie direkt beim Eigent\u00fcmer mieten und sparen so\nzus\u00e4tzliche Geb\u00fchren oder Provisionen, die typischerweise mit einer Agentur\nVermietungen an der Algarve verbunden sind.<br>\nW\u00e4hlen Sie einfach eines der H\u00e4user oben aus, und auf der Detailseite finden Sie\nfinden Sie eine Option, mit der Sie Ihr Urlaubsdatum ausw\u00e4hlen und den\nPreis.<\/p>\n<p>Wenn Sie lieber \u00fcber eine vertraute Plattform buchen m\u00f6chten,\n k\u00f6nnen Sie unsere Immobilien \u00fcber die angegebenen Links auf VRBO und Airbnb finden.\nBitte beachten Sie jedoch, dass diese Plattformen f\u00fcr ihre Dienstleistungen eine Provision\n f\u00fcr ihre Dienstleistungen verlangen.<\/p>\n  <a href=\"https:\/\/airbnb.com\/h\/amendoeira\" target=\"_blank\" rel=\"noopener\">Das Casa Amendoeira auf Airbnb<\/a><br>\n    <a href=\"https:\/\/www.booking.com\/hotel\/pt\/fabulous-restored-townhouse-in-lagos-old-town-with-panoramic-roof-terrace.de.html\" target=\"_blank\" rel=\"noopener\">Das Casa Amendoeira auf Booking.com<\/a>\n  <\/p>\n<p>\n  <a href=\"https:\/\/airbnb.com\/h\/casinhacanal\" target=\"_blank\" rel=\"noopener\">Das Casinha Canal auf Airbnb<\/a><br>\n  <a href=\"https:\/\/www.booking.com\/hotel\/pt\/casinha-canal.de.html\" target=\"_blank\" rel=\"noopener\">Das Casinha Canal auf Booking.com<\/a><\/p>\n  <\/p><\/div><\/div><\/div><div class=\"et_pb_column_10 et_pb_column et_pb_column_2_5 et-last-child et_block_column et_pb_css_mix_blend_mode_passthrough\"><div class=\"et_pb_image_2 et_pb_image et_pb_module et_block_module\"><a href=\"https:\/\/casa-amendoeira.com\/wp-content\/uploads\/2019\/06\/Surfers.jpg\" class=\"et_pb_lightbox_image\" alt=\"Airbnb in Lagos\"><span class=\"et_pb_image_wrap\"><img decoding=\"async\" src=\"https:\/\/casa-amendoeira.com\/wp-content\/uploads\/2019\/06\/Surfers.jpg\" width=\"1200\" height=\"800\" class=\"wp-image-805\" title=\"Airbnb in Lagos\" alt=\"Airbnb in Lagos\" \/><\/span><\/a><\/div><\/div><\/div><div class=\"et_pb_row_7 et_pb_row et_block_row\"><div class=\"et_pb_column_11 et_pb_column et_pb_column_4_4 et-last-child et_block_column et_pb_css_mix_blend_mode_passthrough\"><div class=\"et_pb_code_6 et_pb_code et_pb_module\"><div class=\"et_pb_code_inner\"><h2>Was macht Lagos zum perfekten Urlaubsziel?<\/h2><\/div><\/div><\/div><\/div><div class=\"et_pb_row_8 et_pb_row et_block_row\"><div class=\"et_pb_column_12 et_pb_column et_pb_column_2_5 et_block_column et_pb_css_mix_blend_mode_passthrough\"><div class=\"et_pb_image_3 et_pb_image et_pb_module et_block_module\"><a href=\"https:\/\/casa-amendoeira.com\/wp-content\/uploads\/2014\/11\/Coastline.jpg\" class=\"et_pb_lightbox_image\" alt=\"Praia Da Batata, Lagos\"><span class=\"et_pb_image_wrap\"><img decoding=\"async\" src=\"https:\/\/casa-amendoeira.com\/wp-content\/uploads\/2014\/11\/Coastline.jpg\" width=\"2048\" height=\"1152\" class=\"wp-image-153\" title=\"Ferien an der K\u00fcste der Algarve\" alt=\"Praia Da Batata, Lagos\" \/><\/span><\/a><\/div><\/div><div class=\"et_pb_column_13 et_pb_column et_pb_column_3_5 et-last-child et_block_column et_pb_css_mix_blend_mode_passthrough\"><div class=\"et_pb_code_7 et_pb_code et_pb_module\"><div class=\"et_pb_code_inner\">Erleben Sie den Charme der Algarve, Portugals beliebter S\u00fcdk\u00fcste. Mit ihren atemberaubenden Sandstr\u00e4nden, charmanten Fischerd\u00f6rfern und dem angenehmen Klima ist sie das ideale Reiseziel f\u00fcr einen unvergesslichen Urlaub.<br>\nDie Algarve verf\u00fcgt \u00fcber eine gro\u00dfe Vielfalt an Attraktionen. Von familienfreundlichen, unber\u00fchrten Str\u00e4nden und aufregenden Wasserparks f\u00fcr Abenteurer \u00fcber ein pulsierendes Nachtleben f\u00fcr Partyg\u00e4nger bis hin zu historischen St\u00e4dten f\u00fcr Kulturinteressierte. Jenseits der pulsierenden St\u00e4dte k\u00f6nnen Sie \u00fcber 200 Kilometer atemberaubende K\u00fcste, majest\u00e4tisches Bergland und ruhige Naturschutzgebiete erkunden.<\/div><\/div><\/div><\/div><div class=\"et_pb_row_9 et_pb_row et_block_row\"><div class=\"et_pb_column_14 et_pb_column et_pb_column_3_5 et_block_column et_pb_css_mix_blend_mode_passthrough\"><div class=\"et_pb_text_0 et_pb_text et_pb_bg_layout_light et_pb_module et_block_module\"><div class=\"et_pb_text_inner\"><p>F\u00fcr Ihren Urlaub ist die Algarve ein stressfreies Reiseziel; die Gegend ist sehr sicher, Englisch wird weithin gesprochen, die Hotels haben einen sehr hohen Standard und die Portugiesen sind sehr gastfreundlich. Die Algarve ist nicht nur ein gro\u00dfartiges Urlaubsziel, sie ist auch eines der g\u00fcnstigsten Reiseziele in Europa, viel g\u00fcnstiger als Spanien, Griechenland oder Frankreich.<br \/>Die Algarve hat viel zu bieten, also lassen Sie uns Ihnen helfen, Ihre Reise in diese erstaunliche Gegend zu planen.<\/p>\n<p>Die vier gr\u00f6\u00dften St\u00e4dte der Region sind Albufeira, Lagos, Praia da Rocha und Vilamoura, die alle vier wundersch\u00f6ne Str\u00e4nde, ein reges Nachtleben und unz\u00e4hlige Urlaubsaktivit\u00e4ten bieten.<br \/>Lagos ist unser pers\u00f6nlicher Favorit, da es eine lebendigere Stadt ist als die anderen. Lagos hat das portugiesischste Flair von allen und kombiniert eine historische Stadt mit wundersch\u00f6nen Str\u00e4nden. Und nat\u00fcrlich haben wir unsere beiden Ferienh\u00e4user in Lagos!<\/p>\n<p>Die Westk\u00fcste der Algarve (die Nord- und S\u00fcdk\u00fcste zwischen Sagres und Odeceixe, etwa 30 Autominuten von Lagos entfernt) ist der Kraft des Atlantischen Ozeans ausgesetzt. Dies ist eine atemberaubend sch\u00f6ne Gegend mit hoch aufragenden Klippen, windgepeitschten Str\u00e4nden und weiten Meeren. Hier gibt es fast keine touristische Entwicklung.<\/p>\n<p>&nbsp;<\/p>\n<\/div><\/div><\/div><div class=\"et_pb_column_15 et_pb_column et_pb_column_2_5 et-last-child et_block_column et_pb_css_mix_blend_mode_passthrough\"><div class=\"et_pb_image_4 et_pb_image et_pb_module et_block_module\"><a href=\"https:\/\/casa-amendoeira.com\/wp-content\/uploads\/2019\/06\/RuaDaAmendoeira.jpg\" class=\"et_pb_lightbox_image\" alt=\"Holiday homes in Lagos\"><span class=\"et_pb_image_wrap\"><img decoding=\"async\" src=\"https:\/\/casa-amendoeira.com\/wp-content\/uploads\/2019\/06\/RuaDaAmendoeira.jpg\" width=\"2250\" height=\"3000\" class=\"wp-image-908\" title=\"Das Casa Amendoeira (links im Bild) oben auf der Rua da Amendoeira\" alt=\"Ferienh\u00e4user in Lagos\" \/><\/span><\/a><\/div><\/div><\/div><div class=\"et_pb_row_10 et_pb_row et_block_row\"><div class=\"et_pb_column_16 et_pb_column et_pb_column_4_4 et-last-child et_block_column et_pb_css_mix_blend_mode_passthrough\"><div class=\"et_pb_code_8 et_pb_code et_pb_module\"><div class=\"et_pb_code_inner\"><h2>Erleben Sie den Charme eines Ferienhauses in Lagos?<\/h2><\/div><\/div><\/div><\/div><div class=\"et_pb_row_11 et_pb_row et_pb_gutters2 et_block_row\"><div class=\"et_pb_column_17 et_pb_column et_pb_column_1_2 et_block_column et_pb_css_mix_blend_mode_passthrough\"><div class=\"et_pb_blurb_2 et_pb_blurb et_pb_bg_layout_light et_pb_blurb_position_top et_clickable et_pb_module et_block_module\"><div class=\"et_pb_blurb_content\"><div class=\"et_pb_main_blurb_image\"><a href=\"https:\/\/casa-amendoeira.com\/en\/holiday-home-lagos\/\"><span class=\"et_pb_image_wrap et_pb_only_image_mode_wrap\"><img decoding=\"async\" src=\"https:\/\/casa-amendoeira.com\/wp-content\/uploads\/2019\/12\/CasaSofas-scaled.jpg\" width=\"2560\" height=\"1920\" class=\"et-waypoint et_pb_animation_top et_pb_animation_top_tablet et_pb_animation_top_phone wp-image-1549\" alt=\"Neue, bequeme Sitzgelegenheiten im Wohnzimmer von Casa Amendoeira\" title=\"\"><\/span><\/a><\/div><div class=\"et_pb_blurb_container\"><h3 class=\"et_pb_module_header\"><a href=\"https:\/\/casa-amendoeira.com\/en\/holiday-home-lagos\/\">Erleben Sie Luxus bei Casa Amendoeira in Lagos<\/a><\/h3><div class=\"et_pb_blurb_description\"><p>Die Casa ist ein aufwendig restauriertes Haus im historischen Zentrum von Lagos, Portugal. 100 m\u00b2 Wohnfl\u00e4che auf zwei Etagen mit zwei Schlafzimmern und Platz f\u00fcr bis zu vier Personen. Der Strand ist in 10-15 Minuten zu Fu\u00df zu erreichen.<\/p>\n<\/div><\/div><\/div><\/div><div class=\"et_pb_module et_pb_button_module_wrapper et_pb_button_2_wrapper\"><a class=\"et_pb_button_2 et_pb_button et_pb_bg_layout_light et_pb_module et_block_module\" href=\"https:\/\/casa-amendoeira.com\/de\/ferienhaus-lagos\/\">Einzelheiten zum Casa Amendoeira<\/a><\/div><\/div><div class=\"et_pb_column_18 et_pb_column et_pb_column_1_2 et-last-child et_block_column et_pb_css_mix_blend_mode_passthrough\"><div class=\"et_pb_blurb_3 et_pb_blurb et_pb_bg_layout_light et_pb_blurb_position_top et_clickable et_pb_module et_block_module\"><div class=\"et_pb_blurb_content\"><div class=\"et_pb_main_blurb_image\"><a href=\"https:\/\/casa-amendoeira.com\/en\/holiday-home-algarve\/\"><span class=\"et_pb_image_wrap et_pb_only_image_mode_wrap\"><img decoding=\"async\" src=\"https:\/\/casa-amendoeira.com\/wp-content\/uploads\/2019\/06\/DSF6766.jpg\" width=\"1200\" height=\"853\" class=\"et-waypoint et_pb_animation_top et_pb_animation_top_tablet et_pb_animation_top_phone wp-image-1124\" alt=\"Ein perfektes Haus f\u00fcr Ihren Urlaub an der Algarve.\" title=\"\"><\/span><\/a><\/div><div class=\"et_pb_blurb_container\"><h3 class=\"et_pb_module_header\"><a href=\"https:\/\/casa-amendoeira.com\/en\/holiday-home-algarve\/\">Entdecken Sie den Charme von Casinha Canal in Lagos<\/a><\/h3><div class=\"et_pb_blurb_description\"><p>Marokkanisch inspiriertes Ferienhaus im historischen Zentrum von Lagos. 80 m\u00b2 Wohnfl\u00e4che mit einem Schlafzimmer und Platz f\u00fcr bis zu drei Personen. Das Casinha Canal ist ein charmantes, romantisches altes Stadthaus, mit Str\u00e4nden, Restaurants, Bars und Gesch\u00e4ften in Laufn\u00e4he.<\/p>\n<\/div><\/div><\/div><\/div><div class=\"et_pb_module et_pb_button_module_wrapper et_pb_button_3_wrapper\"><a class=\"et_pb_button_3 et_pb_button et_pb_bg_layout_light et_pb_module et_block_module\" href=\"https:\/\/casa-amendoeira.com\/de\/ferienhaus-algarve\/\">Einzelheiten zum Casinha Canal<\/a><\/div><\/div><\/div><\/div><div class=\"et_pb_section_2 et_pb_section et_section_regular et_block_section\"><div class=\"et_pb_row_12 et_pb_row et_block_row\"><div class=\"et_pb_column_19 et_pb_column et_pb_column_4_4 et-last-child et_block_column et_pb_css_mix_blend_mode_passthrough\"><div class=\"et_pb_text_1 et_pb_text et_pb_bg_layout_light et_pb_module et_block_module\"><div class=\"et_pb_text_inner\"><p style=\"text-align: center;\">Lagos hat f\u00fcr jeden etwas zu bieten. Die Altstadt ist f\u00fcr alle Altersgruppen geeignet, mit vielen kleinen Gesch\u00e4ften, coolen Bars f\u00fcr junge Leute und eleganten Restaurants f\u00fcr diejenigen, die einen entspannten Abend verbringen m\u00f6chten. Lagos ist ein beliebtes Touristenziel, das mit seiner von Klippen ges\u00e4umten K\u00fcste, seinen sch\u00f6nen Landschaften und seiner lebendigen Kultur Besucher aus der ganzen Welt anzieht. Zu den beliebtesten Attraktionen von Lagos geh\u00f6ren der Strand Praia do Camilo, der Strand Meia Praia und der Yachthafen von Lagos. Die Stadt ist auch f\u00fcr ihr pulsierendes Nachtleben bekannt, mit vielen Bars, Clubs und Restaurants, die bis sp\u00e4t in die Nacht ge\u00f6ffnet sind.<\/p>\n<p style=\"text-align: center;\">Unsere beiden Ferienh\u00e4user in Lagos sind der beste Ausgangspunkt f\u00fcr Ihren Urlaub im kosmopolitischsten Ferienort der Algarve.<\/p>\n<p>&nbsp;<\/p>\n<h3 style=\"text-align: center;\">Wir w\u00fcrden uns freuen, Sie bald als unsere G\u00e4ste in unseren Ferienh\u00e4usern in Lagos begr\u00fc\u00dfen zu d\u00fcrfen.<\/h3>\n<\/div><\/div><\/div><\/div><\/div>","protected":false},"excerpt":{"rendered":"","protected":false},"author":1,"featured_media":0,"parent":0,"menu_order":0,"comment_status":"closed","ping_status":"closed","template":"","meta":{"footnotes":""},"simple-restrict-permission":[],"class_list":["post-312","page","type-page","status-publish","hentry"],"_links":{"self":[{"href":"https:\/\/casa-amendoeira.com\/de\/wp-json\/wp\/v2\/pages\/312","targetHints":{"allow":["GET"]}}],"collection":[{"href":"https:\/\/casa-amendoeira.com\/de\/wp-json\/wp\/v2\/pages"}],"about":[{"href":"https:\/\/casa-amendoeira.com\/de\/wp-json\/wp\/v2\/types\/page"}],"author":[{"embeddable":true,"href":"https:\/\/casa-amendoeira.com\/de\/wp-json\/wp\/v2\/users\/1"}],"replies":[{"embeddable":true,"href":"https:\/\/casa-amendoeira.com\/de\/wp-json\/wp\/v2\/comments?post=312"}],"version-history":[{"count":5,"href":"https:\/\/casa-amendoeira.com\/de\/wp-json\/wp\/v2\/pages\/312\/revisions"}],"predecessor-version":[{"id":4184,"href":"https:\/\/casa-amendoeira.com\/de\/wp-json\/wp\/v2\/pages\/312\/revisions\/4184"}],"wp:attachment":[{"href":"https:\/\/casa-amendoeira.com\/de\/wp-json\/wp\/v2\/media?parent=312"}],"wp:term":[{"taxonomy":"simple-restrict-permission","embeddable":true,"href":"https:\/\/casa-amendoeira.com\/de\/wp-json\/wp\/v2\/simple-restrict-permission?post=312"}],"curies":[{"name":"wp","href":"https:\/\/api.w.org\/{rel}","templated":true}]}}