{"id":312,"date":"2017-05-04T16:23:26","date_gmt":"2017-05-04T14:23:26","guid":{"rendered":"http:\/\/casa-amendoeira.com\/?page_id=312"},"modified":"2026-01-05T15:25:38","modified_gmt":"2026-01-05T13:25:38","slug":"casas-de-vacaciones-portugal","status":"publish","type":"page","link":"https:\/\/casa-amendoeira.com\/es\/","title":{"rendered":"Casas de vacaciones en Lagos, Portugal"},"content":{"rendered":"<div class=\"et_pb_section_0 et_pb_section et_pb_fullwidth_section et_section_regular et_block_section\"><section class=\"et_pb_fullwidth_header_0 et_pb_fullwidth_header et_pb_fullscreen et_pb_bg_layout_dark et_pb_text_align_center et_pb_section_parallax et_pb_module et_flex_module\"><span class=\"et-pb-parallax-wrapper\"><span class=\"et-pb-parallax-background et-pb-parallax-background-module--divi-fullwidth-header-0\" style=\"background-image:url(https:\/\/casa-amendoeira.com\/wp-content\/uploads\/2019\/04\/Bedroom2000_50.jpg)\"><\/span><\/span><div class=\"et_pb_fullwidth_header_container center\"><div class=\"header-content-container center\"><div class=\"header-content et_flex_module\"><h1 class=\"et_pb_module_header\">Descubra las lujosas casas de vacaciones en Lagos para 2026<\/h1><div class=\"et_pb_header_content_wrapper\"><p>\u00bfEst\u00e1 buscando las casas de vacaciones perfectas en Lagos, en el coraz\u00f3n del Algarve? Descubra nuestras dos hermosas casas adosadas renovadas, situadas dentro de las hist\u00f3ricas murallas de Lagos.<\/p>\n<\/div><div class=\"et_pb_header_button_wrapper\"><\/div><\/div><\/div><\/div><div class=\"et_pb_fullwidth_header_overlay\"><\/div><div class=\"et_pb_fullwidth_header_scroll\"><a class=\"scroll-down-container\" href=\"#\"><span class=\"scroll-down et-pb-icon\">;<\/span><\/a><\/div><\/section><\/div><div class=\"et_pb_section_1 et_pb_section et_section_regular et_block_section\"><div class=\"et_pb_row_0 et_pb_row et_block_row\"><div class=\"et_pb_column_0 et_pb_column et_pb_column_4_4 et-last-child et_block_column et_pb_css_mix_blend_mode_passthrough\"><div class=\"et_pb_code_0 et_pb_code et_pb_module\"><div class=\"et_pb_code_inner\"><h2>Planifique sus vacaciones de 2026 en Lagos (Portugal)<\/h2><\/div><\/div><\/div><\/div><div class=\"et_pb_row_1 et_pb_row et_block_row\"><div class=\"et_pb_column_1 et_pb_column et_pb_column_3_5 et_block_column et_pb_css_mix_blend_mode_passthrough\"><div class=\"et_pb_code_1 et_pb_code et_pb_module\"><div class=\"et_pb_code_inner\"><p>Alquilamos dos hermosas casas de vacaciones individuales en Lagos, Portugal. Ambos est\u00e1n situados en el hermoso centro hist\u00f3rico de la ciudad, pero todav\u00eda en una zona tranquila.\nDesde ambas casas es s\u00f3lo un corto paseo a la playa protegida acantilado de Praia da Batata. Tambi\u00e9n la espaciosa Meia Praia no est\u00e1 lejos.<br>\n<br>\nEl Algarve portugu\u00e9s est\u00e1 considerado como el destino vacacional m\u00e1s atractivo y vers\u00e1til de Europa. Y ni siquiera est\u00e1 lejos de Alemania. Dos o tres horas de vuelo y se encuentra en el aer\u00f3dromo de Faro.<\/p><\/div><\/div><\/div><div class=\"et_pb_column_2 et_pb_column et_pb_column_2_5 et-last-child et_block_column et_pb_css_mix_blend_mode_passthrough\"><div class=\"et_pb_image_0 et_pb_image et_pb_module et_block_module\"><a href=\"https:\/\/casa-amendoeira.com\/wp-content\/uploads\/2019\/09\/Praia_Da_Batata.jpg\" class=\"et_pb_lightbox_image\" alt=\"Holiday homes in Lagos\"><span class=\"et_pb_image_wrap\"><img decoding=\"async\" src=\"https:\/\/casa-amendoeira.com\/wp-content\/uploads\/2019\/09\/Praia_Da_Batata.jpg\" width=\"1200\" height=\"802\" class=\"wp-image-1496\" title=\"Casas de vacaciones en Lagos\" alt=\"Casas de vacaciones en Lagos\" \/><\/span><\/a><\/div><\/div><\/div><div class=\"et_pb_row_2 et_pb_row et_block_row\"><div class=\"et_pb_column_3 et_pb_column et_pb_column_4_4 et-last-child et_block_column et_pb_css_mix_blend_mode_passthrough\"><div class=\"et_pb_code_2 et_pb_code et_pb_module\"><div class=\"et_pb_code_inner\"><h2>Explore nuestra selecci\u00f3n de alquileres de vacaciones en Lagos<\/h2><\/div><\/div><\/div><\/div><div class=\"et_pb_row_3 et_pb_row et_pb_gutters2 et_block_row\"><div class=\"et_pb_column_4 et_pb_column et_pb_column_1_2 et_block_column et_pb_css_mix_blend_mode_passthrough\"><div class=\"et_pb_blurb_0 et_pb_blurb et_pb_bg_layout_light et_pb_blurb_position_top et_clickable et_pb_module et_block_module\"><div class=\"et_pb_blurb_content\"><div class=\"et_pb_main_blurb_image\"><a href=\"https:\/\/casa-amendoeira.com\/en\/holiday-home-lagos\/\"><span class=\"et_pb_image_wrap et_pb_only_image_mode_wrap\"><img decoding=\"async\" src=\"https:\/\/casa-amendoeira.com\/wp-content\/uploads\/2018\/11\/CasaMasterBedroom.jpg\" width=\"1200\" height=\"802\" class=\"et-waypoint et_pb_animation_top et_pb_animation_top_tablet et_pb_animation_top_phone wp-image-335\" alt=\"El Casa Amendoeira es una hermosa casa de vacaciones en Lagos, Portugal.\" title=\"\"><\/span><\/a><\/div><div class=\"et_pb_blurb_container\"><h3 class=\"et_pb_module_header\"><a href=\"https:\/\/casa-amendoeira.com\/en\/holiday-home-lagos\/\">Casa Amendoeira: Su casa de vacaciones ideal en Lagos<\/a><\/h3><div class=\"et_pb_blurb_description\"><p>Experimente el encanto de nuestra casa de vacaciones restaurada, situada en el coraz\u00f3n de Lagos, el centro hist\u00f3rico de Portugal. Esta espaciosa propiedad de 100 m\u00b2 cuenta con dos dormitorios, con capacidad para alojar c\u00f3modamente hasta cuatro hu\u00e9spedes. Disfrute de la amplia terraza panor\u00e1mica, con impresionantes vistas al mar. La hermosa playa est\u00e1 a s\u00f3lo 10-15 minutos a pie.<\/p>\n<\/div><\/div><\/div><\/div><div class=\"et_pb_module et_pb_button_module_wrapper et_pb_button_0_wrapper\"><a class=\"et_pb_button_0 et_pb_button et_pb_bg_layout_light et_pb_module et_block_module\" href=\"https:\/\/casa-amendoeira.com\/es\/casa-de-vacaciones-lagos\/\">Ver detalles de Casa Amendoeira<\/a><\/div><\/div><div class=\"et_pb_column_5 et_pb_column et_pb_column_1_2 et-last-child et_block_column et_pb_css_mix_blend_mode_passthrough\"><div class=\"et_pb_blurb_1 et_pb_blurb et_pb_bg_layout_light et_pb_blurb_position_top et_clickable et_pb_module et_block_module\"><div class=\"et_pb_blurb_content\"><div class=\"et_pb_main_blurb_image\"><a href=\"https:\/\/casa-amendoeira.com\/en\/holiday-home-algarve\/\"><span class=\"et_pb_image_wrap et_pb_only_image_mode_wrap\"><img decoding=\"async\" src=\"https:\/\/casa-amendoeira.com\/wp-content\/uploads\/2018\/12\/L1002040.jpg\" width=\"3000\" height=\"2000\" class=\"et-waypoint et_pb_animation_top et_pb_animation_top_tablet et_pb_animation_top_phone wp-image-380\" alt=\"Una casa perfecta para sus vacaciones en el Algarve.\" title=\"\"><\/span><\/a><\/div><div class=\"et_pb_blurb_container\"><h3 class=\"et_pb_module_header\"><a href=\"https:\/\/casa-amendoeira.com\/en\/holiday-home-algarve\/\">Casinha Canal: Una encantadora casa de vacaciones en Lagos<\/a><\/h3><div class=\"et_pb_blurb_description\"><p>Sum\u00e9rjase en nuestra casa de vacaciones de inspiraci\u00f3n marroqu\u00ed, situada en el centro hist\u00f3rico de Lagos. Este santuario de 80 m\u00b2 ofrece un dormitorio individual, con capacidad para alojar c\u00f3modamente hasta tres hu\u00e9spedes. La impresionante playa est\u00e1 a s\u00f3lo 10-15 minutos a pie.<\/p>\n<\/div><\/div><\/div><\/div><div class=\"et_pb_module et_pb_button_module_wrapper et_pb_button_1_wrapper\"><a class=\"et_pb_button_1 et_pb_button et_pb_bg_layout_light et_pb_module et_block_module\" href=\"https:\/\/casa-amendoeira.com\/es\/casa-de-vacaciones-algarve\/\">Ver detalles de Casinha Canal<\/a><\/div><\/div><\/div><div class=\"et_pb_row_4 et_pb_row et_block_row\"><div class=\"et_pb_column_6 et_pb_column et_pb_column_2_5 et_block_column et_pb_css_mix_blend_mode_passthrough\"><div class=\"et_pb_image_1 et_pb_image et_pb_module et_block_module\"><a href=\"https:\/\/casa-amendoeira.com\/wp-content\/uploads\/2019\/09\/Lagos_Historical_Center.jpg\" class=\"et_pb_lightbox_image\" alt=\"A good place for your Lagos holidays\"><span class=\"et_pb_image_wrap\"><img decoding=\"async\" src=\"https:\/\/casa-amendoeira.com\/wp-content\/uploads\/2019\/09\/Lagos_Historical_Center.jpg\" width=\"1200\" height=\"800\" class=\"wp-image-1497\" title=\"Un buen lugar para sus vacaciones en Lagos\" alt=\"Un buen lugar para sus vacaciones en Lagos\" \/><\/span><\/a><\/div><\/div><div class=\"et_pb_column_7 et_pb_column et_pb_column_3_5 et-last-child et_block_column et_pb_css_mix_blend_mode_passthrough\"><div class=\"et_pb_code_3 et_pb_code et_pb_module\"><div class=\"et_pb_code_inner\"><h3>Ventajas del alquiler vacacional en Lagos<\/h3>\n<p>\nLagos, posiblemente la ciudad m\u00e1s pintoresca del Algarve occidental, est\u00e1 a\na s\u00f3lo 45 minutos en coche del aeropuerto. Para los que prefieran no alquilar coche,\nhay servicios de autob\u00fas. Nuestras casas de vacaciones en Lagos ofrecen un\nun refugio tranquilo, a salvo del ajetreo y el bullicio del turismo de masas\nturismo de masas y lejos de las t\u00edpicas casas de vacaciones de hormig\u00f3n.<br>\n<br>\nNuestras propiedades ofrecen una experiencia \u00fanica, diferente de los\napartamentos de vacaciones, ya que son lugares en los que disfrutamos personalmente\nnuestras vacaciones, garantizando una estancia c\u00f3moda y\ny tranquila.<br>\n<br>\nReservar a trav\u00e9s de nuestro sitio web le garantiza una experiencia\nexperiencia, ya que est\u00e1 reservando directamente con los propietarios. A diferencia de plataformas\n como FeWo-direkt, Booking.com o Airbnb, no cobramos comisiones de agencia.\nNuestro compromiso de proporcionar una estancia agradable se refleja en nuestras\ncr\u00edticas positivas.<\/p><\/div><\/div><\/div><\/div><div class=\"et_pb_row_5 et_pb_row et_block_row\"><div class=\"et_pb_column_8 et_pb_column et_pb_column_4_4 et-last-child et_block_column et_pb_css_mix_blend_mode_passthrough\"><div class=\"et_pb_code_4 et_pb_code et_pb_module\"><div class=\"et_pb_code_inner\"><h2>\u00bfC\u00f3mo alquilar la casa de sus sue\u00f1os en Lagos?<\/h2><\/div><\/div><\/div><\/div><div class=\"et_pb_row_6 et_pb_row et_block_row\"><div class=\"et_pb_column_9 et_pb_column et_pb_column_3_5 et_block_column et_pb_css_mix_blend_mode_passthrough\"><div class=\"et_pb_code_5 et_pb_code et_pb_module\"><div class=\"et_pb_code_inner\"><p>Ha tomado la decisi\u00f3n correcta al venir aqu\u00ed. Aunque nuestras casas\ncasas de vacaciones en Lagos aparecen en VRBO y Airbnb, reservar directamente a trav\u00e9s de\nnuestra p\u00e1gina web le permite alquilar desde el propietario, que le ahorra de\ncargos adicionales o comisiones t\u00edpicamente asociados con la agencia\nagencias de alquiler en el Algarve.<br>\nS\u00f3lo tiene que seleccionar una de las casas de arriba, y en la p\u00e1gina de detalles, usted encontrar\u00e1\nencontrar\u00e1 una opci\u00f3n para elegir las fechas de sus vacaciones y calcular el\nprecio.<\/p>\n<p>Si se siente m\u00e1s c\u00f3modo reservando a trav\u00e9s de una plataforma conocida,\n puede encontrar nuestras propiedades en VRBO y Airbnb a trav\u00e9s de los enlaces proporcionados.\nSin embargo, tenga en cuenta que estas plataformas pueden a\u00f1adir cargos de comisi\u00f3n\n por sus servicios.<\/p>\n  <a href=\"https:\/\/airbnb.com\/h\/amendoeira\" target=\"_blank\" rel=\"noopener\">El Casa Amendoeira en Airbnb<\/a><br>\n    <a href=\"https:\/\/www.booking.com\/hotel\/pt\/fabulous-restored-townhouse-in-lagos-old-town-with-panoramic-roof-terrace.de.html\" target=\"_blank\" rel=\"noopener\">El Casa Amendoeira en Booking.com<\/a>\n  <\/p>\n<p>\n  <a href=\"https:\/\/airbnb.com\/h\/casinhacanal\" target=\"_blank\" rel=\"noopener\">El Casinha Canal en Airbnb<\/a><br>\n  <a href=\"https:\/\/www.booking.com\/hotel\/pt\/casinha-canal.de.html\" target=\"_blank\" rel=\"noopener\">El Casinha Canal en Booking.com<\/a><\/p>\n  <\/p><\/div><\/div><\/div><div class=\"et_pb_column_10 et_pb_column et_pb_column_2_5 et-last-child et_block_column et_pb_css_mix_blend_mode_passthrough\"><div class=\"et_pb_image_2 et_pb_image et_pb_module et_block_module\"><a href=\"https:\/\/casa-amendoeira.com\/wp-content\/uploads\/2019\/06\/Surfers.jpg\" class=\"et_pb_lightbox_image\" alt=\"Airbnb in Lagos\"><span class=\"et_pb_image_wrap\"><img decoding=\"async\" src=\"https:\/\/casa-amendoeira.com\/wp-content\/uploads\/2019\/06\/Surfers.jpg\" width=\"1200\" height=\"800\" class=\"wp-image-805\" title=\"Airbnb en Lagos\" alt=\"Airbnb en Lagos\" \/><\/span><\/a><\/div><\/div><\/div><div class=\"et_pb_row_7 et_pb_row et_block_row\"><div class=\"et_pb_column_11 et_pb_column et_pb_column_4_4 et-last-child et_block_column et_pb_css_mix_blend_mode_passthrough\"><div class=\"et_pb_code_6 et_pb_code et_pb_module\"><div class=\"et_pb_code_inner\"><h2>\u00bfQu\u00e9 hace de Lagos el destino de vacaciones perfecto?<\/h2><\/div><\/div><\/div><\/div><div class=\"et_pb_row_8 et_pb_row et_block_row\"><div class=\"et_pb_column_12 et_pb_column et_pb_column_2_5 et_block_column et_pb_css_mix_blend_mode_passthrough\"><div class=\"et_pb_image_3 et_pb_image et_pb_module et_block_module\"><a href=\"https:\/\/casa-amendoeira.com\/wp-content\/uploads\/2014\/11\/Coastline.jpg\" class=\"et_pb_lightbox_image\" alt=\"Praia Da Batata, Lagos\"><span class=\"et_pb_image_wrap\"><img decoding=\"async\" src=\"https:\/\/casa-amendoeira.com\/wp-content\/uploads\/2014\/11\/Coastline.jpg\" width=\"2048\" height=\"1152\" class=\"wp-image-153\" title=\"Costa de vacaciones en el Algarve\" alt=\"Praia Da Batata, Lagos\" \/><\/span><\/a><\/div><\/div><div class=\"et_pb_column_13 et_pb_column et_pb_column_3_5 et-last-child et_block_column et_pb_css_mix_blend_mode_passthrough\"><div class=\"et_pb_code_7 et_pb_code et_pb_module\"><div class=\"et_pb_code_inner\">Descubra el encanto del Algarve, la adorada costa meridional de Portugal. Con sus impresionantes playas de arena, sus encantadores pueblos pesqueros y su agradable clima, es el destino ideal para una escapada memorable.<br>\nEl Algarve cuenta con una gran diversidad de atracciones. Desde playas v\u00edrgenes para toda la familia y emocionantes parques acu\u00e1ticos para los aventureros, hasta una vibrante vida nocturna para los amantes de la fiesta y ciudades hist\u00f3ricas para los entusiastas de la cultura. M\u00e1s all\u00e1 de las bulliciosas ciudades, explore m\u00e1s de 200 kil\u00f3metros de impresionante costa, majestuosos paisajes monta\u00f1osos y serenas reservas naturales.<\/div><\/div><\/div><\/div><div class=\"et_pb_row_9 et_pb_row et_block_row\"><div class=\"et_pb_column_14 et_pb_column et_pb_column_3_5 et_block_column et_pb_css_mix_blend_mode_passthrough\"><div class=\"et_pb_text_0 et_pb_text et_pb_bg_layout_light et_pb_module et_block_module\"><div class=\"et_pb_text_inner\"><p>Para sus vacaciones, el Algarve es un destino sin estr\u00e9s; la zona es muy segura, se habla mucho ingl\u00e9s, los hoteles son de muy alto nivel y los portugueses son muy acogedores. El Algarve no s\u00f3lo es un gran destino de vacaciones, sino que tambi\u00e9n es uno de los destinos tur\u00edsticos m\u00e1s baratos de Europa, mucho m\u00e1s que Espa\u00f1a, Grecia o Francia.<br \/>El Algarve tiene mucho que amar, as\u00ed que perm\u00edtanos ayudarle a planificar su viaje a esta incre\u00edble zona.<\/p>\n<p>Las cuatro ciudades m\u00e1s grandes de la regi\u00f3n son Albufeira, Lagos, Praia da Rocha y Vilamoura, que ofrecen hermosas playas, una rica vida nocturna y un sinf\u00edn de actividades vacacionales.<br \/>Lagos es nuestra favorita, ya que es una ciudad m\u00e1s vibrante que las dem\u00e1s. Lagos es la m\u00e1s portuguesa de todas, ya que combina una ciudad hist\u00f3rica con hermosas playas. Y, por supuesto, \u00a1tenemos nuestras dos casas de vacaciones en Lagos!<\/p>\n<p>La costa occidental del Algarve (las costas norte y sur entre Sagres y Odeceixe, a unos 30 minutos en coche de Lagos) est\u00e1 expuesta a la fuerza del oc\u00e9ano Atl\u00e1ntico. Se trata de una zona de impresionante belleza, con imponentes acantilados, playas azotadas por el viento y mares inmensos. Aqu\u00ed casi no hay desarrollo tur\u00edstico.<\/p>\n<p>&nbsp;<\/p>\n<\/div><\/div><\/div><div class=\"et_pb_column_15 et_pb_column et_pb_column_2_5 et-last-child et_block_column et_pb_css_mix_blend_mode_passthrough\"><div class=\"et_pb_image_4 et_pb_image et_pb_module et_block_module\"><a href=\"https:\/\/casa-amendoeira.com\/wp-content\/uploads\/2019\/06\/RuaDaAmendoeira.jpg\" class=\"et_pb_lightbox_image\" alt=\"Holiday homes in Lagos\"><span class=\"et_pb_image_wrap\"><img decoding=\"async\" src=\"https:\/\/casa-amendoeira.com\/wp-content\/uploads\/2019\/06\/RuaDaAmendoeira.jpg\" width=\"2250\" height=\"3000\" class=\"wp-image-908\" title=\"El Casa Amendoeira (a la izquierda en esta foto) en lo alto de la Rua da Amendoeira\" alt=\"Casas de vacaciones en Lagos\" \/><\/span><\/a><\/div><\/div><\/div><div class=\"et_pb_row_10 et_pb_row et_block_row\"><div class=\"et_pb_column_16 et_pb_column et_pb_column_4_4 et-last-child et_block_column et_pb_css_mix_blend_mode_passthrough\"><div class=\"et_pb_code_8 et_pb_code et_pb_module\"><div class=\"et_pb_code_inner\"><h2>Experimente el encanto de alquilar una casa de vacaciones en Lagos?<\/h2><\/div><\/div><\/div><\/div><div class=\"et_pb_row_11 et_pb_row et_pb_gutters2 et_block_row\"><div class=\"et_pb_column_17 et_pb_column et_pb_column_1_2 et_block_column et_pb_css_mix_blend_mode_passthrough\"><div class=\"et_pb_blurb_2 et_pb_blurb et_pb_bg_layout_light et_pb_blurb_position_top et_clickable et_pb_module et_block_module\"><div class=\"et_pb_blurb_content\"><div class=\"et_pb_main_blurb_image\"><a href=\"https:\/\/casa-amendoeira.com\/en\/holiday-home-lagos\/\"><span class=\"et_pb_image_wrap et_pb_only_image_mode_wrap\"><img decoding=\"async\" src=\"https:\/\/casa-amendoeira.com\/wp-content\/uploads\/2019\/12\/CasaSofas-scaled.jpg\" width=\"2560\" height=\"1920\" class=\"et-waypoint et_pb_animation_top et_pb_animation_top_tablet et_pb_animation_top_phone wp-image-1549\" alt=\"Nuevos y c\u00f3modos asientos en el sal\u00f3n del Casa Amendoeira\" title=\"\"><\/span><\/a><\/div><div class=\"et_pb_blurb_container\"><h3 class=\"et_pb_module_header\"><a href=\"https:\/\/casa-amendoeira.com\/en\/holiday-home-lagos\/\">Experimente el lujo en Casa Amendoeira en Lagos<\/a><\/h3><div class=\"et_pb_blurb_description\"><p>La casa es una casa ampliamente restaurada en el centro hist\u00f3rico de Lagos, Portugal. 100 m\u00b2 de superficie habitable en dos plantas con dos dormitorios y espacio para hasta cuatro personas. Caminar a la playa en 10-15 minutos.<\/p>\n<\/div><\/div><\/div><\/div><div class=\"et_pb_module et_pb_button_module_wrapper et_pb_button_2_wrapper\"><a class=\"et_pb_button_2 et_pb_button et_pb_bg_layout_light et_pb_module et_block_module\" href=\"https:\/\/casa-amendoeira.com\/es\/casa-de-vacaciones-lagos\/\">Detalles del Casa Amendoeira<\/a><\/div><\/div><div class=\"et_pb_column_18 et_pb_column et_pb_column_1_2 et-last-child et_block_column et_pb_css_mix_blend_mode_passthrough\"><div class=\"et_pb_blurb_3 et_pb_blurb et_pb_bg_layout_light et_pb_blurb_position_top et_clickable et_pb_module et_block_module\"><div class=\"et_pb_blurb_content\"><div class=\"et_pb_main_blurb_image\"><a href=\"https:\/\/casa-amendoeira.com\/en\/holiday-home-algarve\/\"><span class=\"et_pb_image_wrap et_pb_only_image_mode_wrap\"><img decoding=\"async\" src=\"https:\/\/casa-amendoeira.com\/wp-content\/uploads\/2019\/06\/DSF6766.jpg\" width=\"1200\" height=\"853\" class=\"et-waypoint et_pb_animation_top et_pb_animation_top_tablet et_pb_animation_top_phone wp-image-1124\" alt=\"Una casa perfecta para sus vacaciones en el Algarve.\" title=\"\"><\/span><\/a><\/div><div class=\"et_pb_blurb_container\"><h3 class=\"et_pb_module_header\"><a href=\"https:\/\/casa-amendoeira.com\/en\/holiday-home-algarve\/\">Descubra el encanto de Casinha Canal en Lagos<\/a><\/h3><div class=\"et_pb_blurb_description\"><p>Casa de vacaciones de inspiraci\u00f3n marroqu\u00ed en el centro hist\u00f3rico de Lagos. 80 m\u00b2 de superficie habitable con un dormitorio y espacio para hasta tres personas. El Casinha Canal es una encantadora y rom\u00e1ntica casa antigua , con playas, restaurantes, bares y tiendas a poca distancia.<\/p>\n<\/div><\/div><\/div><\/div><div class=\"et_pb_module et_pb_button_module_wrapper et_pb_button_3_wrapper\"><a class=\"et_pb_button_3 et_pb_button et_pb_bg_layout_light et_pb_module et_block_module\" href=\"https:\/\/casa-amendoeira.com\/es\/casa-de-vacaciones-algarve\/\">Detalles del Casinha Canal<\/a><\/div><\/div><\/div><\/div><div class=\"et_pb_section_2 et_pb_section et_section_regular et_block_section\"><div class=\"et_pb_row_12 et_pb_row et_block_row\"><div class=\"et_pb_column_19 et_pb_column et_pb_column_4_4 et-last-child et_block_column et_pb_css_mix_blend_mode_passthrough\"><div class=\"et_pb_text_1 et_pb_text et_pb_bg_layout_light et_pb_module et_block_module\"><div class=\"et_pb_text_inner\"><p style=\"text-align: center;\">Lagos tiene algo para todos los gustos. El casco antiguo es apto para todas las edades, con multitud de peque\u00f1as tiendas, bares de moda para los j\u00f3venes y elegantes restaurantes para los que buscan una velada m\u00e1s relajada. Es un destino tur\u00edstico muy popular, que atrae a visitantes de todo el mundo por su costa bordeada de acantilados, sus bellos paisajes y su vibrante cultura. Algunas de las atracciones m\u00e1s populares de Lagos son la Praia do Camilo, la Meia Praia y el puerto deportivo de Lagos. La ciudad tambi\u00e9n es conocida por su animada vida nocturna, con numerosos bares, discotecas y restaurantes que abren hasta altas horas de la madrugada.<\/p>\n<p style=\"text-align: center;\">Nuestras dos casas de vacaciones en Lagos ofrecen la mejor base para sus vacaciones en el centro tur\u00edstico m\u00e1s cosmopolita del Algarve.<\/p>\n<p>&nbsp;<\/p>\n<h3 style=\"text-align: center;\">Estaremos encantados de recibirles pronto como hu\u00e9spedes en nuestras casas de vacaciones en Lagos.<\/h3>\n<\/div><\/div><\/div><\/div><\/div>","protected":false},"excerpt":{"rendered":"","protected":false},"author":1,"featured_media":0,"parent":0,"menu_order":0,"comment_status":"closed","ping_status":"closed","template":"","meta":{"footnotes":""},"simple-restrict-permission":[],"class_list":["post-312","page","type-page","status-publish","hentry"],"_links":{"self":[{"href":"https:\/\/casa-amendoeira.com\/es\/wp-json\/wp\/v2\/pages\/312","targetHints":{"allow":["GET"]}}],"collection":[{"href":"https:\/\/casa-amendoeira.com\/es\/wp-json\/wp\/v2\/pages"}],"about":[{"href":"https:\/\/casa-amendoeira.com\/es\/wp-json\/wp\/v2\/types\/page"}],"author":[{"embeddable":true,"href":"https:\/\/casa-amendoeira.com\/es\/wp-json\/wp\/v2\/users\/1"}],"replies":[{"embeddable":true,"href":"https:\/\/casa-amendoeira.com\/es\/wp-json\/wp\/v2\/comments?post=312"}],"version-history":[{"count":5,"href":"https:\/\/casa-amendoeira.com\/es\/wp-json\/wp\/v2\/pages\/312\/revisions"}],"predecessor-version":[{"id":4184,"href":"https:\/\/casa-amendoeira.com\/es\/wp-json\/wp\/v2\/pages\/312\/revisions\/4184"}],"wp:attachment":[{"href":"https:\/\/casa-amendoeira.com\/es\/wp-json\/wp\/v2\/media?parent=312"}],"wp:term":[{"taxonomy":"simple-restrict-permission","embeddable":true,"href":"https:\/\/casa-amendoeira.com\/es\/wp-json\/wp\/v2\/simple-restrict-permission?post=312"}],"curies":[{"name":"wp","href":"https:\/\/api.w.org\/{rel}","templated":true}]}}