{"id":746,"date":"2019-06-19T17:16:10","date_gmt":"2019-06-19T15:16:10","guid":{"rendered":"https:\/\/casa-amendoeira.com\/?page_id=746"},"modified":"2026-01-05T15:25:45","modified_gmt":"2026-01-05T13:25:45","slug":"imprimir","status":"publish","type":"page","link":"https:\/\/casa-amendoeira.com\/es\/imprint\/","title":{"rendered":"Aviso legal \/ Descargo de responsabilidad"},"content":{"rendered":"<div class=\"et_pb_section_0 et_pb_section et_pb_fullwidth_section et_section_regular et_block_section\"><section class=\"et_pb_fullwidth_header_0 et_pb_fullwidth_header et_pb_bg_layout_dark et_pb_text_align_left et_pb_module et_flex_module\"><div class=\"et_pb_fullwidth_header_container left\"><div class=\"header-content-container center\"><div class=\"header-content et_flex_module\"><h1 class=\"et_pb_module_header\">Aviso legal \/ Descargo de responsabilidad<\/h1><div class=\"et_pb_header_button_wrapper\"><\/div><\/div><\/div><\/div><div class=\"et_pb_fullwidth_header_overlay\"><\/div><div class=\"et_pb_fullwidth_header_scroll\"><\/div><\/section><\/div><div class=\"et_pb_section_1 et_pb_section et_section_regular et_block_section\"><div class=\"et_pb_row_0 et_pb_row et_block_row\"><div class=\"et_pb_column_0 et_pb_column et_pb_column_4_4 et-last-child et_block_column et_pb_css_mix_blend_mode_passthrough\"><div class=\"et_pb_text_0 et_pb_text et_pb_bg_layout_light et_pb_module et_block_module\"><div class=\"et_pb_text_inner\"><h2>Pie de imprenta<\/p>\n<p>Datos seg\u00fan el art\u00edculo 5 de la TMG<\/h2>\n<p>Marc Mennigmann<br \/>\nPedra Branca Caixa Postal 310-M<br \/>\n8600-253 Odiaxere<br \/>\nPortugal\n<\/p>\n<h2>Kontakt<\/h2>\n<p>Tel\u00e9fono: +351 911 919 817<br \/> Correo electr\u00f3nico: bookings@casa-amendoeira.com<\/p>\n<h2>Verantwortlich f\u00fcr den Inhalt nach \u00a7 55 Abs. 2 RStV<\/h2>\n<p>Marc Mennigmann, Adressdaten wie oben<\/p>\n<h3>Responsabilidad por el contenido<\/h3>\n<p>Como proveedores de servicios, somos responsables de los contenidos propios de estas p\u00e1ginas web seg\u00fan el art. 7, p\u00e1rrafo 1 de la Ley alemana de medios de comunicaci\u00f3n (TMG). Sin embargo, seg\u00fan los art\u00edculos 8 a 10 de la Ley alemana de medios de comunicaci\u00f3n (TMG), los proveedores de servicios no est\u00e1n obligados a controlar permanentemente la informaci\u00f3n enviada o almacenada ni a buscar pruebas que indiquen actividades ilegales.<br \/> Las obligaciones legales de eliminar la informaci\u00f3n o bloquear su uso son indiscutibles. En este caso, la responsabilidad s\u00f3lo es posible en el momento en que se tiene conocimiento de una violaci\u00f3n espec\u00edfica de la ley. Los contenidos ilegales se eliminar\u00e1n inmediatamente en el momento en que tengamos conocimiento de ellos.<\/p>\n<h3>Responsabilidad de los enlaces<\/h3>\n<p>Nuestra oferta incluye enlaces a sitios web externos de terceros. No tenemos ninguna influencia sobre el contenido de esas p\u00e1ginas web, por lo que no podemos garantizar su contenido. Los proveedores o administradores de los sitios web enlazados son siempre responsables de sus propios contenidos.<br \/> Las p\u00e1ginas web enlazadas hab\u00edan sido revisadas para detectar posibles violaciones de la ley en el momento de establecer el enlace. No se detectaron contenidos ilegales en el momento del enlace. No se puede imponer un control permanente de los contenidos de las p\u00e1ginas web enlazadas sin que existan indicios razonables de que se ha producido una violaci\u00f3n de la ley. Los enlaces ilegales se eliminar\u00e1n inmediatamente en el momento en que tengamos conocimiento de ellos.<\/p>\n<h3>Copyright<\/h3>\n<p>Los contenidos y recopilaciones publicados en estas p\u00e1ginas web por los proveedores est\u00e1n sujetos a la legislaci\u00f3n alemana sobre derechos de autor. La reproducci\u00f3n, edici\u00f3n y distribuci\u00f3n, as\u00ed como el uso de cualquier tipo fuera del \u00e1mbito de la ley de derechos de autor, requieren una autorizaci\u00f3n por escrito del autor o creador. Las descargas y copias de estos sitios web est\u00e1n permitidas \u00fanicamente para uso privado.<br \/> Queda prohibido el uso comercial de nuestros contenidos sin el permiso del autor.<br \/> Se respetan las leyes de derechos de autor de terceros siempre que los contenidos de estos sitios web no procedan del proveedor. Las contribuciones de terceros en este sitio se indican como tales. Sin embargo, si observa alguna violaci\u00f3n de la ley de derechos de autor, le rogamos que nos informe. Dichos contenidos ser\u00e1n eliminados inmediatamente.<\/p>\n<p>Quelle: <a href=\"https:\/\/www.e-recht24.de\/impressum-generator.html\" target=\"_blank\" rel=\"noopener\">https:\/\/www.e-recht24.de\/impressum-generator.html<\/a><\/p>\n<\/div><\/div><\/div><\/div><\/div>","protected":false},"excerpt":{"rendered":"","protected":false},"author":1,"featured_media":0,"parent":0,"menu_order":0,"comment_status":"closed","ping_status":"closed","template":"","meta":{"footnotes":""},"simple-restrict-permission":[],"class_list":["post-746","page","type-page","status-publish","hentry"],"_links":{"self":[{"href":"https:\/\/casa-amendoeira.com\/es\/wp-json\/wp\/v2\/pages\/746","targetHints":{"allow":["GET"]}}],"collection":[{"href":"https:\/\/casa-amendoeira.com\/es\/wp-json\/wp\/v2\/pages"}],"about":[{"href":"https:\/\/casa-amendoeira.com\/es\/wp-json\/wp\/v2\/types\/page"}],"author":[{"embeddable":true,"href":"https:\/\/casa-amendoeira.com\/es\/wp-json\/wp\/v2\/users\/1"}],"replies":[{"embeddable":true,"href":"https:\/\/casa-amendoeira.com\/es\/wp-json\/wp\/v2\/comments?post=746"}],"version-history":[{"count":1,"href":"https:\/\/casa-amendoeira.com\/es\/wp-json\/wp\/v2\/pages\/746\/revisions"}],"predecessor-version":[{"id":4188,"href":"https:\/\/casa-amendoeira.com\/es\/wp-json\/wp\/v2\/pages\/746\/revisions\/4188"}],"wp:attachment":[{"href":"https:\/\/casa-amendoeira.com\/es\/wp-json\/wp\/v2\/media?parent=746"}],"wp:term":[{"taxonomy":"simple-restrict-permission","embeddable":true,"href":"https:\/\/casa-amendoeira.com\/es\/wp-json\/wp\/v2\/simple-restrict-permission?post=746"}],"curies":[{"name":"wp","href":"https:\/\/api.w.org\/{rel}","templated":true}]}}