{"id":312,"date":"2017-05-04T16:23:26","date_gmt":"2017-05-04T14:23:26","guid":{"rendered":"http:\/\/casa-amendoeira.com\/?page_id=312"},"modified":"2026-01-05T15:25:38","modified_gmt":"2026-01-05T13:25:38","slug":"case-vacanze-portogallo","status":"publish","type":"page","link":"https:\/\/casa-amendoeira.com\/it\/","title":{"rendered":"Case Vacanze a Lagos, Portogallo"},"content":{"rendered":"<div class=\"et_pb_section_0 et_pb_section et_pb_fullwidth_section et_section_regular et_block_section\"><section class=\"et_pb_fullwidth_header_0 et_pb_fullwidth_header et_pb_fullscreen et_pb_bg_layout_dark et_pb_text_align_center et_pb_section_parallax et_pb_module et_flex_module\"><span class=\"et-pb-parallax-wrapper\"><span class=\"et-pb-parallax-background et-pb-parallax-background-module--divi-fullwidth-header-0\" style=\"background-image:url(https:\/\/casa-amendoeira.com\/wp-content\/uploads\/2019\/04\/Bedroom2000_50.jpg)\"><\/span><\/span><div class=\"et_pb_fullwidth_header_container center\"><div class=\"header-content-container center\"><div class=\"header-content et_flex_module\"><h1 class=\"et_pb_module_header\">Scopri le lussuose case vacanza a Lagos per il 2026<\/h1><div class=\"et_pb_header_content_wrapper\"><p>Siete alla ricerca delle case vacanza perfette a Lagos, nel cuore dell'Algarve? Scoprite le nostre due case a schiera splendidamente ristrutturate, situate all'interno delle mura storiche della citt\u00e0 di Lagos.<\/p>\n<\/div><div class=\"et_pb_header_button_wrapper\"><\/div><\/div><\/div><\/div><div class=\"et_pb_fullwidth_header_overlay\"><\/div><div class=\"et_pb_fullwidth_header_scroll\"><a class=\"scroll-down-container\" href=\"#\"><span class=\"scroll-down et-pb-icon\">;<\/span><\/a><\/div><\/section><\/div><div class=\"et_pb_section_1 et_pb_section et_section_regular et_block_section\"><div class=\"et_pb_row_0 et_pb_row et_block_row\"><div class=\"et_pb_column_0 et_pb_column et_pb_column_4_4 et-last-child et_block_column et_pb_css_mix_blend_mode_passthrough\"><div class=\"et_pb_code_0 et_pb_code et_pb_module\"><div class=\"et_pb_code_inner\"><h2>Organizza le tue vacanze 2026 a Lagos, in Portogallo<\/h2><\/div><\/div><\/div><\/div><div class=\"et_pb_row_1 et_pb_row et_block_row\"><div class=\"et_pb_column_1 et_pb_column et_pb_column_3_5 et_block_column et_pb_css_mix_blend_mode_passthrough\"><div class=\"et_pb_code_1 et_pb_code et_pb_module\"><div class=\"et_pb_code_inner\"><p>Affittiamo due bellissime case vacanze individuali a Lagos, in Portogallo. Entrambe si trovano nel bellissimo centro storico della citt\u00e0, ma in una posizione tranquilla.\nDa entrambe le case si raggiunge con una breve passeggiata la spiaggia protetta dalla scogliera di Praia da Batata. Anche la spaziosa Meia Praia non \u00e8 lontana.<br>\n<br>\nL'Algarve, in Portogallo, \u00e8 considerata la destinazione turistica pi\u00f9 allettante e versatile d'Europa. E non \u00e8 nemmeno lontano dalla Germania. Due o tre ore di volo e ti trovi sull'aeroporto di Faro.<\/p><\/div><\/div><\/div><div class=\"et_pb_column_2 et_pb_column et_pb_column_2_5 et-last-child et_block_column et_pb_css_mix_blend_mode_passthrough\"><div class=\"et_pb_image_0 et_pb_image et_pb_module et_block_module\"><a href=\"https:\/\/casa-amendoeira.com\/wp-content\/uploads\/2019\/09\/Praia_Da_Batata.jpg\" class=\"et_pb_lightbox_image\" alt=\"Holiday homes in Lagos\"><span class=\"et_pb_image_wrap\"><img decoding=\"async\" src=\"https:\/\/casa-amendoeira.com\/wp-content\/uploads\/2019\/09\/Praia_Da_Batata.jpg\" width=\"1200\" height=\"802\" class=\"wp-image-1496\" title=\"Case vacanze a Lagos\" alt=\"Case vacanze a Lagos\" \/><\/span><\/a><\/div><\/div><\/div><div class=\"et_pb_row_2 et_pb_row et_block_row\"><div class=\"et_pb_column_3 et_pb_column et_pb_column_4_4 et-last-child et_block_column et_pb_css_mix_blend_mode_passthrough\"><div class=\"et_pb_code_2 et_pb_code et_pb_module\"><div class=\"et_pb_code_inner\"><h2>Esplora la nostra selezione di case vacanza a Lagos<\/h2><\/div><\/div><\/div><\/div><div class=\"et_pb_row_3 et_pb_row et_pb_gutters2 et_block_row\"><div class=\"et_pb_column_4 et_pb_column et_pb_column_1_2 et_block_column et_pb_css_mix_blend_mode_passthrough\"><div class=\"et_pb_blurb_0 et_pb_blurb et_pb_bg_layout_light et_pb_blurb_position_top et_clickable et_pb_module et_block_module\"><div class=\"et_pb_blurb_content\"><div class=\"et_pb_main_blurb_image\"><a href=\"https:\/\/casa-amendoeira.com\/en\/holiday-home-lagos\/\"><span class=\"et_pb_image_wrap et_pb_only_image_mode_wrap\"><img decoding=\"async\" src=\"https:\/\/casa-amendoeira.com\/wp-content\/uploads\/2018\/11\/CasaMasterBedroom.jpg\" width=\"1200\" height=\"802\" class=\"et-waypoint et_pb_animation_top et_pb_animation_top_tablet et_pb_animation_top_phone wp-image-335\" alt=\"Il Casa Amendoeira \u00e8 una bella casa vacanze a Lagos, Portogallo.\" title=\"\"><\/span><\/a><\/div><div class=\"et_pb_blurb_container\"><h3 class=\"et_pb_module_header\"><a href=\"https:\/\/casa-amendoeira.com\/en\/holiday-home-lagos\/\">Casa Amendoeira: la vostra casa vacanze ideale a Lagos<\/a><\/h3><div class=\"et_pb_blurb_description\"><p>Provate il fascino della nostra casa vacanze ampiamente ristrutturata, situata nel cuore di Lagos, il centro storico del Portogallo. Questa spaziosa propriet\u00e0 di 100 m\u00b2 dispone di due camere da letto e pu\u00f2 ospitare comodamente fino a quattro persone. Godetevi l'ampia terrazza panoramica sul tetto, che offre una vista mozzafiato sul mare. La bellissima spiaggia \u00e8 raggiungibile con una piacevole passeggiata di 10-15 minuti.<\/p>\n<\/div><\/div><\/div><\/div><div class=\"et_pb_module et_pb_button_module_wrapper et_pb_button_0_wrapper\"><a class=\"et_pb_button_0 et_pb_button et_pb_bg_layout_light et_pb_module et_block_module\" href=\"https:\/\/casa-amendoeira.com\/it\/casa-vacanze-lagos\/\">Visualizza i dettagli di Casa Amendoeira<\/a><\/div><\/div><div class=\"et_pb_column_5 et_pb_column et_pb_column_1_2 et-last-child et_block_column et_pb_css_mix_blend_mode_passthrough\"><div class=\"et_pb_blurb_1 et_pb_blurb et_pb_bg_layout_light et_pb_blurb_position_top et_clickable et_pb_module et_block_module\"><div class=\"et_pb_blurb_content\"><div class=\"et_pb_main_blurb_image\"><a href=\"https:\/\/casa-amendoeira.com\/en\/holiday-home-algarve\/\"><span class=\"et_pb_image_wrap et_pb_only_image_mode_wrap\"><img decoding=\"async\" src=\"https:\/\/casa-amendoeira.com\/wp-content\/uploads\/2018\/12\/L1002040.jpg\" width=\"3000\" height=\"2000\" class=\"et-waypoint et_pb_animation_top et_pb_animation_top_tablet et_pb_animation_top_phone wp-image-380\" alt=\"Una casa perfetta per le vostre vacanze in Algarve.\" title=\"\"><\/span><\/a><\/div><div class=\"et_pb_blurb_container\"><h3 class=\"et_pb_module_header\"><a href=\"https:\/\/casa-amendoeira.com\/en\/holiday-home-algarve\/\">Casinha Canal: un'affascinante casa per le vacanze a Lagos<\/a><\/h3><div class=\"et_pb_blurb_description\"><p>Immergetevi nella nostra casa vacanze di ispirazione marocchina, situata nel cuore storico di Lagos. Questo santuario di 80 m\u00b2 offre una camera singola, in grado di accogliere comodamente fino a tre ospiti. La splendida spiaggia \u00e8 raggiungibile con una piacevole passeggiata di 10-15 minuti.<\/p>\n<\/div><\/div><\/div><\/div><div class=\"et_pb_module et_pb_button_module_wrapper et_pb_button_1_wrapper\"><a class=\"et_pb_button_1 et_pb_button et_pb_bg_layout_light et_pb_module et_block_module\" href=\"https:\/\/casa-amendoeira.com\/it\/casa-vacanza-algarve\/\">Visualizza i dettagli di Casinha Canal<\/a><\/div><\/div><\/div><div class=\"et_pb_row_4 et_pb_row et_block_row\"><div class=\"et_pb_column_6 et_pb_column et_pb_column_2_5 et_block_column et_pb_css_mix_blend_mode_passthrough\"><div class=\"et_pb_image_1 et_pb_image et_pb_module et_block_module\"><a href=\"https:\/\/casa-amendoeira.com\/wp-content\/uploads\/2019\/09\/Lagos_Historical_Center.jpg\" class=\"et_pb_lightbox_image\" alt=\"A good place for your Lagos holidays\"><span class=\"et_pb_image_wrap\"><img decoding=\"async\" src=\"https:\/\/casa-amendoeira.com\/wp-content\/uploads\/2019\/09\/Lagos_Historical_Center.jpg\" width=\"1200\" height=\"800\" class=\"wp-image-1497\" title=\"Un buon posto per le vostre vacanze a Lagos\" alt=\"Un buon posto per le vostre vacanze a Lagos\" \/><\/span><\/a><\/div><\/div><div class=\"et_pb_column_7 et_pb_column et_pb_column_3_5 et-last-child et_block_column et_pb_css_mix_blend_mode_passthrough\"><div class=\"et_pb_code_3 et_pb_code et_pb_module\"><div class=\"et_pb_code_inner\"><h3>Vantaggi delle case vacanza a Lagos<\/h3>\n<p>\nLagos, probabilmente la citt\u00e0 pi\u00f9 pittoresca dell'Algarve occidentale, dista\na soli 45 minuti di auto dall'aeroporto. Per chi preferisce non noleggiare un'auto,\nsono disponibili servizi di bus navetta. Le nostre case vacanze a Lagos offrono un\ntranquillo, lontano dalla frenesia del turismo di massa e dal tipico cemento delle vacanze.\nturismo di massa e lontane dalle tipiche case vacanza in cemento.<br>\n<br>\nLe nostre propriet\u00e0 offrono un'esperienza unica, diversa dai normali appartamenti o case vacanze.\nappartamenti per le vacanze, in quanto sono luoghi in cui amiamo personalmente trascorrere le nostre vacanze.\nvacanze, garantendo un soggiorno confortevole e indisturbato.\nsoggiorno confortevole e indisturbato.<br>\n<br>\nLa prenotazione attraverso il nostro sito web garantisce un'esperienza personale e\nun'esperienza personale ed economicamente vantaggiosa, in quanto la prenotazione viene effettuata direttamente dai proprietari. A differenza di piattaforme\n come FeWo-direkt, Booking.com o Airbnb, non applichiamo commissioni di agenzia.\nIl nostro impegno per offrire un soggiorno piacevole si riflette nelle nostre\nrecensioni sempre positive.<\/p><\/div><\/div><\/div><\/div><div class=\"et_pb_row_5 et_pb_row et_block_row\"><div class=\"et_pb_column_8 et_pb_column et_pb_column_4_4 et-last-child et_block_column et_pb_css_mix_blend_mode_passthrough\"><div class=\"et_pb_code_4 et_pb_code et_pb_module\"><div class=\"et_pb_code_inner\"><h2>Come affittare la casa vacanze dei vostri sogni a Lagos?<\/h2><\/div><\/div><\/div><\/div><div class=\"et_pb_row_6 et_pb_row et_block_row\"><div class=\"et_pb_column_9 et_pb_column et_pb_column_3_5 et_block_column et_pb_css_mix_blend_mode_passthrough\"><div class=\"et_pb_code_5 et_pb_code et_pb_module\"><div class=\"et_pb_code_inner\"><p>Avete fatto la scelta giusta venendo qui. Mentre le nostre case vacanze\nLagos sono presenti su VRBO e Airbnb, la prenotazione diretta attraverso la nostra homepage\nla nostra pagina iniziale vi permette di affittare dal proprietario, risparmiandovi cos\u00ec\ncommissioni aggiuntive tipicamente associate agli affitti in agenzia in Algarve.\nin Algarve.<br>\nBasta selezionare una delle case qui sopra e, nella pagina di dettaglio, troverete\ntroverete un'opzione per scegliere le date della vostra vacanza e calcolare il prezzo.\nprezzo.<\/p>\n<p>Se vi sentite pi\u00f9 a vostro agio a prenotare attraverso una piattaforma familiare,\n potete trovare le nostre propriet\u00e0 su VRBO e Airbnb tramite i link forniti.\nTuttavia, vi ricordiamo che queste piattaforme possono aggiungere commissioni per i loro servizi.\n per i loro servizi.<\/p>\n  <a href=\"https:\/\/airbnb.com\/h\/amendoeira\" target=\"_blank\" rel=\"noopener\">Il Casa Amendoeira su Airbnb<\/a><br>\n    <a href=\"https:\/\/www.booking.com\/hotel\/pt\/fabulous-restored-townhouse-in-lagos-old-town-with-panoramic-roof-terrace.de.html\" target=\"_blank\" rel=\"noopener\">Il Casa Amendoeira su Booking.com<\/a>\n  <\/p>\n<p>\n  <a href=\"https:\/\/airbnb.com\/h\/casinhacanal\" target=\"_blank\" rel=\"noopener\">Il Casinha Canal su Airbnb<\/a><br>\n  <a href=\"https:\/\/www.booking.com\/hotel\/pt\/casinha-canal.de.html\" target=\"_blank\" rel=\"noopener\">Il Casinha Canal su Booking.com<\/a><\/p>\n  <\/p><\/div><\/div><\/div><div class=\"et_pb_column_10 et_pb_column et_pb_column_2_5 et-last-child et_block_column et_pb_css_mix_blend_mode_passthrough\"><div class=\"et_pb_image_2 et_pb_image et_pb_module et_block_module\"><a href=\"https:\/\/casa-amendoeira.com\/wp-content\/uploads\/2019\/06\/Surfers.jpg\" class=\"et_pb_lightbox_image\" alt=\"Airbnb in Lagos\"><span class=\"et_pb_image_wrap\"><img decoding=\"async\" src=\"https:\/\/casa-amendoeira.com\/wp-content\/uploads\/2019\/06\/Surfers.jpg\" width=\"1200\" height=\"800\" class=\"wp-image-805\" title=\"Airbnb a Lagos\" alt=\"Airbnb a Lagos\" \/><\/span><\/a><\/div><\/div><\/div><div class=\"et_pb_row_7 et_pb_row et_block_row\"><div class=\"et_pb_column_11 et_pb_column et_pb_column_4_4 et-last-child et_block_column et_pb_css_mix_blend_mode_passthrough\"><div class=\"et_pb_code_6 et_pb_code et_pb_module\"><div class=\"et_pb_code_inner\"><h2>Cosa rende Lagos la destinazione perfetta per le vacanze?<\/h2><\/div><\/div><\/div><\/div><div class=\"et_pb_row_8 et_pb_row et_block_row\"><div class=\"et_pb_column_12 et_pb_column et_pb_column_2_5 et_block_column et_pb_css_mix_blend_mode_passthrough\"><div class=\"et_pb_image_3 et_pb_image et_pb_module et_block_module\"><a href=\"https:\/\/casa-amendoeira.com\/wp-content\/uploads\/2014\/11\/Coastline.jpg\" class=\"et_pb_lightbox_image\" alt=\"Praia Da Batata, Lagos\"><span class=\"et_pb_image_wrap\"><img decoding=\"async\" src=\"https:\/\/casa-amendoeira.com\/wp-content\/uploads\/2014\/11\/Coastline.jpg\" width=\"2048\" height=\"1152\" class=\"wp-image-153\" title=\"Vacanze sulla costa dell&#039;Algarve\" alt=\"Praia Da Batata, Lagos\" \/><\/span><\/a><\/div><\/div><div class=\"et_pb_column_13 et_pb_column et_pb_column_3_5 et-last-child et_block_column et_pb_css_mix_blend_mode_passthrough\"><div class=\"et_pb_code_7 et_pb_code et_pb_module\"><div class=\"et_pb_code_inner\">Scoprite il fascino dell'Algarve, l'amata costa meridionale del Portogallo. Con le sue splendide spiagge sabbiose, gli incantevoli villaggi di pescatori e il clima delizioso, \u00e8 la destinazione ideale per una fuga memorabile.<br>\nL'Algarve vanta una ricca variet\u00e0 di attrazioni. Dalle spiagge incontaminate adatte alle famiglie e gli emozionanti parchi acquatici per gli avventurieri, alla vibrante vita notturna per i festaioli e le citt\u00e0 storiche per gli appassionati di cultura. Al di l\u00e0 delle vivaci citt\u00e0, si possono esplorare oltre 200 chilometri di coste mozzafiato, maestosi entroterra montuosi e serene riserve naturali.<\/div><\/div><\/div><\/div><div class=\"et_pb_row_9 et_pb_row et_block_row\"><div class=\"et_pb_column_14 et_pb_column et_pb_column_3_5 et_block_column et_pb_css_mix_blend_mode_passthrough\"><div class=\"et_pb_text_0 et_pb_text et_pb_bg_layout_light et_pb_module et_block_module\"><div class=\"et_pb_text_inner\"><p>Per le tue vacanze, l'Algarve \u00e8 una destinazione senza stress; la zona \u00e8 molto sicura, l'inglese \u00e8 ampiamente parlato, gli hotel sono di uno standard molto alto e i portoghesi sono molto accoglienti. Non solo l'Algarve \u00e8 un'ottima destinazione per le vacanze, ma \u00e8 anche una delle destinazioni di viaggio pi\u00f9 economiche in Europa, molto pi\u00f9 economica di Spagna, Grecia o Francia.<br \/>L'Algarve ha molto da amare, quindi lascia che ti aiutiamo a pianificare il tuo viaggio in questa zona incredibile.<\/p>\n<p>Le quattro citt\u00e0 pi\u00f9 grandi della regione sono Albufeira, Lagos, Praia da Rocha e Vilamoura, che offrono tutte e quattro splendide spiagge, una ricca vita notturna e infinite attivit\u00e0 di vacanza.<br \/>Lagos \u00e8 la nostra preferita perch\u00e9 \u00e8 una citt\u00e0 pi\u00f9 vivace delle altre. Lagos ha l'atmosfera pi\u00f9 portoghese di tutte, combinando una citt\u00e0 storica con bellissime spiagge. E naturalmente abbiamo le nostre due case vacanze a Lagos!<\/p>\n<p>La costa occidentale dell'Algarve (le coste nord e sud tra Sagres e Odeceixe, a circa 30 minuti di auto da Lagos) \u00e8 esposta alla potenza dell'Oceano Atlantico. Si tratta di una zona di una bellezza mozzafiato con scogliere torreggianti, spiagge spazzate dal vento e mari immensi. Non c'\u00e8 quasi nessuno sviluppo turistico qui.<\/p>\n<p>&nbsp;<\/p>\n<\/div><\/div><\/div><div class=\"et_pb_column_15 et_pb_column et_pb_column_2_5 et-last-child et_block_column et_pb_css_mix_blend_mode_passthrough\"><div class=\"et_pb_image_4 et_pb_image et_pb_module et_block_module\"><a href=\"https:\/\/casa-amendoeira.com\/wp-content\/uploads\/2019\/06\/RuaDaAmendoeira.jpg\" class=\"et_pb_lightbox_image\" alt=\"Holiday homes in Lagos\"><span class=\"et_pb_image_wrap\"><img decoding=\"async\" src=\"https:\/\/casa-amendoeira.com\/wp-content\/uploads\/2019\/06\/RuaDaAmendoeira.jpg\" width=\"2250\" height=\"3000\" class=\"wp-image-908\" title=\"Il Casa Amendoeira (a sinistra in questa foto) in cima alla Rua da Amendoeira\" alt=\"Case vacanze a Lagos\" \/><\/span><\/a><\/div><\/div><\/div><div class=\"et_pb_row_10 et_pb_row et_block_row\"><div class=\"et_pb_column_16 et_pb_column et_pb_column_4_4 et-last-child et_block_column et_pb_css_mix_blend_mode_passthrough\"><div class=\"et_pb_code_8 et_pb_code et_pb_module\"><div class=\"et_pb_code_inner\"><h2>Provate il fascino di affittare una casa vacanze a Lagos?<\/h2><\/div><\/div><\/div><\/div><div class=\"et_pb_row_11 et_pb_row et_pb_gutters2 et_block_row\"><div class=\"et_pb_column_17 et_pb_column et_pb_column_1_2 et_block_column et_pb_css_mix_blend_mode_passthrough\"><div class=\"et_pb_blurb_2 et_pb_blurb et_pb_bg_layout_light et_pb_blurb_position_top et_clickable et_pb_module et_block_module\"><div class=\"et_pb_blurb_content\"><div class=\"et_pb_main_blurb_image\"><a href=\"https:\/\/casa-amendoeira.com\/en\/holiday-home-lagos\/\"><span class=\"et_pb_image_wrap et_pb_only_image_mode_wrap\"><img decoding=\"async\" src=\"https:\/\/casa-amendoeira.com\/wp-content\/uploads\/2019\/12\/CasaSofas-scaled.jpg\" width=\"2560\" height=\"1920\" class=\"et-waypoint et_pb_animation_top et_pb_animation_top_tablet et_pb_animation_top_phone wp-image-1549\" alt=\"Nuovi e comodi posti a sedere nel soggiorno del Casa Amendoeira\" title=\"\"><\/span><\/a><\/div><div class=\"et_pb_blurb_container\"><h3 class=\"et_pb_module_header\"><a href=\"https:\/\/casa-amendoeira.com\/en\/holiday-home-lagos\/\">Esperienza di lusso al Casa Amendoeira di Lagos<\/a><\/h3><div class=\"et_pb_blurb_description\"><p>La casa \u00e8 una casa ampiamente restaurata nel centro storico di Lagos, Portogallo. 100 m\u00b2 di superficie abitabile su due piani con due camere da letto e spazio per un massimo di quattro persone. A piedi fino alla spiaggia in 10-15 minuti.<\/p>\n<\/div><\/div><\/div><\/div><div class=\"et_pb_module et_pb_button_module_wrapper et_pb_button_2_wrapper\"><a class=\"et_pb_button_2 et_pb_button et_pb_bg_layout_light et_pb_module et_block_module\" href=\"https:\/\/casa-amendoeira.com\/it\/casa-vacanze-lagos\/\">Dettagli del Casa Amendoeira<\/a><\/div><\/div><div class=\"et_pb_column_18 et_pb_column et_pb_column_1_2 et-last-child et_block_column et_pb_css_mix_blend_mode_passthrough\"><div class=\"et_pb_blurb_3 et_pb_blurb et_pb_bg_layout_light et_pb_blurb_position_top et_clickable et_pb_module et_block_module\"><div class=\"et_pb_blurb_content\"><div class=\"et_pb_main_blurb_image\"><a href=\"https:\/\/casa-amendoeira.com\/en\/holiday-home-algarve\/\"><span class=\"et_pb_image_wrap et_pb_only_image_mode_wrap\"><img decoding=\"async\" src=\"https:\/\/casa-amendoeira.com\/wp-content\/uploads\/2019\/06\/DSF6766.jpg\" width=\"1200\" height=\"853\" class=\"et-waypoint et_pb_animation_top et_pb_animation_top_tablet et_pb_animation_top_phone wp-image-1124\" alt=\"Una casa perfetta per le vostre vacanze in Algarve.\" title=\"\"><\/span><\/a><\/div><div class=\"et_pb_blurb_container\"><h3 class=\"et_pb_module_header\"><a href=\"https:\/\/casa-amendoeira.com\/en\/holiday-home-algarve\/\">Scoprite il fascino di Casinha Canal a Lagos<\/a><\/h3><div class=\"et_pb_blurb_description\"><p>Casa vacanze di ispirazione marocchina nel centro storico di Lagos. 80 m\u00b2 di superficie abitabile con una camera da letto e spazio per un massimo di tre persone. Il Casinha Canal \u00e8 un'affascinante e romantica vecchia casa di citt\u00e0, con spiagge, ristoranti, bar e negozi a pochi passi.<\/p>\n<\/div><\/div><\/div><\/div><div class=\"et_pb_module et_pb_button_module_wrapper et_pb_button_3_wrapper\"><a class=\"et_pb_button_3 et_pb_button et_pb_bg_layout_light et_pb_module et_block_module\" href=\"https:\/\/casa-amendoeira.com\/it\/casa-vacanza-algarve\/\">Dettagli del Casinha Canal<\/a><\/div><\/div><\/div><\/div><div class=\"et_pb_section_2 et_pb_section et_section_regular et_block_section\"><div class=\"et_pb_row_12 et_pb_row et_block_row\"><div class=\"et_pb_column_19 et_pb_column et_pb_column_4_4 et-last-child et_block_column et_pb_css_mix_blend_mode_passthrough\"><div class=\"et_pb_text_1 et_pb_text et_pb_bg_layout_light et_pb_module et_block_module\"><div class=\"et_pb_text_inner\"><p style=\"text-align: center;\">Lagos ha qualcosa per tutti. Il centro storico \u00e8 adatto a tutte le et\u00e0, con tanti piccoli negozi, bar alla moda per i giovani e ristoranti eleganti per chi cerca una serata pi\u00f9 rilassata. \u00c8 una destinazione turistica molto popolare, che attira visitatori da tutto il mondo grazie alla sua costa fiancheggiata da scogliere, agli splendidi paesaggi e alla cultura vivace. Alcune delle attrazioni pi\u00f9 popolari di Lagos includono la spiaggia di Praia do Camilo, la spiaggia di Meia Praia e la Marina di Lagos. La citt\u00e0 \u00e8 nota anche per la sua vivace vita notturna, con molti bar, club e ristoranti che restano aperti fino a tarda notte.<\/p>\n<p style=\"text-align: center;\">Le nostre due case vacanze a Lagos offrono la migliore base per le vostre vacanze nella localit\u00e0 pi\u00f9 cosmopolita dell'Algarve.<\/p>\n<p>&nbsp;<\/p>\n<h3 style=\"text-align: center;\">Saremo lieti di accogliervi presto come ospiti nelle nostre case vacanze a Lagos.<\/h3>\n<\/div><\/div><\/div><\/div><\/div>","protected":false},"excerpt":{"rendered":"","protected":false},"author":1,"featured_media":0,"parent":0,"menu_order":0,"comment_status":"closed","ping_status":"closed","template":"","meta":{"footnotes":""},"simple-restrict-permission":[],"class_list":["post-312","page","type-page","status-publish","hentry"],"_links":{"self":[{"href":"https:\/\/casa-amendoeira.com\/it\/wp-json\/wp\/v2\/pages\/312","targetHints":{"allow":["GET"]}}],"collection":[{"href":"https:\/\/casa-amendoeira.com\/it\/wp-json\/wp\/v2\/pages"}],"about":[{"href":"https:\/\/casa-amendoeira.com\/it\/wp-json\/wp\/v2\/types\/page"}],"author":[{"embeddable":true,"href":"https:\/\/casa-amendoeira.com\/it\/wp-json\/wp\/v2\/users\/1"}],"replies":[{"embeddable":true,"href":"https:\/\/casa-amendoeira.com\/it\/wp-json\/wp\/v2\/comments?post=312"}],"version-history":[{"count":5,"href":"https:\/\/casa-amendoeira.com\/it\/wp-json\/wp\/v2\/pages\/312\/revisions"}],"predecessor-version":[{"id":4184,"href":"https:\/\/casa-amendoeira.com\/it\/wp-json\/wp\/v2\/pages\/312\/revisions\/4184"}],"wp:attachment":[{"href":"https:\/\/casa-amendoeira.com\/it\/wp-json\/wp\/v2\/media?parent=312"}],"wp:term":[{"taxonomy":"simple-restrict-permission","embeddable":true,"href":"https:\/\/casa-amendoeira.com\/it\/wp-json\/wp\/v2\/simple-restrict-permission?post=312"}],"curies":[{"name":"wp","href":"https:\/\/api.w.org\/{rel}","templated":true}]}}