{"id":312,"date":"2017-05-04T16:23:26","date_gmt":"2017-05-04T14:23:26","guid":{"rendered":"http:\/\/casa-amendoeira.com\/?page_id=312"},"modified":"2026-01-05T15:25:38","modified_gmt":"2026-01-05T13:25:38","slug":"ferias-lares-portugal","status":"publish","type":"page","link":"https:\/\/casa-amendoeira.com\/pt\/","title":{"rendered":"Casas de f\u00e9rias em Lagos, Portugal"},"content":{"rendered":"<div class=\"et_pb_section_0 et_pb_section et_pb_fullwidth_section et_section_regular et_block_section\"><section class=\"et_pb_fullwidth_header_0 et_pb_fullwidth_header et_pb_fullscreen et_pb_bg_layout_dark et_pb_text_align_center et_pb_section_parallax et_pb_module et_flex_module\"><span class=\"et-pb-parallax-wrapper\"><span class=\"et-pb-parallax-background et-pb-parallax-background-module--divi-fullwidth-header-0\" style=\"background-image:url(https:\/\/casa-amendoeira.com\/wp-content\/uploads\/2019\/04\/Bedroom2000_50.jpg)\"><\/span><\/span><div class=\"et_pb_fullwidth_header_container center\"><div class=\"header-content-container center\"><div class=\"header-content et_flex_module\"><h1 class=\"et_pb_module_header\">Descubra luxuosas casas de f\u00e9rias em Lagos para 2026<\/h1><div class=\"et_pb_header_content_wrapper\"><p>Est\u00e1 \u00e0 procura das casas de f\u00e9rias perfeitas em Lagos, no cora\u00e7\u00e3o do Algarve? Explore as nossas duas moradias maravilhosamente renovadas, localizadas dentro das muralhas hist\u00f3ricas da cidade de Lagos.<\/p>\n<\/div><div class=\"et_pb_header_button_wrapper\"><\/div><\/div><\/div><\/div><div class=\"et_pb_fullwidth_header_overlay\"><\/div><div class=\"et_pb_fullwidth_header_scroll\"><a class=\"scroll-down-container\" href=\"#\"><span class=\"scroll-down et-pb-icon\">;<\/span><\/a><\/div><\/section><\/div><div class=\"et_pb_section_1 et_pb_section et_section_regular et_block_section\"><div class=\"et_pb_row_0 et_pb_row et_block_row\"><div class=\"et_pb_column_0 et_pb_column et_pb_column_4_4 et-last-child et_block_column et_pb_css_mix_blend_mode_passthrough\"><div class=\"et_pb_code_0 et_pb_code et_pb_module\"><div class=\"et_pb_code_inner\"><h2>Planeje as suas f\u00e9rias de 2026 em Lagos, Portugal<\/h2><\/div><\/div><\/div><\/div><div class=\"et_pb_row_1 et_pb_row et_block_row\"><div class=\"et_pb_column_1 et_pb_column et_pb_column_3_5 et_block_column et_pb_css_mix_blend_mode_passthrough\"><div class=\"et_pb_code_1 et_pb_code et_pb_module\"><div class=\"et_pb_code_inner\"><p>Alugamos duas belas casas de f\u00e9rias individuais em Lagos, Portugal. Ambas est\u00e3o localizadas no bonito centro hist\u00f3rico da cidade, mas ainda assim num local tranquilo.\nDe ambas as casas \u00e9 apenas uma curta caminhada at\u00e9 \u00e0 Praia da Batata, protegida por uma fal\u00e9sia. A espa\u00e7osa Meia Praia tamb\u00e9m n\u00e3o fica longe.<br>\n<br>\nO Algarve de Portugal \u00e9 considerado o destino de f\u00e9rias mais aliciante e vers\u00e1til da Europa. E nem sequer est\u00e1 longe da Alemanha. Duas a tr\u00eas horas de voo e voc\u00ea fica no aer\u00f3dromo de Faro.<\/p><\/div><\/div><\/div><div class=\"et_pb_column_2 et_pb_column et_pb_column_2_5 et-last-child et_block_column et_pb_css_mix_blend_mode_passthrough\"><div class=\"et_pb_image_0 et_pb_image et_pb_module et_block_module\"><a href=\"https:\/\/casa-amendoeira.com\/wp-content\/uploads\/2019\/09\/Praia_Da_Batata.jpg\" class=\"et_pb_lightbox_image\" alt=\"Holiday homes in Lagos\"><span class=\"et_pb_image_wrap\"><img decoding=\"async\" src=\"https:\/\/casa-amendoeira.com\/wp-content\/uploads\/2019\/09\/Praia_Da_Batata.jpg\" width=\"1200\" height=\"802\" class=\"wp-image-1496\" title=\"Casas de f\u00e9rias em Lagos\" alt=\"Casas de f\u00e9rias em Lagos\" \/><\/span><\/a><\/div><\/div><\/div><div class=\"et_pb_row_2 et_pb_row et_block_row\"><div class=\"et_pb_column_3 et_pb_column et_pb_column_4_4 et-last-child et_block_column et_pb_css_mix_blend_mode_passthrough\"><div class=\"et_pb_code_2 et_pb_code et_pb_module\"><div class=\"et_pb_code_inner\"><h2>Explore a nossa sele\u00e7\u00e3o de Alugueres de F\u00e9rias em Lagos<\/h2><\/div><\/div><\/div><\/div><div class=\"et_pb_row_3 et_pb_row et_pb_gutters2 et_block_row\"><div class=\"et_pb_column_4 et_pb_column et_pb_column_1_2 et_block_column et_pb_css_mix_blend_mode_passthrough\"><div class=\"et_pb_blurb_0 et_pb_blurb et_pb_bg_layout_light et_pb_blurb_position_top et_clickable et_pb_module et_block_module\"><div class=\"et_pb_blurb_content\"><div class=\"et_pb_main_blurb_image\"><a href=\"https:\/\/casa-amendoeira.com\/en\/holiday-home-lagos\/\"><span class=\"et_pb_image_wrap et_pb_only_image_mode_wrap\"><img decoding=\"async\" src=\"https:\/\/casa-amendoeira.com\/wp-content\/uploads\/2018\/11\/CasaMasterBedroom.jpg\" width=\"1200\" height=\"802\" class=\"et-waypoint et_pb_animation_top et_pb_animation_top_tablet et_pb_animation_top_phone wp-image-335\" alt=\"A Casa Amendoeira \u00e9 uma bela casa de f\u00e9rias em Lagos, Baixo Alentejo.\" title=\"\"><\/span><\/a><\/div><div class=\"et_pb_blurb_container\"><h3 class=\"et_pb_module_header\"><a href=\"https:\/\/casa-amendoeira.com\/en\/holiday-home-lagos\/\">Casa Amendoeira: A sua casa de f\u00e9rias ideal em Lagos<\/a><\/h3><div class=\"et_pb_blurb_description\"><p>Experimente o encanto da nossa casa de f\u00e9rias amplamente restaurada, localizada no cora\u00e7\u00e3o de Lagos, o centro hist\u00f3rico de Portugal. Esta espa\u00e7osa propriedade de 100 m\u00b2 possui dois quartos, acomodando confortavelmente at\u00e9 quatro h\u00f3spedes. Desfrute do amplo terra\u00e7o panor\u00e2mico no telhado, com vistas deslumbrantes sobre o mar. A bela praia fica apenas a 10-15 minutos a p\u00e9.<\/p>\n<\/div><\/div><\/div><\/div><div class=\"et_pb_module et_pb_button_module_wrapper et_pb_button_0_wrapper\"><a class=\"et_pb_button_0 et_pb_button et_pb_bg_layout_light et_pb_module et_block_module\" href=\"https:\/\/casa-amendoeira.com\/pt\/casa-de-ferias-lagos\/\">Ver detalhes de Casa Amendoeira<\/a><\/div><\/div><div class=\"et_pb_column_5 et_pb_column et_pb_column_1_2 et-last-child et_block_column et_pb_css_mix_blend_mode_passthrough\"><div class=\"et_pb_blurb_1 et_pb_blurb et_pb_bg_layout_light et_pb_blurb_position_top et_clickable et_pb_module et_block_module\"><div class=\"et_pb_blurb_content\"><div class=\"et_pb_main_blurb_image\"><a href=\"https:\/\/casa-amendoeira.com\/en\/holiday-home-algarve\/\"><span class=\"et_pb_image_wrap et_pb_only_image_mode_wrap\"><img decoding=\"async\" src=\"https:\/\/casa-amendoeira.com\/wp-content\/uploads\/2018\/12\/L1002040.jpg\" width=\"3000\" height=\"2000\" class=\"et-waypoint et_pb_animation_top et_pb_animation_top_tablet et_pb_animation_top_phone wp-image-380\" alt=\"Uma casa perfeita para as suas f\u00e9rias no Algarve.\" title=\"\"><\/span><\/a><\/div><div class=\"et_pb_blurb_container\"><h3 class=\"et_pb_module_header\"><a href=\"https:\/\/casa-amendoeira.com\/en\/holiday-home-algarve\/\">Casinha Canal: Uma casa de f\u00e9rias encantadora em Lagos<\/a><\/h3><div class=\"et_pb_blurb_description\"><p>Mergulhe na nossa casa de f\u00e9rias de inspira\u00e7\u00e3o marroquina, situada no cora\u00e7\u00e3o hist\u00f3rico de Lagos. Este santu\u00e1rio de 80 m\u00b2 oferece um quarto individual, acomodando confortavelmente at\u00e9 tr\u00eas h\u00f3spedes. A deslumbrante praia fica apenas a um passeio de 10-15 minutos.<\/p>\n<\/div><\/div><\/div><\/div><div class=\"et_pb_module et_pb_button_module_wrapper et_pb_button_1_wrapper\"><a class=\"et_pb_button_1 et_pb_button et_pb_bg_layout_light et_pb_module et_block_module\" href=\"https:\/\/casa-amendoeira.com\/pt\/casa-de-ferias-algarve\/\">Ver detalhes de Casinha Canal<\/a><\/div><\/div><\/div><div class=\"et_pb_row_4 et_pb_row et_block_row\"><div class=\"et_pb_column_6 et_pb_column et_pb_column_2_5 et_block_column et_pb_css_mix_blend_mode_passthrough\"><div class=\"et_pb_image_1 et_pb_image et_pb_module et_block_module\"><a href=\"https:\/\/casa-amendoeira.com\/wp-content\/uploads\/2019\/09\/Lagos_Historical_Center.jpg\" class=\"et_pb_lightbox_image\" alt=\"A good place for your Lagos holidays\"><span class=\"et_pb_image_wrap\"><img decoding=\"async\" src=\"https:\/\/casa-amendoeira.com\/wp-content\/uploads\/2019\/09\/Lagos_Historical_Center.jpg\" width=\"1200\" height=\"800\" class=\"wp-image-1497\" title=\"Um bom lugar para as suas f\u00e9rias em Lagos\" alt=\"Um bom lugar para as suas f\u00e9rias em Lagos\" \/><\/span><\/a><\/div><\/div><div class=\"et_pb_column_7 et_pb_column et_pb_column_3_5 et-last-child et_block_column et_pb_css_mix_blend_mode_passthrough\"><div class=\"et_pb_code_3 et_pb_code et_pb_module\"><div class=\"et_pb_code_inner\"><h3>Benef\u00edcios do aluguer de f\u00e9rias em Lagos<\/h3>\n<p>\nLagos, sem d\u00favida a cidade mais pitoresca do barlavento algarvio, fica\napenas a 45 minutos de carro do aeroporto. Para aqueles que preferem n\u00e3o alugar um carro,\nest\u00e3o dispon\u00edveis servi\u00e7os de autocarros shuttle. As nossas casas de f\u00e9rias em Lagos oferecem um\num retiro tranquilo, afastado da az\u00e1fama do turismo de massas e\nturismo de massas e longe das t\u00edpicas casas de f\u00e9rias de bet\u00e3o.<br>\n<br>\nAs nossas propriedades oferecem uma experi\u00eancia \u00fanica, diferente dos\napartamentos de f\u00e9rias, uma vez que s\u00e3o locais onde gostamos pessoalmente de\nde passar as nossas f\u00e9rias - garantindo uma estadia confort\u00e1vel e\nestadia.<br>\n<br>\nA reserva atrav\u00e9s do nosso site garante uma experi\u00eancia pessoal e econ\u00f3mica\npois est\u00e1 a reservar directamente com os propriet\u00e1rios. Ao contr\u00e1rio de plataformas\n como FeWo-direkt, Booking.com ou Airbnb, n\u00e3o cobramos taxas de ag\u00eancia.\nO nosso empenho em proporcionar uma estadia agrad\u00e1vel reflecte-se nas nossas\ncoment\u00e1rios consistentemente positivos.<\/p><\/div><\/div><\/div><\/div><div class=\"et_pb_row_5 et_pb_row et_block_row\"><div class=\"et_pb_column_8 et_pb_column et_pb_column_4_4 et-last-child et_block_column et_pb_css_mix_blend_mode_passthrough\"><div class=\"et_pb_code_4 et_pb_code et_pb_module\"><div class=\"et_pb_code_inner\"><h2>Como alugar a sua casa de f\u00e9rias de sonho em Lagos?<\/h2><\/div><\/div><\/div><\/div><div class=\"et_pb_row_6 et_pb_row et_block_row\"><div class=\"et_pb_column_9 et_pb_column et_pb_column_3_5 et_block_column et_pb_css_mix_blend_mode_passthrough\"><div class=\"et_pb_code_5 et_pb_code et_pb_module\"><div class=\"et_pb_code_inner\"><p>Fez a escolha certa ao vir aqui. Enquanto as nossas casas de f\u00e9rias\ncasas de f\u00e9rias em Lagos est\u00e3o listadas no VRBO e Airbnb, reservar directamente atrav\u00e9s\na nossa p\u00e1gina inicial permite-lhe alugar ao propriet\u00e1rio, poupando-o de\ntaxas adicionais ou comiss\u00f5es tipicamente associadas a ag\u00eancias de aluguer\nalugueres no Algarve.<br>\nBasta seleccionar uma das casas acima e, na p\u00e1gina de detalhes, encontrar\u00e1\nencontrar\u00e1 uma op\u00e7\u00e3o para escolher as datas das suas f\u00e9rias e calcular o\npre\u00e7o.<\/p>\n<p>Se se sentir mais confort\u00e1vel a reservar atrav\u00e9s de uma plataforma conhecida,\n pode encontrar as nossas propriedades no VRBO e no Airbnb atrav\u00e9s dos links fornecidos.\nNo entanto, tenha em aten\u00e7\u00e3o que estas plataformas podem acrescentar taxas de comiss\u00e3o\n pelos seus servi\u00e7os.<\/p>\n  <a href=\"https:\/\/airbnb.com\/h\/amendoeira\" target=\"_blank\" rel=\"noopener\">O Casa Amendoeira na Airbnb<\/a><br>\n    <a href=\"https:\/\/www.booking.com\/hotel\/pt\/fabulous-restored-townhouse-in-lagos-old-town-with-panoramic-roof-terrace.de.html\" target=\"_blank\" rel=\"noopener\">O Casa Amendoeira em Booking.com<\/a>\n  <\/p>\n<p>\n  <a href=\"https:\/\/airbnb.com\/h\/casinhacanal\" target=\"_blank\" rel=\"noopener\">O Casinha Canal na Airbnb<\/a><br>\n  <a href=\"https:\/\/www.booking.com\/hotel\/pt\/casinha-canal.de.html\" target=\"_blank\" rel=\"noopener\">O Casinha Canal em Booking.com<\/a><\/p>\n  <\/p><\/div><\/div><\/div><div class=\"et_pb_column_10 et_pb_column et_pb_column_2_5 et-last-child et_block_column et_pb_css_mix_blend_mode_passthrough\"><div class=\"et_pb_image_2 et_pb_image et_pb_module et_block_module\"><a href=\"https:\/\/casa-amendoeira.com\/wp-content\/uploads\/2019\/06\/Surfers.jpg\" class=\"et_pb_lightbox_image\" alt=\"Airbnb in Lagos\"><span class=\"et_pb_image_wrap\"><img decoding=\"async\" src=\"https:\/\/casa-amendoeira.com\/wp-content\/uploads\/2019\/06\/Surfers.jpg\" width=\"1200\" height=\"800\" class=\"wp-image-805\" title=\"Airbnb em Lagos\" alt=\"Airbnb em Lagos\" \/><\/span><\/a><\/div><\/div><\/div><div class=\"et_pb_row_7 et_pb_row et_block_row\"><div class=\"et_pb_column_11 et_pb_column et_pb_column_4_4 et-last-child et_block_column et_pb_css_mix_blend_mode_passthrough\"><div class=\"et_pb_code_6 et_pb_code et_pb_module\"><div class=\"et_pb_code_inner\"><h2>O que faz de Lagos o destino de f\u00e9rias perfeito?<\/h2><\/div><\/div><\/div><\/div><div class=\"et_pb_row_8 et_pb_row et_block_row\"><div class=\"et_pb_column_12 et_pb_column et_pb_column_2_5 et_block_column et_pb_css_mix_blend_mode_passthrough\"><div class=\"et_pb_image_3 et_pb_image et_pb_module et_block_module\"><a href=\"https:\/\/casa-amendoeira.com\/wp-content\/uploads\/2014\/11\/Coastline.jpg\" class=\"et_pb_lightbox_image\" alt=\"Praia Da Batata, Lagos\"><span class=\"et_pb_image_wrap\"><img decoding=\"async\" src=\"https:\/\/casa-amendoeira.com\/wp-content\/uploads\/2014\/11\/Coastline.jpg\" width=\"2048\" height=\"1152\" class=\"wp-image-153\" title=\"Litoral das f\u00e9rias no Algarve\" alt=\"Praia Da Batata, Lagos\" \/><\/span><\/a><\/div><\/div><div class=\"et_pb_column_13 et_pb_column et_pb_column_3_5 et-last-child et_block_column et_pb_css_mix_blend_mode_passthrough\"><div class=\"et_pb_code_7 et_pb_code et_pb_module\"><div class=\"et_pb_code_inner\">Experimente o fasc\u00ednio do Algarve, a adorada costa sul de Portugal. Com as suas deslumbrantes praias de areia, encantadoras aldeias piscat\u00f3rias e um clima agrad\u00e1vel, \u00e9 o destino ideal para uma escapadela memor\u00e1vel.<br>\nO Algarve possui uma grande diversidade de atrac\u00e7\u00f5es. Desde praias imaculadas para toda a fam\u00edlia e parques aqu\u00e1ticos emocionantes para os aventureiros, a uma vida nocturna vibrante para os amantes de festas e cidades hist\u00f3ricas para os entusiastas da cultura. Para al\u00e9m das cidades movimentadas, explore mais de 200 quil\u00f3metros de uma costa de cortar a respira\u00e7\u00e3o, majestosas zonas montanhosas e reservas naturais serenas.<\/div><\/div><\/div><\/div><div class=\"et_pb_row_9 et_pb_row et_block_row\"><div class=\"et_pb_column_14 et_pb_column et_pb_column_3_5 et_block_column et_pb_css_mix_blend_mode_passthrough\"><div class=\"et_pb_text_0 et_pb_text et_pb_bg_layout_light et_pb_module et_block_module\"><div class=\"et_pb_text_inner\"><p>Para as suas f\u00e9rias, o Algarve \u00e9 um destino sem stress; a \u00e1rea \u00e9 muito segura, o ingl\u00eas \u00e9 muito falado, os hot\u00e9is s\u00e3o de muito alto n\u00edvel e os portugueses s\u00e3o muito acolhedores. O Algarve n\u00e3o \u00e9 apenas um \u00f3ptimo destino de f\u00e9rias, \u00e9 tamb\u00e9m um dos destinos de viagem mais baratos da Europa, muito mais barato do que Espanha, Gr\u00e9cia ou Fran\u00e7a.<br \/>O Algarve tem muito a amar, por isso deixe-nos ajud\u00e1-lo a planear a sua viagem a esta zona fant\u00e1stica.<\/p>\n<p>As quatro maiores cidades da regi\u00e3o s\u00e3o Albufeira, Lagos, Praia da Rocha e Vilamoura, todas elas oferecendo belas praias, rica vida nocturna e intermin\u00e1veis actividades de f\u00e9rias.<br \/>Lagos \u00e9 a nossa cidade favorita, pois \u00e9 mais uma cidade vibrante do que as outras. Lagos tem a vibra\u00e7\u00e3o mais portuguesa de todas, combinando uma cidade hist\u00f3rica com belas praias. E \u00e9 claro que temos as nossas duas casas de f\u00e9rias em Lagos!<\/p>\n<p>A costa ocidental do Algarve (as costas norte e sul entre Sagres e Odeceixe, a cerca de 30 minutos de carro de Lagos) est\u00e1 exposta ao poder do Oceano Atl\u00e2ntico. Esta \u00e9 uma \u00e1rea de uma beleza deslumbrante, com fal\u00e9sias imponentes, praias ladeadas pelo vento e vastos mares. Aqui quase n\u00e3o h\u00e1 desenvolvimento tur\u00edstico.<\/p>\n<p>&nbsp;<\/p>\n<\/div><\/div><\/div><div class=\"et_pb_column_15 et_pb_column et_pb_column_2_5 et-last-child et_block_column et_pb_css_mix_blend_mode_passthrough\"><div class=\"et_pb_image_4 et_pb_image et_pb_module et_block_module\"><a href=\"https:\/\/casa-amendoeira.com\/wp-content\/uploads\/2019\/06\/RuaDaAmendoeira.jpg\" class=\"et_pb_lightbox_image\" alt=\"Holiday homes in Lagos\"><span class=\"et_pb_image_wrap\"><img decoding=\"async\" src=\"https:\/\/casa-amendoeira.com\/wp-content\/uploads\/2019\/06\/RuaDaAmendoeira.jpg\" width=\"2250\" height=\"3000\" class=\"wp-image-908\" title=\"O Casa Amendoeira (\u00e0 esquerda nesta foto) no topo da Rua da Amendoeira\" alt=\"Casas de f\u00e9rias em Lagos\" \/><\/span><\/a><\/div><\/div><\/div><div class=\"et_pb_row_10 et_pb_row et_block_row\"><div class=\"et_pb_column_16 et_pb_column et_pb_column_4_4 et-last-child et_block_column et_pb_css_mix_blend_mode_passthrough\"><div class=\"et_pb_code_8 et_pb_code et_pb_module\"><div class=\"et_pb_code_inner\"><h2>Experimentar o encanto de alugar uma casa de f\u00e9rias em Lagos?<\/h2><\/div><\/div><\/div><\/div><div class=\"et_pb_row_11 et_pb_row et_pb_gutters2 et_block_row\"><div class=\"et_pb_column_17 et_pb_column et_pb_column_1_2 et_block_column et_pb_css_mix_blend_mode_passthrough\"><div class=\"et_pb_blurb_2 et_pb_blurb et_pb_bg_layout_light et_pb_blurb_position_top et_clickable et_pb_module et_block_module\"><div class=\"et_pb_blurb_content\"><div class=\"et_pb_main_blurb_image\"><a href=\"https:\/\/casa-amendoeira.com\/en\/holiday-home-lagos\/\"><span class=\"et_pb_image_wrap et_pb_only_image_mode_wrap\"><img decoding=\"async\" src=\"https:\/\/casa-amendoeira.com\/wp-content\/uploads\/2019\/12\/CasaSofas-scaled.jpg\" width=\"2560\" height=\"1920\" class=\"et-waypoint et_pb_animation_top et_pb_animation_top_tablet et_pb_animation_top_phone wp-image-1549\" alt=\"Novo e confort\u00e1vel assento na sala de estar do Casa Amendoeira\" title=\"\"><\/span><\/a><\/div><div class=\"et_pb_blurb_container\"><h3 class=\"et_pb_module_header\"><a href=\"https:\/\/casa-amendoeira.com\/en\/holiday-home-lagos\/\">Experi\u00eancia de luxo no Casa Amendoeira em Lagos<\/a><\/h3><div class=\"et_pb_blurb_description\"><p>A casa \u00e9 uma casa amplamente restaurada no centro hist\u00f3rico de Lagos, Portugal. 100 m\u00b2 de \u00e1rea de habita\u00e7\u00e3o em dois andares com dois quartos e espa\u00e7o para at\u00e9 quatro pessoas. Caminhe at\u00e9 \u00e0 praia em 10-15 minutos.<\/p>\n<\/div><\/div><\/div><\/div><div class=\"et_pb_module et_pb_button_module_wrapper et_pb_button_2_wrapper\"><a class=\"et_pb_button_2 et_pb_button et_pb_bg_layout_light et_pb_module et_block_module\" href=\"https:\/\/casa-amendoeira.com\/pt\/casa-de-ferias-lagos\/\">Detalhes do Casa Amendoeira<\/a><\/div><\/div><div class=\"et_pb_column_18 et_pb_column et_pb_column_1_2 et-last-child et_block_column et_pb_css_mix_blend_mode_passthrough\"><div class=\"et_pb_blurb_3 et_pb_blurb et_pb_bg_layout_light et_pb_blurb_position_top et_clickable et_pb_module et_block_module\"><div class=\"et_pb_blurb_content\"><div class=\"et_pb_main_blurb_image\"><a href=\"https:\/\/casa-amendoeira.com\/en\/holiday-home-algarve\/\"><span class=\"et_pb_image_wrap et_pb_only_image_mode_wrap\"><img decoding=\"async\" src=\"https:\/\/casa-amendoeira.com\/wp-content\/uploads\/2019\/06\/DSF6766.jpg\" width=\"1200\" height=\"853\" class=\"et-waypoint et_pb_animation_top et_pb_animation_top_tablet et_pb_animation_top_phone wp-image-1124\" alt=\"Uma casa perfeita para as suas f\u00e9rias no Algarve.\" title=\"\"><\/span><\/a><\/div><div class=\"et_pb_blurb_container\"><h3 class=\"et_pb_module_header\"><a href=\"https:\/\/casa-amendoeira.com\/en\/holiday-home-algarve\/\">Descubra o encanto do Casinha Canal em Lagos<\/a><\/h3><div class=\"et_pb_blurb_description\"><p>Uma casa de f\u00e9rias de inspira\u00e7\u00e3o marroquina, no centro hist\u00f3rico de Lagos. 80 m\u00b2 de \u00e1rea de habita\u00e7\u00e3o com um quarto e espa\u00e7o para at\u00e9 tr\u00eas pessoas. O Casinha Canal \u00e9 uma encantadora e rom\u00e2ntica casa antiga, com praias, restaurantes, bares e lojas a pouca dist\u00e2ncia a p\u00e9.<\/p>\n<\/div><\/div><\/div><\/div><div class=\"et_pb_module et_pb_button_module_wrapper et_pb_button_3_wrapper\"><a class=\"et_pb_button_3 et_pb_button et_pb_bg_layout_light et_pb_module et_block_module\" href=\"https:\/\/casa-amendoeira.com\/pt\/casa-de-ferias-algarve\/\">Detalhes do Casinha Canal<\/a><\/div><\/div><\/div><\/div><div class=\"et_pb_section_2 et_pb_section et_section_regular et_block_section\"><div class=\"et_pb_row_12 et_pb_row et_block_row\"><div class=\"et_pb_column_19 et_pb_column et_pb_column_4_4 et-last-child et_block_column et_pb_css_mix_blend_mode_passthrough\"><div class=\"et_pb_text_1 et_pb_text et_pb_bg_layout_light et_pb_module et_block_module\"><div class=\"et_pb_text_inner\"><p style=\"text-align: center;\">Lagos tem algo para todos. A Cidade Velha \u00e9 adequada para todas as idades, com muitas lojas pequenas, bares frescos para os jovens e restaurantes elegantes para aqueles que procuram uma noite mais descontra\u00edda. \u00c9 um destino tur\u00edstico popular, atraindo visitantes de todo o mundo com a sua costa coberta de penhascos, belas paisagens e uma cultura vibrante. Algumas das atrac\u00e7\u00f5es mais populares em Lagos incluem a Praia do Camilo, a Praia da Meia Praia, e a Marina de Lagos. A cidade \u00e9 tamb\u00e9m conhecida pela sua vibrante vida nocturna, com muitos bares, clubes, e restaurantes que permanecem abertos at\u00e9 tarde da noite.<\/p>\n<p style=\"text-align: center;\">As nossas duas casas de f\u00e9rias em Lagos oferecem a melhor base para as suas f\u00e9rias no resort mais cosmopolita do Algarve.<\/p>\n<p>&nbsp;<\/p>\n<h3 style=\"text-align: center;\">Teremos todo o prazer em receb\u00ea-los como nossos h\u00f3spedes nas nossas casas de f\u00e9rias em Lagos em breve.<\/h3>\n<\/div><\/div><\/div><\/div><\/div>","protected":false},"excerpt":{"rendered":"","protected":false},"author":1,"featured_media":0,"parent":0,"menu_order":0,"comment_status":"closed","ping_status":"closed","template":"","meta":{"footnotes":""},"simple-restrict-permission":[],"class_list":["post-312","page","type-page","status-publish","hentry"],"_links":{"self":[{"href":"https:\/\/casa-amendoeira.com\/pt\/wp-json\/wp\/v2\/pages\/312","targetHints":{"allow":["GET"]}}],"collection":[{"href":"https:\/\/casa-amendoeira.com\/pt\/wp-json\/wp\/v2\/pages"}],"about":[{"href":"https:\/\/casa-amendoeira.com\/pt\/wp-json\/wp\/v2\/types\/page"}],"author":[{"embeddable":true,"href":"https:\/\/casa-amendoeira.com\/pt\/wp-json\/wp\/v2\/users\/1"}],"replies":[{"embeddable":true,"href":"https:\/\/casa-amendoeira.com\/pt\/wp-json\/wp\/v2\/comments?post=312"}],"version-history":[{"count":5,"href":"https:\/\/casa-amendoeira.com\/pt\/wp-json\/wp\/v2\/pages\/312\/revisions"}],"predecessor-version":[{"id":4184,"href":"https:\/\/casa-amendoeira.com\/pt\/wp-json\/wp\/v2\/pages\/312\/revisions\/4184"}],"wp:attachment":[{"href":"https:\/\/casa-amendoeira.com\/pt\/wp-json\/wp\/v2\/media?parent=312"}],"wp:term":[{"taxonomy":"simple-restrict-permission","embeddable":true,"href":"https:\/\/casa-amendoeira.com\/pt\/wp-json\/wp\/v2\/simple-restrict-permission?post=312"}],"curies":[{"name":"wp","href":"https:\/\/api.w.org\/{rel}","templated":true}]}}