{"id":746,"date":"2019-06-19T17:16:10","date_gmt":"2019-06-19T15:16:10","guid":{"rendered":"https:\/\/casa-amendoeira.com\/?page_id=746"},"modified":"2026-01-05T15:25:45","modified_gmt":"2026-01-05T13:25:45","slug":"carimbo","status":"publish","type":"page","link":"https:\/\/casa-amendoeira.com\/pt\/imprint\/","title":{"rendered":"Impress\u00e3o \/ Isen\u00e7\u00e3o de responsabilidade"},"content":{"rendered":"<div class=\"et_pb_section_0 et_pb_section et_pb_fullwidth_section et_section_regular et_block_section\"><section class=\"et_pb_fullwidth_header_0 et_pb_fullwidth_header et_pb_bg_layout_dark et_pb_text_align_left et_pb_module et_flex_module\"><div class=\"et_pb_fullwidth_header_container left\"><div class=\"header-content-container center\"><div class=\"header-content et_flex_module\"><h1 class=\"et_pb_module_header\">Impress\u00e3o \/ Isen\u00e7\u00e3o de responsabilidade<\/h1><div class=\"et_pb_header_button_wrapper\"><\/div><\/div><\/div><\/div><div class=\"et_pb_fullwidth_header_overlay\"><\/div><div class=\"et_pb_fullwidth_header_scroll\"><\/div><\/section><\/div><div class=\"et_pb_section_1 et_pb_section et_section_regular et_block_section\"><div class=\"et_pb_row_0 et_pb_row et_block_row\"><div class=\"et_pb_column_0 et_pb_column et_pb_column_4_4 et-last-child et_block_column et_pb_css_mix_blend_mode_passthrough\"><div class=\"et_pb_text_0 et_pb_text et_pb_bg_layout_light et_pb_module et_block_module\"><div class=\"et_pb_text_inner\"><h2>Impresso<\/p>\n<p>Angaben gem\u00e4\u00df \u00a7 5 TMG<\/h2>\n<p>Marc Mennigmann<br \/>\nPedra Branca Caixa Postal 310-M<br \/>\n8600-253 Odiaxere<br \/>\nPortugal\n<\/p>\n<h2>Kontakt<\/h2>\n<p>Telefone: +351 911 919 817<br \/> E-Mail: bookings@casa-amendoeira.com<\/p>\n<h2>Verantwortlich f\u00fcr den Inhalt nach \u00a7 55 Abs. 2 RStV<\/h2>\n<p>Marc Mennigmann, Adressdaten wie oben<\/p>\n<h3>Responsabilidade pelo conte\u00fado<\/h3>\n<p>Como prestadores de servi\u00e7os, somos respons\u00e1veis pelo conte\u00fado pr\u00f3prio destes sites de acordo com o Sec. 7, par\u00e1grafo 1 da Lei Alem\u00e3 de Telemedia (TMG). No entanto, de acordo com a Sec. 8 a 10 da Lei Alem\u00e3 de Telemedia (TMG), os prestadores de servi\u00e7os n\u00e3o s\u00e3o obrigados a monitorizar permanentemente as informa\u00e7\u00f5es apresentadas ou armazenadas ou a procurar provas que indiquem actividades ilegais.<br \/> As obriga\u00e7\u00f5es legais de remover informa\u00e7\u00f5es ou de bloquear o uso de informa\u00e7\u00f5es permanecem inquestion\u00e1veis. Neste caso, a responsabilidade s\u00f3 \u00e9 poss\u00edvel no momento em que se tem conhecimento de uma viola\u00e7\u00e3o espec\u00edfica da lei. Os conte\u00fados ilegais ser\u00e3o removidos imediatamente no momento em que tivermos conhecimento dos mesmos.<\/p>\n<h3>Responsabilidade pelos Links<\/h3>\n<p>A nossa oferta inclui links para sites externos de terceiros. N\u00e3o temos qualquer influ\u00eancia sobre o conte\u00fado desses sites, pelo que n\u00e3o podemos garantir esses conte\u00fados. Os provedores ou administradores dos sites vinculados s\u00e3o sempre respons\u00e1veis pelos seus pr\u00f3prios conte\u00fados.<br \/> Os sites vinculados tinham sido verificados quanto a poss\u00edveis viola\u00e7\u00f5es da lei no momento do estabelecimento do link. Os conte\u00fados ilegais n\u00e3o foram detectados no momento do estabelecimento do link. Um monitoramento permanente dos conte\u00fados dos sites vinculados n\u00e3o pode ser imposto sem indica\u00e7\u00f5es razo\u00e1veis de que houve uma viola\u00e7\u00e3o da lei. Os links ilegais ser\u00e3o removidos imediatamente no momento em que tivermos conhecimento dos mesmos.<\/p>\n<h3>Direitos Autorais<\/h3>\n<p>Os conte\u00fados e compila\u00e7\u00f5es publicados nestes sites pelos fornecedores est\u00e3o sujeitos \u00e0s leis alem\u00e3s de direitos autorais. A reprodu\u00e7\u00e3o, edi\u00e7\u00e3o, distribui\u00e7\u00e3o, bem como a utiliza\u00e7\u00e3o de qualquer tipo fora do \u00e2mbito da lei de direitos autorais, requerem uma permiss\u00e3o por escrito do autor ou do autor. Os downloads e c\u00f3pias destes sites s\u00e3o permitidos apenas para uso privado.<br \/> \u00c9 proibido o uso comercial do nosso conte\u00fado sem a permiss\u00e3o do autor.<br \/> As leis de direitos autorais de terceiros s\u00e3o respeitadas desde que o conte\u00fado destes sites n\u00e3o seja origin\u00e1rio do fornecedor. As contribui\u00e7\u00f5es de terceiros neste site s\u00e3o indicadas como tal. No entanto, se voc\u00ea notar qualquer viola\u00e7\u00e3o da lei de direitos autorais, por favor, informe-nos. Tais conte\u00fados ser\u00e3o removidos imediatamente.<\/p>\n<p>Quelle: <a href=\"https:\/\/www.e-recht24.de\/impressum-generator.html\" target=\"_blank\" rel=\"noopener\">https:\/\/www.e-recht24.de\/impressum-generator.html<\/a><\/p>\n<\/div><\/div><\/div><\/div><\/div>","protected":false},"excerpt":{"rendered":"","protected":false},"author":1,"featured_media":0,"parent":0,"menu_order":0,"comment_status":"closed","ping_status":"closed","template":"","meta":{"footnotes":""},"simple-restrict-permission":[],"class_list":["post-746","page","type-page","status-publish","hentry"],"_links":{"self":[{"href":"https:\/\/casa-amendoeira.com\/pt\/wp-json\/wp\/v2\/pages\/746","targetHints":{"allow":["GET"]}}],"collection":[{"href":"https:\/\/casa-amendoeira.com\/pt\/wp-json\/wp\/v2\/pages"}],"about":[{"href":"https:\/\/casa-amendoeira.com\/pt\/wp-json\/wp\/v2\/types\/page"}],"author":[{"embeddable":true,"href":"https:\/\/casa-amendoeira.com\/pt\/wp-json\/wp\/v2\/users\/1"}],"replies":[{"embeddable":true,"href":"https:\/\/casa-amendoeira.com\/pt\/wp-json\/wp\/v2\/comments?post=746"}],"version-history":[{"count":1,"href":"https:\/\/casa-amendoeira.com\/pt\/wp-json\/wp\/v2\/pages\/746\/revisions"}],"predecessor-version":[{"id":4188,"href":"https:\/\/casa-amendoeira.com\/pt\/wp-json\/wp\/v2\/pages\/746\/revisions\/4188"}],"wp:attachment":[{"href":"https:\/\/casa-amendoeira.com\/pt\/wp-json\/wp\/v2\/media?parent=746"}],"wp:term":[{"taxonomy":"simple-restrict-permission","embeddable":true,"href":"https:\/\/casa-amendoeira.com\/pt\/wp-json\/wp\/v2\/simple-restrict-permission?post=746"}],"curies":[{"name":"wp","href":"https:\/\/api.w.org\/{rel}","templated":true}]}}