{"id":312,"date":"2017-05-04T16:23:26","date_gmt":"2017-05-04T14:23:26","guid":{"rendered":"http:\/\/casa-amendoeira.com\/?page_id=312"},"modified":"2026-01-05T15:25:38","modified_gmt":"2026-01-05T13:25:38","slug":"semesterbostader-portugal","status":"publish","type":"page","link":"https:\/\/casa-amendoeira.com\/sv\/","title":{"rendered":"Semesterhus i Lagos, Portugal"},"content":{"rendered":"<div class=\"et_pb_section_0 et_pb_section et_pb_fullwidth_section et_section_regular et_block_section\"><section class=\"et_pb_fullwidth_header_0 et_pb_fullwidth_header et_pb_fullscreen et_pb_bg_layout_dark et_pb_text_align_center et_pb_section_parallax et_pb_module et_flex_module\"><span class=\"et-pb-parallax-wrapper\"><span class=\"et-pb-parallax-background et-pb-parallax-background-module--divi-fullwidth-header-0\" style=\"background-image:url(https:\/\/casa-amendoeira.com\/wp-content\/uploads\/2019\/04\/Bedroom2000_50.jpg)\"><\/span><\/span><div class=\"et_pb_fullwidth_header_container center\"><div class=\"header-content-container center\"><div class=\"header-content et_flex_module\"><h1 class=\"et_pb_module_header\">Uppt\u00e4ck lyxiga semesterbost\u00e4der i Lagos f\u00f6r 2026<\/h1><div class=\"et_pb_header_content_wrapper\"><p>Letar du efter de perfekta semesterbost\u00e4derna i Lagos, inb\u00e4ddat i hj\u00e4rtat av Algarve? Utforska v\u00e5ra tv\u00e5 vackert renoverade radhus, som ligger inom de historiska stadsmurarna i Lagos.<\/p>\n<\/div><div class=\"et_pb_header_button_wrapper\"><\/div><\/div><\/div><\/div><div class=\"et_pb_fullwidth_header_overlay\"><\/div><div class=\"et_pb_fullwidth_header_scroll\"><a class=\"scroll-down-container\" href=\"#\"><span class=\"scroll-down et-pb-icon\">;<\/span><\/a><\/div><\/section><\/div><div class=\"et_pb_section_1 et_pb_section et_section_regular et_block_section\"><div class=\"et_pb_row_0 et_pb_row et_block_row\"><div class=\"et_pb_column_0 et_pb_column et_pb_column_4_4 et-last-child et_block_column et_pb_css_mix_blend_mode_passthrough\"><div class=\"et_pb_code_0 et_pb_code et_pb_module\"><div class=\"et_pb_code_inner\"><h2>Planera din semester 2026 i Lagos, Portugal<\/h2><\/div><\/div><\/div><\/div><div class=\"et_pb_row_1 et_pb_row et_block_row\"><div class=\"et_pb_column_1 et_pb_column et_pb_column_3_5 et_block_column et_pb_css_mix_blend_mode_passthrough\"><div class=\"et_pb_code_1 et_pb_code et_pb_module\"><div class=\"et_pb_code_inner\"><p>Vi hyr ut tv\u00e5 vackra individuella semesterbost\u00e4der i Lagos, Portugal. B\u00e5da \u00e4r bel\u00e4gna i den vackra historiska stadsk\u00e4rnan, men \u00e4nd\u00e5 i ett lugnt l\u00e4ge.\nFr\u00e5n b\u00e5da husen \u00e4r det bara en kort promenad till den klippskyddade stranden Praia da Batata. \u00c4ven den rymliga Meia Praia ligger inte l\u00e5ngt bort.<br>\n<br>\nAlgarve i Portugal anses vara det mest lockande och m\u00e5ngsidiga semesterm\u00e5let i Europa. Och det \u00e4r inte ens l\u00e5ngt fr\u00e5n Tyskland. Tv\u00e5 till tre timmars flygtid och du st\u00e5r p\u00e5 flygf\u00e4ltet i Faro.<\/p><\/div><\/div><\/div><div class=\"et_pb_column_2 et_pb_column et_pb_column_2_5 et-last-child et_block_column et_pb_css_mix_blend_mode_passthrough\"><div class=\"et_pb_image_0 et_pb_image et_pb_module et_block_module\"><a href=\"https:\/\/casa-amendoeira.com\/wp-content\/uploads\/2019\/09\/Praia_Da_Batata.jpg\" class=\"et_pb_lightbox_image\" alt=\"Holiday homes in Lagos\"><span class=\"et_pb_image_wrap\"><img decoding=\"async\" src=\"https:\/\/casa-amendoeira.com\/wp-content\/uploads\/2019\/09\/Praia_Da_Batata.jpg\" width=\"1200\" height=\"802\" class=\"wp-image-1496\" title=\"Semesterhus i Lagos\" alt=\"Semesterhus i Lagos\" \/><\/span><\/a><\/div><\/div><\/div><div class=\"et_pb_row_2 et_pb_row et_block_row\"><div class=\"et_pb_column_3 et_pb_column et_pb_column_4_4 et-last-child et_block_column et_pb_css_mix_blend_mode_passthrough\"><div class=\"et_pb_code_2 et_pb_code et_pb_module\"><div class=\"et_pb_code_inner\"><h2>Utforska v\u00e5rt urval av semesterbost\u00e4der i Lagos<\/h2><\/div><\/div><\/div><\/div><div class=\"et_pb_row_3 et_pb_row et_pb_gutters2 et_block_row\"><div class=\"et_pb_column_4 et_pb_column et_pb_column_1_2 et_block_column et_pb_css_mix_blend_mode_passthrough\"><div class=\"et_pb_blurb_0 et_pb_blurb et_pb_bg_layout_light et_pb_blurb_position_top et_clickable et_pb_module et_block_module\"><div class=\"et_pb_blurb_content\"><div class=\"et_pb_main_blurb_image\"><a href=\"https:\/\/casa-amendoeira.com\/en\/holiday-home-lagos\/\"><span class=\"et_pb_image_wrap et_pb_only_image_mode_wrap\"><img decoding=\"async\" src=\"https:\/\/casa-amendoeira.com\/wp-content\/uploads\/2018\/11\/CasaMasterBedroom.jpg\" width=\"1200\" height=\"802\" class=\"et-waypoint et_pb_animation_top et_pb_animation_top_tablet et_pb_animation_top_phone wp-image-335\" alt=\"Casa Amendoeira \u00e4r ett vackert semesterhus i Lagos, Portugal.\" title=\"\"><\/span><\/a><\/div><div class=\"et_pb_blurb_container\"><h3 class=\"et_pb_module_header\"><a href=\"https:\/\/casa-amendoeira.com\/en\/holiday-home-lagos\/\">Casa Amendoeira: Ditt perfekta semesterhus i Lagos<\/a><\/h3><div class=\"et_pb_blurb_description\"><p>Upplev charmen i v\u00e5rt omfattande restaurerade semesterhus, som ligger i hj\u00e4rtat av Lagos, Portugals historiska centrum. Denna rymliga fastighet p\u00e5 100 m\u00b2 har tv\u00e5 sovrum, som bekv\u00e4mt rymmer upp till fyra g\u00e4ster. Njut av den vidstr\u00e4ckta takterrassen med panoramautsikt och hisnande havsutsikt. Den vackra stranden ligger bara en lugn 10-15 minuters promenad bort.<\/p>\n<\/div><\/div><\/div><\/div><div class=\"et_pb_module et_pb_button_module_wrapper et_pb_button_0_wrapper\"><a class=\"et_pb_button_0 et_pb_button et_pb_bg_layout_light et_pb_module et_block_module\" href=\"https:\/\/casa-amendoeira.com\/sv\/semesterhus-lagos\/\">Visa detaljer om Casa Amendoeira<\/a><\/div><\/div><div class=\"et_pb_column_5 et_pb_column et_pb_column_1_2 et-last-child et_block_column et_pb_css_mix_blend_mode_passthrough\"><div class=\"et_pb_blurb_1 et_pb_blurb et_pb_bg_layout_light et_pb_blurb_position_top et_clickable et_pb_module et_block_module\"><div class=\"et_pb_blurb_content\"><div class=\"et_pb_main_blurb_image\"><a href=\"https:\/\/casa-amendoeira.com\/en\/holiday-home-algarve\/\"><span class=\"et_pb_image_wrap et_pb_only_image_mode_wrap\"><img decoding=\"async\" src=\"https:\/\/casa-amendoeira.com\/wp-content\/uploads\/2018\/12\/L1002040.jpg\" width=\"3000\" height=\"2000\" class=\"et-waypoint et_pb_animation_top et_pb_animation_top_tablet et_pb_animation_top_phone wp-image-380\" alt=\"Ett perfekt hem f\u00f6r din semester i Algarve.\" title=\"\"><\/span><\/a><\/div><div class=\"et_pb_blurb_container\"><h3 class=\"et_pb_module_header\"><a href=\"https:\/\/casa-amendoeira.com\/en\/holiday-home-algarve\/\">Casinha Canal: Ett charmigt semesterhus i Lagos<\/a><\/h3><div class=\"et_pb_blurb_description\"><p>Njut av v\u00e5rt marockanskt inspirerade semesterhus, inb\u00e4ddat i Lagos historiska hj\u00e4rta. Denna 80 m\u00b2 stora fristad har ett enkelrum med bekv\u00e4mt boende f\u00f6r upp till tre g\u00e4ster. Den fantastiska stranden ligger bara 10-15 minuters promenad bort.<\/p>\n<\/div><\/div><\/div><\/div><div class=\"et_pb_module et_pb_button_module_wrapper et_pb_button_1_wrapper\"><a class=\"et_pb_button_1 et_pb_button et_pb_bg_layout_light et_pb_module et_block_module\" href=\"https:\/\/casa-amendoeira.com\/sv\/semesterhus-algarve\/\">Visa detaljer om Casinha Canal<\/a><\/div><\/div><\/div><div class=\"et_pb_row_4 et_pb_row et_block_row\"><div class=\"et_pb_column_6 et_pb_column et_pb_column_2_5 et_block_column et_pb_css_mix_blend_mode_passthrough\"><div class=\"et_pb_image_1 et_pb_image et_pb_module et_block_module\"><a href=\"https:\/\/casa-amendoeira.com\/wp-content\/uploads\/2019\/09\/Lagos_Historical_Center.jpg\" class=\"et_pb_lightbox_image\" alt=\"A good place for your Lagos holidays\"><span class=\"et_pb_image_wrap\"><img decoding=\"async\" src=\"https:\/\/casa-amendoeira.com\/wp-content\/uploads\/2019\/09\/Lagos_Historical_Center.jpg\" width=\"1200\" height=\"800\" class=\"wp-image-1497\" title=\"En bra plats f\u00f6r din semester i Lagos\" alt=\"En bra plats f\u00f6r din semester i Lagos\" \/><\/span><\/a><\/div><\/div><div class=\"et_pb_column_7 et_pb_column et_pb_column_3_5 et-last-child et_block_column et_pb_css_mix_blend_mode_passthrough\"><div class=\"et_pb_code_3 et_pb_code et_pb_module\"><div class=\"et_pb_code_inner\"><h3>F\u00f6rdelar med semesterbost\u00e4der i Lagos<\/h3>\n<p>\nLagos, som f\u00f6rmodligen \u00e4r den mest pittoreska staden i v\u00e4stra Algarve, ligger\nbara 45 minuters bilresa fr\u00e5n flygplatsen. F\u00f6r dem som f\u00f6redrar att inte hyra bil,\nfinns det m\u00f6jlighet att \u00e5ka buss. V\u00e5ra semesterhus i Lagos erbjuder en\nlugna retr\u00e4tt, s\u00e4kert distanserad fr\u00e5n liv och r\u00f6relse av massa\nturism och l\u00e5ngt fr\u00e5n de typiska semesterhusen i betong.<br>\n<br>\nV\u00e5ra fastigheter erbjuder en unik upplevelse, annorlunda \u00e4n vanliga\nsemesterl\u00e4genheter, eftersom det \u00e4r platser d\u00e4r vi personligen tycker om att\ntillbringa v\u00e5ra semestrar - vilket garanterar en bekv\u00e4m och ost\u00f6rd\nvistelse.<br>\n<br>\nBokning via v\u00e5r hemsida garanterar en personlig och kostnadseffektiv\nupplevelse, eftersom du bokar direkt fr\u00e5n \u00e4garna. Till skillnad fr\u00e5n plattformar\n som FeWo-direkt, Booking.com eller Airbnb tar vi inte ut n\u00e5gra f\u00f6rmedlingsavgifter.\nV\u00e5rt engagemang f\u00f6r att erbjuda en trevlig vistelse \u00e5terspeglas i v\u00e5ra\ngenomg\u00e5ende positiva recensioner.<\/p><\/div><\/div><\/div><\/div><div class=\"et_pb_row_5 et_pb_row et_block_row\"><div class=\"et_pb_column_8 et_pb_column et_pb_column_4_4 et-last-child et_block_column et_pb_css_mix_blend_mode_passthrough\"><div class=\"et_pb_code_4 et_pb_code et_pb_module\"><div class=\"et_pb_code_inner\"><h2>Hur hyr man sitt dr\u00f6msemesterhus i Lagos?<\/h2><\/div><\/div><\/div><\/div><div class=\"et_pb_row_6 et_pb_row et_block_row\"><div class=\"et_pb_column_9 et_pb_column et_pb_column_3_5 et_block_column et_pb_css_mix_blend_mode_passthrough\"><div class=\"et_pb_code_5 et_pb_code et_pb_module\"><div class=\"et_pb_code_inner\"><p>Du har gjort r\u00e4tt val genom att komma hit. \u00c4ven om v\u00e5ra semester\ni Lagos \u00e4r listade p\u00e5 VRBO och Airbnb, bokar du direkt via\nv\u00e5r hemsida kan du hyra fr\u00e5n \u00e4garen, vilket sparar dig fr\u00e5n\nextra avgifter eller provisioner som vanligtvis f\u00f6rknippas med byr\u00e5er\nuthyrning via f\u00f6rmedling i Algarve.<br>\nV\u00e4lj bara ett av husen ovan, och p\u00e5 detaljsidan kommer du att\nhitta ett alternativ f\u00f6r att v\u00e4lja dina semesterdatum och ber\u00e4kna\npris.<\/p>\n<p>Om du \u00e4r mer bekv\u00e4m med att boka via en bekant plattform,\n kan du hitta v\u00e5ra boenden p\u00e5 VRBO och Airbnb via l\u00e4nkarna nedan.\nT\u00e4nk dock p\u00e5 att dessa plattformar kan l\u00e4gga till provisioner\n f\u00f6r sina tj\u00e4nster.<\/p>\n  <a href=\"https:\/\/airbnb.com\/h\/amendoeira\" target=\"_blank\" rel=\"noopener\">Casa Amendoeira p\u00e5 Airbnb<\/a><br>\n    <a href=\"https:\/\/www.booking.com\/hotel\/pt\/fabulous-restored-townhouse-in-lagos-old-town-with-panoramic-roof-terrace.de.html\" target=\"_blank\" rel=\"noopener\">Casa Amendoeira p\u00e5 Booking.com<\/a>\n  <\/p>\n<p>\n  <a href=\"https:\/\/airbnb.com\/h\/casinhacanal\" target=\"_blank\" rel=\"noopener\">Casinha Canal p\u00e5 Airbnb<\/a><br>\n  <a href=\"https:\/\/www.booking.com\/hotel\/pt\/casinha-canal.de.html\" target=\"_blank\" rel=\"noopener\">Casinha Canal p\u00e5 Booking.com<\/a><\/p>\n  <\/p><\/div><\/div><\/div><div class=\"et_pb_column_10 et_pb_column et_pb_column_2_5 et-last-child et_block_column et_pb_css_mix_blend_mode_passthrough\"><div class=\"et_pb_image_2 et_pb_image et_pb_module et_block_module\"><a href=\"https:\/\/casa-amendoeira.com\/wp-content\/uploads\/2019\/06\/Surfers.jpg\" class=\"et_pb_lightbox_image\" alt=\"Airbnb in Lagos\"><span class=\"et_pb_image_wrap\"><img decoding=\"async\" src=\"https:\/\/casa-amendoeira.com\/wp-content\/uploads\/2019\/06\/Surfers.jpg\" width=\"1200\" height=\"800\" class=\"wp-image-805\" title=\"Airbnb i Lagos\" alt=\"Airbnb i Lagos\" \/><\/span><\/a><\/div><\/div><\/div><div class=\"et_pb_row_7 et_pb_row et_block_row\"><div class=\"et_pb_column_11 et_pb_column et_pb_column_4_4 et-last-child et_block_column et_pb_css_mix_blend_mode_passthrough\"><div class=\"et_pb_code_6 et_pb_code et_pb_module\"><div class=\"et_pb_code_inner\"><h2>Vad g\u00f6r Lagos till det perfekta semesterm\u00e5let?<\/h2><\/div><\/div><\/div><\/div><div class=\"et_pb_row_8 et_pb_row et_block_row\"><div class=\"et_pb_column_12 et_pb_column et_pb_column_2_5 et_block_column et_pb_css_mix_blend_mode_passthrough\"><div class=\"et_pb_image_3 et_pb_image et_pb_module et_block_module\"><a href=\"https:\/\/casa-amendoeira.com\/wp-content\/uploads\/2014\/11\/Coastline.jpg\" class=\"et_pb_lightbox_image\" alt=\"Praia Da Batata, Lagos\"><span class=\"et_pb_image_wrap\"><img decoding=\"async\" src=\"https:\/\/casa-amendoeira.com\/wp-content\/uploads\/2014\/11\/Coastline.jpg\" width=\"2048\" height=\"1152\" class=\"wp-image-153\" title=\"Semester p\u00e5 Algarves kustlinje\" alt=\"Praia Da Batata, Lagos\" \/><\/span><\/a><\/div><\/div><div class=\"et_pb_column_13 et_pb_column et_pb_column_3_5 et-last-child et_block_column et_pb_css_mix_blend_mode_passthrough\"><div class=\"et_pb_code_7 et_pb_code et_pb_module\"><div class=\"et_pb_code_inner\">Upplev tjusningen med Algarve, Portugals \u00e4lskade sydkust. Med sina fantastiska sandstr\u00e4nder, charmiga fiskebyar och ljuvliga klimat \u00e4r Algarve det perfekta resm\u00e5let f\u00f6r en minnesv\u00e4rd semester.<br>\nAlgarve har en rik m\u00e5ngfald av attraktioner. Fr\u00e5n familjev\u00e4nliga or\u00f6rda str\u00e4nder och sp\u00e4nnande vattenparker f\u00f6r \u00e4ventyrare, till pulserande nattliv f\u00f6r festprissar och historiska st\u00e4der f\u00f6r kulturentusiaster. Bortom de livliga st\u00e4derna kan du utforska \u00f6ver 200 kilometer hisnande kustlinje, majest\u00e4tiska bergiga inland och fridfulla naturreservat.<\/div><\/div><\/div><\/div><div class=\"et_pb_row_9 et_pb_row et_block_row\"><div class=\"et_pb_column_14 et_pb_column et_pb_column_3_5 et_block_column et_pb_css_mix_blend_mode_passthrough\"><div class=\"et_pb_text_0 et_pb_text et_pb_bg_layout_light et_pb_module et_block_module\"><div class=\"et_pb_text_inner\"><p>Algarve \u00e4r ett stressfritt resm\u00e5l f\u00f6r semestern: omr\u00e5det \u00e4r mycket s\u00e4kert, engelska talas allm\u00e4nt, hotellen h\u00e5ller en mycket h\u00f6g standard och portugiserna \u00e4r mycket v\u00e4lkomnande. Algarve \u00e4r inte bara ett fantastiskt semesterm\u00e5l, det \u00e4r ocks\u00e5 ett av de billigaste resm\u00e5len i Europa, mycket billigare \u00e4n Spanien, Grekland eller Frankrike.<br \/>Algarve har mycket att \u00e4lska, s\u00e5 l\u00e5t oss hj\u00e4lpa dig att planera din resa till detta fantastiska omr\u00e5de.<\/p>\n<p>De fyra st\u00f6rsta st\u00e4derna i regionen \u00e4r Albufeira, Lagos, Praia da Rocha och Vilamoura, som alla fyra erbjuder vackra str\u00e4nder, ett rikt nattliv och o\u00e4ndliga semesteraktiviteter.<br \/>Lagos \u00e4r v\u00e5r personliga favorit eftersom det \u00e4r en mer livlig stad \u00e4n de andra. Lagos har den mest portugisiska k\u00e4nslan av dem och kombinerar en historisk stad med vackra str\u00e4nder. Och naturligtvis har vi v\u00e5ra tv\u00e5 semesterhus i Lagos!<\/p>\n<p>Algarves v\u00e4stkust (nord- och sydkusten mellan Sagres och Odeceixe, cirka 30 minuters bilresa fr\u00e5n Lagos) \u00e4r utsatt f\u00f6r Atlantens kraft. Detta \u00e4r ett hisnande vackert omr\u00e5de med h\u00f6ga klippor, vindpinade str\u00e4nder och vidstr\u00e4ckta hav. Det finns n\u00e4stan ingen turismutveckling h\u00e4r.<\/p>\n<p>&nbsp;<\/p>\n<\/div><\/div><\/div><div class=\"et_pb_column_15 et_pb_column et_pb_column_2_5 et-last-child et_block_column et_pb_css_mix_blend_mode_passthrough\"><div class=\"et_pb_image_4 et_pb_image et_pb_module et_block_module\"><a href=\"https:\/\/casa-amendoeira.com\/wp-content\/uploads\/2019\/06\/RuaDaAmendoeira.jpg\" class=\"et_pb_lightbox_image\" alt=\"Holiday homes in Lagos\"><span class=\"et_pb_image_wrap\"><img decoding=\"async\" src=\"https:\/\/casa-amendoeira.com\/wp-content\/uploads\/2019\/06\/RuaDaAmendoeira.jpg\" width=\"2250\" height=\"3000\" class=\"wp-image-908\" title=\"Casa Amendoeira (till v\u00e4nster p\u00e5 bilden) p\u00e5 toppen av Rua da Amendoeira.\" alt=\"Semesterhus i Lagos\" \/><\/span><\/a><\/div><\/div><\/div><div class=\"et_pb_row_10 et_pb_row et_block_row\"><div class=\"et_pb_column_16 et_pb_column et_pb_column_4_4 et-last-child et_block_column et_pb_css_mix_blend_mode_passthrough\"><div class=\"et_pb_code_8 et_pb_code et_pb_module\"><div class=\"et_pb_code_inner\"><h2>Upplev charmen med att hyra ett semesterhus i Lagos?<\/h2><\/div><\/div><\/div><\/div><div class=\"et_pb_row_11 et_pb_row et_pb_gutters2 et_block_row\"><div class=\"et_pb_column_17 et_pb_column et_pb_column_1_2 et_block_column et_pb_css_mix_blend_mode_passthrough\"><div class=\"et_pb_blurb_2 et_pb_blurb et_pb_bg_layout_light et_pb_blurb_position_top et_clickable et_pb_module et_block_module\"><div class=\"et_pb_blurb_content\"><div class=\"et_pb_main_blurb_image\"><a href=\"https:\/\/casa-amendoeira.com\/en\/holiday-home-lagos\/\"><span class=\"et_pb_image_wrap et_pb_only_image_mode_wrap\"><img decoding=\"async\" src=\"https:\/\/casa-amendoeira.com\/wp-content\/uploads\/2019\/12\/CasaSofas-scaled.jpg\" width=\"2560\" height=\"1920\" class=\"et-waypoint et_pb_animation_top et_pb_animation_top_tablet et_pb_animation_top_phone wp-image-1549\" alt=\"Nya, bekv\u00e4ma sittplatser i vardagsrummet i Casa Amendoeira\" title=\"\"><\/span><\/a><\/div><div class=\"et_pb_blurb_container\"><h3 class=\"et_pb_module_header\"><a href=\"https:\/\/casa-amendoeira.com\/en\/holiday-home-lagos\/\">Upplev lyx p\u00e5 Casa Amendoeira i Lagos<\/a><\/h3><div class=\"et_pb_blurb_description\"><p>Casa \u00e4r ett renoverat hus i den historiska stadsk\u00e4rnan i Lagos, Portugal. 100 m\u00b2 boyta p\u00e5 tv\u00e5 v\u00e5ningar med tv\u00e5 sovrum och plats f\u00f6r upp till fyra personer. Promenad till stranden p\u00e5 10-15 minuter.<\/p>\n<\/div><\/div><\/div><\/div><div class=\"et_pb_module et_pb_button_module_wrapper et_pb_button_2_wrapper\"><a class=\"et_pb_button_2 et_pb_button et_pb_bg_layout_light et_pb_module et_block_module\" href=\"https:\/\/casa-amendoeira.com\/sv\/semesterhus-lagos\/\">Uppgifter om Casa Amendoeira<\/a><\/div><\/div><div class=\"et_pb_column_18 et_pb_column et_pb_column_1_2 et-last-child et_block_column et_pb_css_mix_blend_mode_passthrough\"><div class=\"et_pb_blurb_3 et_pb_blurb et_pb_bg_layout_light et_pb_blurb_position_top et_clickable et_pb_module et_block_module\"><div class=\"et_pb_blurb_content\"><div class=\"et_pb_main_blurb_image\"><a href=\"https:\/\/casa-amendoeira.com\/en\/holiday-home-algarve\/\"><span class=\"et_pb_image_wrap et_pb_only_image_mode_wrap\"><img decoding=\"async\" src=\"https:\/\/casa-amendoeira.com\/wp-content\/uploads\/2019\/06\/DSF6766.jpg\" width=\"1200\" height=\"853\" class=\"et-waypoint et_pb_animation_top et_pb_animation_top_tablet et_pb_animation_top_phone wp-image-1124\" alt=\"Ett perfekt hem f\u00f6r din semester i Algarve.\" title=\"\"><\/span><\/a><\/div><div class=\"et_pb_blurb_container\"><h3 class=\"et_pb_module_header\"><a href=\"https:\/\/casa-amendoeira.com\/en\/holiday-home-algarve\/\">Uppt\u00e4ck charmen med Casinha Canal i Lagos<\/a><\/h3><div class=\"et_pb_blurb_description\"><p>Marockanskt inspirerat semesterhus i Lagos historiska centrum. 80 m\u00b2 boyta med ett sovrum och plats f\u00f6r upp till tre personer. Casinha Canal \u00e4r ett charmigt, romantiskt gammalt radhus , med str\u00e4nder, restauranger, barer och butiker p\u00e5 g\u00e5ngavst\u00e5nd.<\/p>\n<\/div><\/div><\/div><\/div><div class=\"et_pb_module et_pb_button_module_wrapper et_pb_button_3_wrapper\"><a class=\"et_pb_button_3 et_pb_button et_pb_bg_layout_light et_pb_module et_block_module\" href=\"https:\/\/casa-amendoeira.com\/sv\/semesterhus-algarve\/\">Uppgifter om Casinha Canal<\/a><\/div><\/div><\/div><\/div><div class=\"et_pb_section_2 et_pb_section et_section_regular et_block_section\"><div class=\"et_pb_row_12 et_pb_row et_block_row\"><div class=\"et_pb_column_19 et_pb_column et_pb_column_4_4 et-last-child et_block_column et_pb_css_mix_blend_mode_passthrough\"><div class=\"et_pb_text_1 et_pb_text et_pb_bg_layout_light et_pb_module et_block_module\"><div class=\"et_pb_text_inner\"><p style=\"text-align: center;\">Lagos har n\u00e5got f\u00f6r alla. Gamla stan \u00e4r l\u00e4mplig f\u00f6r alla \u00e5ldrar, med m\u00e5nga sm\u00e5 butiker, coola barer f\u00f6r unga m\u00e4nniskor och eleganta restauranger f\u00f6r dem som vill ha en mer avslappnad kv\u00e4ll. Det \u00e4r ett popul\u00e4rt turistm\u00e5l som lockar bes\u00f6kare fr\u00e5n hela v\u00e4rlden med sin klippkantade kust, sina vackra landskap och sin livliga kultur. N\u00e5gra av de mest popul\u00e4ra attraktionerna i Lagos \u00e4r Praia do Camilo-stranden, Meia Praia-stranden och Lagos Marina. Staden \u00e4r ocks\u00e5 k\u00e4nd f\u00f6r sitt pulserande nattliv, med m\u00e5nga barer, klubbar och restauranger som h\u00e5ller \u00f6ppet l\u00e5ngt in p\u00e5 natten.<\/p>\n<p style=\"text-align: center;\">V\u00e5ra tv\u00e5 semesterhus i Lagos \u00e4r den b\u00e4sta basen f\u00f6r din semester i Algarves mest kosmopolitiska semesterort.<\/p>\n<p>&nbsp;<\/p>\n<h3 style=\"text-align: center;\">Vi skulle vara glada att f\u00e5 v\u00e4lkomna dig som g\u00e4st i v\u00e5ra semesterbost\u00e4der i Lagos inom kort.<\/h3>\n<\/div><\/div><\/div><\/div><\/div>","protected":false},"excerpt":{"rendered":"","protected":false},"author":1,"featured_media":0,"parent":0,"menu_order":0,"comment_status":"closed","ping_status":"closed","template":"","meta":{"footnotes":""},"simple-restrict-permission":[],"class_list":["post-312","page","type-page","status-publish","hentry"],"_links":{"self":[{"href":"https:\/\/casa-amendoeira.com\/sv\/wp-json\/wp\/v2\/pages\/312","targetHints":{"allow":["GET"]}}],"collection":[{"href":"https:\/\/casa-amendoeira.com\/sv\/wp-json\/wp\/v2\/pages"}],"about":[{"href":"https:\/\/casa-amendoeira.com\/sv\/wp-json\/wp\/v2\/types\/page"}],"author":[{"embeddable":true,"href":"https:\/\/casa-amendoeira.com\/sv\/wp-json\/wp\/v2\/users\/1"}],"replies":[{"embeddable":true,"href":"https:\/\/casa-amendoeira.com\/sv\/wp-json\/wp\/v2\/comments?post=312"}],"version-history":[{"count":5,"href":"https:\/\/casa-amendoeira.com\/sv\/wp-json\/wp\/v2\/pages\/312\/revisions"}],"predecessor-version":[{"id":4184,"href":"https:\/\/casa-amendoeira.com\/sv\/wp-json\/wp\/v2\/pages\/312\/revisions\/4184"}],"wp:attachment":[{"href":"https:\/\/casa-amendoeira.com\/sv\/wp-json\/wp\/v2\/media?parent=312"}],"wp:term":[{"taxonomy":"simple-restrict-permission","embeddable":true,"href":"https:\/\/casa-amendoeira.com\/sv\/wp-json\/wp\/v2\/simple-restrict-permission?post=312"}],"curies":[{"name":"wp","href":"https:\/\/api.w.org\/{rel}","templated":true}]}}