{"id":746,"date":"2019-06-19T17:16:10","date_gmt":"2019-06-19T15:16:10","guid":{"rendered":"https:\/\/casa-amendoeira.com\/?page_id=746"},"modified":"2026-01-05T15:25:45","modified_gmt":"2026-01-05T13:25:45","slug":"tryck-pa","status":"publish","type":"page","link":"https:\/\/casa-amendoeira.com\/sv\/imprint\/","title":{"rendered":"Imprint \/ ansvarsfriskrivning"},"content":{"rendered":"<div class=\"et_pb_section_0 et_pb_section et_pb_fullwidth_section et_section_regular et_block_section\"><section class=\"et_pb_fullwidth_header_0 et_pb_fullwidth_header et_pb_bg_layout_dark et_pb_text_align_left et_pb_module et_flex_module\"><div class=\"et_pb_fullwidth_header_container left\"><div class=\"header-content-container center\"><div class=\"header-content et_flex_module\"><h1 class=\"et_pb_module_header\">Imprint \/ ansvarsfriskrivning<\/h1><div class=\"et_pb_header_button_wrapper\"><\/div><\/div><\/div><\/div><div class=\"et_pb_fullwidth_header_overlay\"><\/div><div class=\"et_pb_fullwidth_header_scroll\"><\/div><\/section><\/div><div class=\"et_pb_section_1 et_pb_section et_section_regular et_block_section\"><div class=\"et_pb_row_0 et_pb_row et_block_row\"><div class=\"et_pb_column_0 et_pb_column et_pb_column_4_4 et-last-child et_block_column et_pb_css_mix_blend_mode_passthrough\"><div class=\"et_pb_text_0 et_pb_text et_pb_bg_layout_light et_pb_module et_block_module\"><div class=\"et_pb_text_inner\"><h2>Tryck<\/p>\n<p>Uppgifter enligt \u00a7 5 TMG<\/h2>\n<p>Marc Mennigmann<br \/>\nPedra Branca Caixa Postal 310-M<br \/>\n8600-253 Odiaxere<br \/>\nPortugal\n<\/p>\n<h2>Kontakt<\/h2>\n<p>Telefon: +351 911 919 817<br \/> E-post: bookings@casa-amendoeira.com<\/p>\n<h2>Ansvarligt f\u00f6r den inneh\u00e5ll enligt \u00a7 55 Abs. 2 RStV<\/h2>\n<p>Marc Mennigmann, Adressdaten wie oben<\/p>\n<h3>Ansvar f\u00f6r inneh\u00e5ll<\/h3>\n<p>Som tj\u00e4nsteleverant\u00f6rer \u00e4r vi ansvariga f\u00f6r det egna inneh\u00e5llet p\u00e5 dessa webbplatser enligt \u00a7 7, punkt 1 i den tyska telemedielagen (TMG). Enligt \u00a7 8-10 i den tyska telemedielagen (TMG) \u00e4r tj\u00e4nsteleverant\u00f6rerna dock inte skyldiga att permanent \u00f6vervaka inl\u00e4mnad eller lagrad information eller att s\u00f6ka efter bevis som tyder p\u00e5 olaglig verksamhet.<br \/> De r\u00e4ttsliga skyldigheterna att ta bort information eller att blockera anv\u00e4ndningen av information f\u00f6rblir oemotsagda. I detta fall \u00e4r ansvar endast m\u00f6jligt vid tidpunkten f\u00f6r k\u00e4nnedom om en specifik lag\u00f6vertr\u00e4delse. Olagligt inneh\u00e5ll kommer att tas bort omedelbart n\u00e4r vi f\u00e5r k\u00e4nnedom om det.<\/p>\n<h3>Ansvar f\u00f6r l\u00e4nkar<\/h3>\n<p>V\u00e5rt erbjudande inneh\u00e5ller l\u00e4nkar till externa webbplatser fr\u00e5n tredje part. Vi har inget inflytande \u00f6ver inneh\u00e5llet p\u00e5 dessa webbplatser och kan d\u00e4rf\u00f6r inte garantera inneh\u00e5llet. Leverant\u00f6rer eller administrat\u00f6rer av l\u00e4nkade webbplatser \u00e4r alltid ansvariga f\u00f6r sitt eget inneh\u00e5ll.<br \/> De l\u00e4nkade webbplatserna hade kontrollerats med avseende p\u00e5 eventuella lag\u00f6vertr\u00e4delser n\u00e4r l\u00e4nken uppr\u00e4ttades. Olagligt inneh\u00e5ll uppt\u00e4cktes inte vid tidpunkten f\u00f6r l\u00e4nkningen. En permanent \u00f6vervakning av inneh\u00e5llet p\u00e5 l\u00e4nkade webbplatser kan inte inf\u00f6ras om det inte finns rimliga indikationer p\u00e5 att det har skett en lag\u00f6vertr\u00e4delse. Olagliga l\u00e4nkar kommer att tas bort omedelbart n\u00e4r vi f\u00e5r k\u00e4nnedom om dem.<\/p>\n<h3>Upphovsr\u00e4tt<\/h3>\n<p>Inneh\u00e5ll och sammanst\u00e4llningar som publiceras p\u00e5 dessa webbplatser av leverant\u00f6rerna omfattas av tysk upphovsr\u00e4ttslagstiftning. Reproduktion, redigering, distribution och anv\u00e4ndning av n\u00e5got slag utanf\u00f6r upphovsr\u00e4ttslagen kr\u00e4ver skriftligt tillst\u00e5nd fr\u00e5n f\u00f6rfattaren eller upphovsmannen. Nedladdningar och kopior av dessa webbplatser \u00e4r endast till\u00e5tna f\u00f6r privat bruk.<br \/> Kommersiell anv\u00e4ndning av v\u00e5rt inneh\u00e5ll utan tillst\u00e5nd fr\u00e5n upphovsmannen \u00e4r f\u00f6rbjuden.<br \/> Tredje parts upphovsr\u00e4ttslagar respekteras s\u00e5 l\u00e4nge inneh\u00e5llet p\u00e5 dessa webbplatser inte kommer fr\u00e5n leverant\u00f6ren. Bidrag fr\u00e5n tredje part p\u00e5 denna webbplats anges som s\u00e5dana. Men om du m\u00e4rker n\u00e5gra brott mot upphovsr\u00e4ttslagen, v\u00e4nligen informera oss om detta. S\u00e5dant inneh\u00e5ll kommer att tas bort omedelbart.<\/p>\n<p>Quelle: <a href=\"https:\/\/www.e-recht24.de\/impressum-generator.html\" target=\"_blank\" rel=\"noopener\">https:\/\/www.e-recht24.de\/impressum-generator.html<\/a><\/p>\n<\/div><\/div><\/div><\/div><\/div>","protected":false},"excerpt":{"rendered":"","protected":false},"author":1,"featured_media":0,"parent":0,"menu_order":0,"comment_status":"closed","ping_status":"closed","template":"","meta":{"footnotes":""},"simple-restrict-permission":[],"class_list":["post-746","page","type-page","status-publish","hentry"],"_links":{"self":[{"href":"https:\/\/casa-amendoeira.com\/sv\/wp-json\/wp\/v2\/pages\/746","targetHints":{"allow":["GET"]}}],"collection":[{"href":"https:\/\/casa-amendoeira.com\/sv\/wp-json\/wp\/v2\/pages"}],"about":[{"href":"https:\/\/casa-amendoeira.com\/sv\/wp-json\/wp\/v2\/types\/page"}],"author":[{"embeddable":true,"href":"https:\/\/casa-amendoeira.com\/sv\/wp-json\/wp\/v2\/users\/1"}],"replies":[{"embeddable":true,"href":"https:\/\/casa-amendoeira.com\/sv\/wp-json\/wp\/v2\/comments?post=746"}],"version-history":[{"count":1,"href":"https:\/\/casa-amendoeira.com\/sv\/wp-json\/wp\/v2\/pages\/746\/revisions"}],"predecessor-version":[{"id":4188,"href":"https:\/\/casa-amendoeira.com\/sv\/wp-json\/wp\/v2\/pages\/746\/revisions\/4188"}],"wp:attachment":[{"href":"https:\/\/casa-amendoeira.com\/sv\/wp-json\/wp\/v2\/media?parent=746"}],"wp:term":[{"taxonomy":"simple-restrict-permission","embeddable":true,"href":"https:\/\/casa-amendoeira.com\/sv\/wp-json\/wp\/v2\/simple-restrict-permission?post=746"}],"curies":[{"name":"wp","href":"https:\/\/api.w.org\/{rel}","templated":true}]}}